{"id":342,"date":"2021-03-16T12:13:37","date_gmt":"2021-03-16T12:13:37","guid":{"rendered":"http:\/\/autolane.qreativethemes.com\/?page_id=342"},"modified":"2026-03-06T00:19:28","modified_gmt":"2026-03-06T00:19:28","slug":"perfomance","status":"publish","type":"page","link":"https:\/\/www.autopro1.be\/index.php\/services\/perfomance\/","title":{"rendered":"Performance"},"content":{"rendered":"\t\t<div data-elementor-type=\"wp-page\" data-elementor-id=\"342\" class=\"elementor elementor-342\">\n\t\t\t\t\t\t<section class=\"elementor-section elementor-top-section elementor-element elementor-element-42223a2 elementor-section-boxed elementor-section-height-default elementor-section-height-default\" data-id=\"42223a2\" data-element_type=\"section\" data-e-type=\"section\">\n\t\t\t\t\t\t<div class=\"elementor-container elementor-column-gap-default\">\n\t\t\t\t\t<div class=\"elementor-column elementor-col-50 elementor-top-column elementor-element elementor-element-1406e9f\" data-id=\"1406e9f\" data-element_type=\"column\" data-e-type=\"column\">\n\t\t\t<div class=\"elementor-widget-wrap elementor-element-populated\">\n\t\t\t\t\t\t<div class=\"elementor-element elementor-element-47a5b42 elementor-invisible elementor-widget elementor-widget-text-editor\" data-id=\"47a5b42\" data-element_type=\"widget\" data-e-type=\"widget\" data-settings=\"{&quot;_animation&quot;:&quot;fadeIn&quot;}\" data-widget_type=\"text-editor.default\">\n\t\t\t\t\t\t\t\t\t<h3>Qu&rsquo;est-ce que le r\u00e9glage des performances ?<\/h3><p>Nous proposons une vaste gamme de produits de performance, notamment des composants d&rsquo;optimisation pour moteur, transmission et ch\u00e2ssis. Ces produits enti\u00e8rement reprogramm\u00e9s optimisent la puissance et les performances tout en pr\u00e9servant les dispositifs de s\u00e9curit\u00e9 d&rsquo;origine du v\u00e9hicule.<\/p>\t\t\t\t\t\t\t\t<\/div>\n\t\t\t\t<div class=\"elementor-element elementor-element-b891b3d elementor-invisible elementor-widget elementor-widget-text-editor\" data-id=\"b891b3d\" data-element_type=\"widget\" data-e-type=\"widget\" data-settings=\"{&quot;_animation&quot;:&quot;fadeIn&quot;}\" data-widget_type=\"text-editor.default\">\n\t\t\t\t\t\t\t\t\t<h3>Les avantages du r\u00e9glage moteur<\/h3><p>Que vous recherchiez un gain de puissance subtil et une sonorit\u00e9 d&rsquo;\u00e9chappement plus affirm\u00e9e, ou une v\u00e9ritable b\u00eate de course pour la route ou la piste, nous pouvons concevoir une configuration adapt\u00e9e \u00e0 vos besoins.<\/p><p>Notre gamme de pi\u00e8ces d\u00e9tach\u00e9es est tr\u00e8s \u00e9tendue. Am\u00e9liorations turbo, \u00e9changeurs, syst\u00e8mes d&rsquo;admission, allumage\u00a0: nous avons tout ce qu&rsquo;il vous faut. Sans oublier les excellents produits propos\u00e9s par nos partenaires.<\/p>\t\t\t\t\t\t\t\t<\/div>\n\t\t\t\t\t<\/div>\n\t\t<\/div>\n\t\t\t\t<div class=\"elementor-column elementor-col-50 elementor-top-column elementor-element elementor-element-5d30d54\" data-id=\"5d30d54\" data-element_type=\"column\" data-e-type=\"column\" data-settings=\"{&quot;background_background&quot;:&quot;classic&quot;}\">\n\t\t\t<div class=\"elementor-widget-wrap elementor-element-populated\">\n\t\t\t\t\t\t<div class=\"elementor-element elementor-element-4b08f15 elementor-invisible elementor-widget elementor-widget-qt-pricing-table\" data-id=\"4b08f15\" data-element_type=\"widget\" data-e-type=\"widget\" data-settings=\"{&quot;_animation&quot;:&quot;fadeIn&quot;}\" data-widget_type=\"qt-pricing-table.default\">\n\t\t\t\t\t\n        <div class=\"pricing-table\">\n\n            \n                            <h5 class=\"pricing-table__title\">R\u00e9glage des performances<\/h5>\n            \n                            <span class=\"pricing-table__subtitle\">R\u00e9glez votre v\u00e9hicule en toute s\u00e9curit\u00e9 et avec pr\u00e9cision.<\/span>\n            \n            <div class=\"pricing-table__pricing\">\n\n                                    <span class=\"pricing-table__currency\">\u20ac<\/span>\n                \n                                    <span class=\"pricing-table__price\">125<\/span>\n                                \n                                    <span class=\"pricing-table__after__price\">\/ taux horaire<\/span>\n                \n            <\/div>\n\n                            <div class=\"pricing-table__label\">\n                    Avec des pi\u00e8ces fournies par Autopro1                <\/div>\n            \n                            <div class=\"pricing-table__button\">\n                    <a href=\"https:\/\/autolane.qreativethemes.com\/book-appointment\/\" class=\"btn btn-default\">Make Appointment<\/a>\n                <\/div>\n            \n            \n                <div class=\"pricing-table__content\">\n\n                                            <span class=\"pricing-table__content__title\">Tous les services de r\u00e9glage :<\/span>\n                    \n                                            <div class=\"pricing-table__included\">\n                            <ul>\n                                                                        <li>\n                                                                                            <i aria-hidden=\"true\" class=\"fas fa-arrow-circle-right\"><\/i>                                                                                        Reprogrammation du calculateur moteur APR                                        <\/li>\n                                                                                <li>\n                                                                                            <i aria-hidden=\"true\" class=\"fas fa-arrow-circle-right\"><\/i>                                                                                        Suspension et am\u00e9liorations de performance                                        <\/li>\n                                                                                <li>\n                                                                                            <i aria-hidden=\"true\" class=\"fas fa-arrow-circle-right\"><\/i>                                                                                        Am\u00e9liorations et syst\u00e8mes d'\u00e9chappement                                        <\/li>\n                                                                                <li>\n                                                                                            <i aria-hidden=\"true\" class=\"fas fa-arrow-circle-right\"><\/i>                                                                                        Kits turbo et compresseurs am\u00e9lior\u00e9s                                        <\/li>\n                                                                    <\/ul>\n                        <\/div>\n                    \n                    \n                <\/div>\n\n            \n        <\/div>\n\n        \t\t\t\t<\/div>\n\t\t\t\t\t<\/div>\n\t\t<\/div>\n\t\t\t\t\t<\/div>\n\t\t<\/section>\n\t\t\t\t<section class=\"elementor-section elementor-top-section elementor-element elementor-element-125caf9 elementor-section-content-middle elementor-section-boxed elementor-section-height-default elementor-section-height-default\" data-id=\"125caf9\" data-element_type=\"section\" data-e-type=\"section\">\n\t\t\t\t\t\t<div class=\"elementor-container elementor-column-gap-default\">\n\t\t\t\t\t<div class=\"elementor-column elementor-col-50 elementor-top-column elementor-element elementor-element-165f3d9\" data-id=\"165f3d9\" data-element_type=\"column\" data-e-type=\"column\">\n\t\t\t<div class=\"elementor-widget-wrap elementor-element-populated\">\n\t\t\t\t\t\t<div class=\"elementor-element elementor-element-0c79062 elementor-invisible elementor-widget elementor-widget-image\" data-id=\"0c79062\" data-element_type=\"widget\" data-e-type=\"widget\" data-settings=\"{&quot;_animation&quot;:&quot;fadeIn&quot;}\" data-widget_type=\"image.default\">\n\t\t\t\t\t\t\t\t\t\t\t\t\t\t\t\t<a href=\"http:\/\/www.autopro1.be\/wp-content\/uploads\/2026\/03\/performance.jpg\" data-elementor-open-lightbox=\"yes\" data-elementor-lightbox-title=\"performance\" data-e-action-hash=\"#elementor-action%3Aaction%3Dlightbox%26settings%3DeyJpZCI6MjQ5NiwidXJsIjoiaHR0cHM6XC9cL3d3dy5hdXRvcHJvMS5iZVwvd3AtY29udGVudFwvdXBsb2Fkc1wvMjAyNlwvMDNcL3BlcmZvcm1hbmNlLmpwZyJ9\">\n\t\t\t\t\t\t\t<img fetchpriority=\"high\" decoding=\"async\" width=\"850\" height=\"560\" src=\"https:\/\/www.autopro1.be\/wp-content\/uploads\/2026\/03\/performance.jpg\" class=\"attachment-full size-full wp-image-2496\" alt=\"\" srcset=\"https:\/\/www.autopro1.be\/wp-content\/uploads\/2026\/03\/performance.jpg 850w, https:\/\/www.autopro1.be\/wp-content\/uploads\/2026\/03\/performance-300x198.jpg 300w, https:\/\/www.autopro1.be\/wp-content\/uploads\/2026\/03\/performance-768x506.jpg 768w, https:\/\/www.autopro1.be\/wp-content\/uploads\/2026\/03\/performance-360x237.jpg 360w, https:\/\/www.autopro1.be\/wp-content\/uploads\/2026\/03\/performance-600x395.jpg 600w\" sizes=\"(max-width: 850px) 100vw, 850px\" \/>\t\t\t\t\t\t\t\t<\/a>\n\t\t\t\t\t\t\t\t\t\t\t\t\t\t\t<\/div>\n\t\t\t\t\t<\/div>\n\t\t<\/div>\n\t\t\t\t<div class=\"elementor-column elementor-col-50 elementor-top-column elementor-element elementor-element-b28db2e\" data-id=\"b28db2e\" data-element_type=\"column\" data-e-type=\"column\" data-settings=\"{&quot;background_background&quot;:&quot;classic&quot;}\">\n\t\t\t<div class=\"elementor-widget-wrap elementor-element-populated\">\n\t\t\t\t\t\t<div class=\"elementor-element elementor-element-0644cfc elementor-invisible elementor-widget elementor-widget-image\" data-id=\"0644cfc\" data-element_type=\"widget\" data-e-type=\"widget\" data-settings=\"{&quot;_animation&quot;:&quot;fadeIn&quot;}\" data-widget_type=\"image.default\">\n\t\t\t\t\t\t\t\t\t\t\t\t\t\t\t\t<a href=\"http:\/\/www.autopro1.be\/wp-content\/uploads\/2026\/03\/performance-2-1.jpg\" data-elementor-open-lightbox=\"yes\" data-elementor-lightbox-title=\"performance-2 (1)\" data-e-action-hash=\"#elementor-action%3Aaction%3Dlightbox%26settings%3DeyJpZCI6MjQ5NSwidXJsIjoiaHR0cHM6XC9cL3d3dy5hdXRvcHJvMS5iZVwvd3AtY29udGVudFwvdXBsb2Fkc1wvMjAyNlwvMDNcL3BlcmZvcm1hbmNlLTItMS5qcGcifQ%3D%3D\">\n\t\t\t\t\t\t\t<img decoding=\"async\" width=\"850\" height=\"560\" src=\"https:\/\/www.autopro1.be\/wp-content\/uploads\/2026\/03\/performance-2-1.jpg\" class=\"attachment-full size-full wp-image-2495\" alt=\"\" srcset=\"https:\/\/www.autopro1.be\/wp-content\/uploads\/2026\/03\/performance-2-1.jpg 850w, https:\/\/www.autopro1.be\/wp-content\/uploads\/2026\/03\/performance-2-1-300x198.jpg 300w, https:\/\/www.autopro1.be\/wp-content\/uploads\/2026\/03\/performance-2-1-768x506.jpg 768w, https:\/\/www.autopro1.be\/wp-content\/uploads\/2026\/03\/performance-2-1-360x237.jpg 360w, https:\/\/www.autopro1.be\/wp-content\/uploads\/2026\/03\/performance-2-1-600x395.jpg 600w\" sizes=\"(max-width: 850px) 100vw, 850px\" \/>\t\t\t\t\t\t\t\t<\/a>\n\t\t\t\t\t\t\t\t\t\t\t\t\t\t\t<\/div>\n\t\t\t\t\t<\/div>\n\t\t<\/div>\n\t\t\t\t\t<\/div>\n\t\t<\/section>\n\t\t\t\t<section class=\"elementor-section elementor-top-section elementor-element elementor-element-4896140 elementor-section-content-middle elementor-section-boxed elementor-section-height-default elementor-section-height-default elementor-invisible\" data-id=\"4896140\" data-element_type=\"section\" data-e-type=\"section\" data-settings=\"{&quot;background_background&quot;:&quot;classic&quot;,&quot;animation&quot;:&quot;fadeIn&quot;}\">\n\t\t\t\t\t\t\t<div class=\"elementor-background-overlay\"><\/div>\n\t\t\t\t\t\t\t<div class=\"elementor-container elementor-column-gap-extended\">\n\t\t\t\t\t<div class=\"elementor-column elementor-col-50 elementor-top-column elementor-element elementor-element-a30f71d elementor-invisible\" data-id=\"a30f71d\" data-element_type=\"column\" data-e-type=\"column\" data-settings=\"{&quot;animation&quot;:&quot;fadeIn&quot;,&quot;animation_delay&quot;:200}\">\n\t\t\t<div class=\"elementor-widget-wrap elementor-element-populated\">\n\t\t\t\t\t\t<div class=\"elementor-element elementor-element-0347a1d elementor-widget elementor-widget-text-editor\" data-id=\"0347a1d\" data-element_type=\"widget\" data-e-type=\"widget\" data-widget_type=\"text-editor.default\">\n\t\t\t\t\t\t\t\t\t<h3>Principaux avantages du service<\/h3><p>Faire entretenir r\u00e9guli\u00e8rement votre voiture vous permet de vous assurer que tout fonctionne correctement et aussi d&rsquo;\u00e9viter de tels probl\u00e8mes avant qu&rsquo;ils ne surviennent.<\/p>\t\t\t\t\t\t\t\t<\/div>\n\t\t\t\t<div class=\"elementor-element elementor-element-6c1b559 elementor-icon-list--layout-traditional elementor-list-item-link-full_width elementor-widget elementor-widget-icon-list\" data-id=\"6c1b559\" data-element_type=\"widget\" data-e-type=\"widget\" data-widget_type=\"icon-list.default\">\n\t\t\t\t\t\t\t<ul class=\"elementor-icon-list-items\">\n\t\t\t\t\t\t\t<li class=\"elementor-icon-list-item\">\n\t\t\t\t\t\t\t\t\t\t\t<span class=\"elementor-icon-list-icon\">\n\t\t\t\t\t\t\t<i aria-hidden=\"true\" class=\"fas fa-check-circle\"><\/i>\t\t\t\t\t\t<\/span>\n\t\t\t\t\t\t\t\t\t\t<span class=\"elementor-icon-list-text\">Des services sp\u00e9cialis\u00e9s, adapt\u00e9s \u00e0 vos besoins<\/span>\n\t\t\t\t\t\t\t\t\t<\/li>\n\t\t\t\t\t\t\t\t<li class=\"elementor-icon-list-item\">\n\t\t\t\t\t\t\t\t\t\t\t<span class=\"elementor-icon-list-icon\">\n\t\t\t\t\t\t\t<i aria-hidden=\"true\" class=\"fas fa-check-circle\"><\/i>\t\t\t\t\t\t<\/span>\n\t\t\t\t\t\t\t\t\t\t<span class=\"elementor-icon-list-text\">Produits chimiques 100% respectueux de l'environnement<\/span>\n\t\t\t\t\t\t\t\t\t<\/li>\n\t\t\t\t\t\t\t\t<li class=\"elementor-icon-list-item\">\n\t\t\t\t\t\t\t\t\t\t\t<span class=\"elementor-icon-list-icon\">\n\t\t\t\t\t\t\t<i aria-hidden=\"true\" class=\"fas fa-check-circle\"><\/i>\t\t\t\t\t\t<\/span>\n\t\t\t\t\t\t\t\t\t\t<span class=\"elementor-icon-list-text\">Des services dignes de confiance, fiables et ponctuels<\/span>\n\t\t\t\t\t\t\t\t\t<\/li>\n\t\t\t\t\t\t\t\t<li class=\"elementor-icon-list-item\">\n\t\t\t\t\t\t\t\t\t\t\t<span class=\"elementor-icon-list-icon\">\n\t\t\t\t\t\t\t<i aria-hidden=\"true\" class=\"fas fa-check-circle\"><\/i>\t\t\t\t\t\t<\/span>\n\t\t\t\t\t\t\t\t\t\t<span class=\"elementor-icon-list-text\">Nous fournissons tous les \u00e9quipements et solutions automobiles.<\/span>\n\t\t\t\t\t\t\t\t\t<\/li>\n\t\t\t\t\t\t<\/ul>\n\t\t\t\t\t\t<\/div>\n\t\t\t\t\t<\/div>\n\t\t<\/div>\n\t\t\t\t<div class=\"elementor-column elementor-col-50 elementor-top-column elementor-element elementor-element-69f3f20 elementor-invisible\" data-id=\"69f3f20\" data-element_type=\"column\" data-e-type=\"column\" data-settings=\"{&quot;animation&quot;:&quot;fadeIn&quot;,&quot;animation_delay&quot;:300}\">\n\t\t\t<div class=\"elementor-widget-wrap elementor-element-populated\">\n\t\t\t\t\t\t<div class=\"elementor-element elementor-element-8ff8be4 elementor-widget elementor-widget-qt-icon-box\" data-id=\"8ff8be4\" data-element_type=\"widget\" data-e-type=\"widget\" data-widget_type=\"qt-icon-box.default\">\n\t\t\t\t\t            <div class=\"icon-box icon-left align-left layout-2 underline-hover\">\n        \n                    <div class=\"icon-box__icon\">\n                <i aria-hidden=\"true\" class=\"fas fa-power-off\"><\/i>            <\/div>\n        \n        <div class=\"icon-box__content\">\n                            <h5 class=\"icon-box__heading\">Am\u00e9liorer la puissance<\/h5>\n            \n                            <p>Une augmentation significative de la puissance et du couple<\/p>\n            \n                    <\/div>\n\n        <\/div>\n        \n    \t\t\t\t<\/div>\n\t\t\t\t<div class=\"elementor-element elementor-element-87dabb3 elementor-widget elementor-widget-qt-icon-box\" data-id=\"87dabb3\" data-element_type=\"widget\" data-e-type=\"widget\" data-widget_type=\"qt-icon-box.default\">\n\t\t\t\t\t            <div class=\"icon-box icon-left align-left layout-2 underline-hover\">\n        \n                    <div class=\"icon-box__icon\">\n                <i aria-hidden=\"true\" class=\"fas fa-search-dollar\"><\/i>            <\/div>\n        \n        <div class=\"icon-box__content\">\n                            <h5 class=\"icon-box__heading\">Am\u00e9liorations abordables<\/h5>\n            \n                            <p>L'accessibilit\u00e9 financi\u00e8re d\u00e9coule de la facilit\u00e9 d'installation<\/p>\n            \n                    <\/div>\n\n        <\/div>\n        \n    \t\t\t\t<\/div>\n\t\t\t\t\t<\/div>\n\t\t<\/div>\n\t\t\t\t\t<\/div>\n\t\t<\/section>\n\t\t\t\t<section class=\"elementor-section elementor-top-section elementor-element elementor-element-a9543b6 elementor-section-boxed elementor-section-height-default elementor-section-height-default\" data-id=\"a9543b6\" data-element_type=\"section\" data-e-type=\"section\">\n\t\t\t\t\t\t<div class=\"elementor-container elementor-column-gap-extended\">\n\t\t\t\t\t<div class=\"elementor-column elementor-col-100 elementor-top-column elementor-element elementor-element-b8f3106\" data-id=\"b8f3106\" data-element_type=\"column\" data-e-type=\"column\">\n\t\t\t<div class=\"elementor-widget-wrap elementor-element-populated\">\n\t\t\t\t\t\t<div class=\"elementor-element elementor-element-3d473d6 elementor-invisible elementor-widget elementor-widget-heading\" data-id=\"3d473d6\" data-element_type=\"widget\" data-e-type=\"widget\" data-settings=\"{&quot;_animation&quot;:&quot;fadeIn&quot;}\" data-widget_type=\"heading.default\">\n\t\t\t\t\t<h2 class=\"elementor-heading-title elementor-size-default\">Foire aux questions<\/h2>\t\t\t\t<\/div>\n\t\t\t\t<div class=\"elementor-element elementor-element-a5addb6 elementor-invisible elementor-widget elementor-widget-qt-accordion\" data-id=\"a5addb6\" data-element_type=\"widget\" data-e-type=\"widget\" data-settings=\"{&quot;_animation&quot;:&quot;fadeIn&quot;}\" data-widget_type=\"qt-accordion.default\">\n\t\t\t\t\t\n        <div class=\"accordion\" id=\"accordion-0\" data-panel=\"accordion-0\">\n\n            \n                <div class=\"accordion__panel\">\n                    <div class=\"accordion__heading\">\n                        <h6 class=\"accordion__title\">\n                            <a class=\"accordion__toggle\" data-toggle=\"collapse\" data-parent=\"#accordion-0\" href=\"#collapse_0\" aria-expanded=\"true\">Que couvrent les garanties prolong\u00e9es\u00a0?                            <\/a>\n                        <\/h6>\n                    <\/div>\n\n                    <div id=\"collapse_0\" class=\"accordion__content collapse show\" aria-label=\"Que couvrent les garanties prolong\u00e9es\u00a0?\" data-parent=\"#accordion-0\">\n                        <div class=\"accordion__body\"><p>Une garantie prolong\u00e9e est en r\u00e9alit\u00e9 une assurance pour votre v\u00e9hicule, une protection contre les r\u00e9parations co\u00fbteuses et impr\u00e9vues. Elle couvre les r\u00e9parations pendant une p\u00e9riode et un kilom\u00e9trage convenus. Les garanties compl\u00e8tes, en revanche, sont incluses dans le prix du produit.<\/p>\n<\/div>\n                    <\/div>\n                <\/div>\n\n            \n                <div class=\"accordion__panel\">\n                    <div class=\"accordion__heading\">\n                        <h6 class=\"accordion__title\">\n                            <a class=\"accordion__toggle\" data-toggle=\"collapse\" data-parent=\"#accordion-0\" href=\"#collapse_1\" aria-expanded=\"false\">Comment v\u00e9rifier le niveau d'huile de transmission\u00a0?                            <\/a>\n                        <\/h6>\n                    <\/div>\n\n                    <div id=\"collapse_1\" class=\"accordion__content collapse\" aria-label=\"Comment v\u00e9rifier le niveau d&#039;huile de transmission\u00a0?\" data-parent=\"#accordion-0\">\n                        <div class=\"accordion__body\"><p>Il est recommand\u00e9 de vidanger l'huile de transmission tous les 96\u00a0000 kilom\u00e8tres. En respectant les recommandations du constructeur concernant la vidange de l'huile de transmission, vous prot\u00e9gez efficacement votre v\u00e9hicule contre les dommages \u00e9vitables (et co\u00fbteux) \u00e0 la transmission.<\/p>\n<\/div>\n                    <\/div>\n                <\/div>\n\n            \n                <div class=\"accordion__panel\">\n                    <div class=\"accordion__heading\">\n                        <h6 class=\"accordion__title\">\n                            <a class=\"accordion__toggle\" data-toggle=\"collapse\" data-parent=\"#accordion-0\" href=\"#collapse_2\" aria-expanded=\"false\">\u00c0 quelle fr\u00e9quence dois-je changer mon huile moteur ?                            <\/a>\n                        <\/h6>\n                    <\/div>\n\n                    <div id=\"collapse_2\" class=\"accordion__content collapse\" aria-label=\"\u00c0 quelle fr\u00e9quence dois-je changer mon huile moteur ?\" data-parent=\"#accordion-0\">\n                        <div class=\"accordion__body\"><p>Si votre v\u00e9hicule utilise de l'huile min\u00e9rale, la vidange doit \u00eatre effectu\u00e9e tous les 3 mois ou 5\u00a0000 kilom\u00e8tres.<\/p>\n<p>Si votre v\u00e9hicule utilise de l'huile synth\u00e9tique, la vidange doit \u00eatre effectu\u00e9e tous les 6 mois ou 8\u00a0000 kilom\u00e8tres.<\/p>\n<\/div>\n                    <\/div>\n                <\/div>\n\n            \n                <div class=\"accordion__panel\">\n                    <div class=\"accordion__heading\">\n                        <h6 class=\"accordion__title\">\n                            <a class=\"accordion__toggle\" data-toggle=\"collapse\" data-parent=\"#accordion-0\" href=\"#collapse_3\" aria-expanded=\"false\">Quels sont les crit\u00e8res \u00e0 prendre en compte lors de l'achat d'une batterie automobile\u00a0?                            <\/a>\n                        <\/h6>\n                    <\/div>\n\n                    <div id=\"collapse_3\" class=\"accordion__content collapse\" aria-label=\"Quels sont les crit\u00e8res \u00e0 prendre en compte lors de l&#039;achat d&#039;une batterie automobile\u00a0?\" data-parent=\"#accordion-0\">\n                        <div class=\"accordion__body\"><p>La dur\u00e9e de vie id\u00e9ale d'une batterie de voiture est de 3 \u00e0 5 ans, selon plusieurs facteurs.<\/p>\n<p>Pour garantir des performances optimales et un entretien ad\u00e9quat, faites v\u00e9rifier votre batterie par un technicien \u00e0 chaque vidange.<\/p>\n<\/div>\n                    <\/div>\n                <\/div>\n\n            \n                <div class=\"accordion__panel\">\n                    <div class=\"accordion__heading\">\n                        <h6 class=\"accordion__title\">\n                            <a class=\"accordion__toggle\" data-toggle=\"collapse\" data-parent=\"#accordion-0\" href=\"#collapse_4\" aria-expanded=\"false\">Qu'est-ce qui distingue les techniciens de service certifi\u00e9s ?                            <\/a>\n                        <\/h6>\n                    <\/div>\n\n                    <div id=\"collapse_4\" class=\"accordion__content collapse\" aria-label=\"Qu&#039;est-ce qui distingue les techniciens de service certifi\u00e9s ?\" data-parent=\"#accordion-0\">\n                        <div class=\"accordion__body\"><p>Les techniciens automobiles certifi\u00e9s sont soumis \u00e0 des normes rigoureuses et mesurables dans leur domaine, et ils sont responsables individuellement du respect de ces normes.<\/p>\n<p>Autolane s'engage \u00e0 faire respecter ces normes.<\/p>\n<\/div>\n                    <\/div>\n                <\/div>\n\n            \n            \n        <\/div>\n        \n    \t\t\t\t<\/div>\n\t\t\t\t\t<\/div>\n\t\t<\/div>\n\t\t\t\t\t<\/div>\n\t\t<\/section>\n\t\t\t\t<\/div>\n\t\t","protected":false},"excerpt":{"rendered":"<p>Nous proposons une vaste gamme de produits de performance, notamment des composants d&rsquo;optimisation pour moteur, transmission et ch\u00e2ssis. Ces produits enti\u00e8rement reprogramm\u00e9s optimisent la puissance et les performances tout en pr\u00e9servant les dispositifs de s\u00e9curit\u00e9 d&rsquo;origine du v\u00e9hicule.<\/p>\n","protected":false},"author":1,"featured_media":2496,"parent":2139,"menu_order":0,"comment_status":"closed","ping_status":"closed","template":"","meta":{"_acf_changed":false,"footnotes":""},"class_list":["post-342","page","type-page","status-publish","has-post-thumbnail","hentry"],"acf":[],"_links":{"self":[{"href":"https:\/\/www.autopro1.be\/index.php\/wp-json\/wp\/v2\/pages\/342","targetHints":{"allow":["GET"]}}],"collection":[{"href":"https:\/\/www.autopro1.be\/index.php\/wp-json\/wp\/v2\/pages"}],"about":[{"href":"https:\/\/www.autopro1.be\/index.php\/wp-json\/wp\/v2\/types\/page"}],"author":[{"embeddable":true,"href":"https:\/\/www.autopro1.be\/index.php\/wp-json\/wp\/v2\/users\/1"}],"replies":[{"embeddable":true,"href":"https:\/\/www.autopro1.be\/index.php\/wp-json\/wp\/v2\/comments?post=342"}],"version-history":[{"count":6,"href":"https:\/\/www.autopro1.be\/index.php\/wp-json\/wp\/v2\/pages\/342\/revisions"}],"predecessor-version":[{"id":2610,"href":"https:\/\/www.autopro1.be\/index.php\/wp-json\/wp\/v2\/pages\/342\/revisions\/2610"}],"up":[{"embeddable":true,"href":"https:\/\/www.autopro1.be\/index.php\/wp-json\/wp\/v2\/pages\/2139"}],"wp:featuredmedia":[{"embeddable":true,"href":"https:\/\/www.autopro1.be\/index.php\/wp-json\/wp\/v2\/media\/2496"}],"wp:attachment":[{"href":"https:\/\/www.autopro1.be\/index.php\/wp-json\/wp\/v2\/media?parent=342"}],"curies":[{"name":"wp","href":"https:\/\/api.w.org\/{rel}","templated":true}]}}