{"id":340,"date":"2021-03-16T12:12:08","date_gmt":"2021-03-16T12:12:08","guid":{"rendered":"http:\/\/autolane.qreativethemes.com\/?page_id=340"},"modified":"2026-03-06T00:06:52","modified_gmt":"2026-03-06T00:06:52","slug":"tire-change","status":"publish","type":"page","link":"https:\/\/www.autopro1.be\/index.php\/services\/tire-change\/","title":{"rendered":"Changement de pneus"},"content":{"rendered":"\t\t<div data-elementor-type=\"wp-page\" data-elementor-id=\"340\" class=\"elementor elementor-340\">\n\t\t\t\t\t\t<section class=\"elementor-section elementor-top-section elementor-element elementor-element-877bccf elementor-section-boxed elementor-section-height-default elementor-section-height-default\" data-id=\"877bccf\" data-element_type=\"section\" data-e-type=\"section\">\n\t\t\t\t\t\t<div class=\"elementor-container elementor-column-gap-default\">\n\t\t\t\t\t<div class=\"elementor-column elementor-col-50 elementor-top-column elementor-element elementor-element-ef78d36\" data-id=\"ef78d36\" data-element_type=\"column\" data-e-type=\"column\">\n\t\t\t<div class=\"elementor-widget-wrap elementor-element-populated\">\n\t\t\t\t\t\t<div class=\"elementor-element elementor-element-1be7dee elementor-invisible elementor-widget elementor-widget-text-editor\" data-id=\"1be7dee\" data-element_type=\"widget\" data-e-type=\"widget\" data-settings=\"{&quot;_animation&quot;:&quot;fadeIn&quot;}\" data-widget_type=\"text-editor.default\">\n\t\t\t\t\t\t\t\t\t<h3>Signes indiquant que vos pneus sont \u00e0 changer<\/h3><p>En r\u00e8gle g\u00e9n\u00e9rale, il est conseill\u00e9 de permuter ses pneus tous les 10\u00a0000 \u00e0 13\u00a0000 kilom\u00e8tres. Un technicien peut inspecter minutieusement vos pneus et vos jantes afin de d\u00e9terminer leur niveau d&rsquo;usure. Il peut \u00e9galement v\u00e9rifier la profondeur de la bande de roulement et s&rsquo;assurer que les pneus sont correctement \u00e9quilibr\u00e9s.<\/p>\t\t\t\t\t\t\t\t<\/div>\n\t\t\t\t<div class=\"elementor-element elementor-element-e1b13a2 elementor-invisible elementor-widget elementor-widget-text-editor\" data-id=\"e1b13a2\" data-element_type=\"widget\" data-e-type=\"widget\" data-settings=\"{&quot;_animation&quot;:&quot;fadeIn&quot;}\" data-widget_type=\"text-editor.default\">\n\t\t\t\t\t\t\t\t\t<h3>Les pneus us\u00e9s sont-ils dangereux ?<\/h3><p>Vos pneus sont un \u00e9l\u00e9ment essentiel de votre voiture. Rouler avec des pneus trop vieux ou inadapt\u00e9s aux conditions m\u00e9t\u00e9orologiques peut compromettre gravement votre s\u00e9curit\u00e9.<\/p><p>Vos pneus ont \u00e9t\u00e9 con\u00e7us pour un usage bien pr\u00e9cis. Une utilisation inappropri\u00e9e peut avoir des cons\u00e9quences soudaines et catastrophiques.<\/p>\t\t\t\t\t\t\t\t<\/div>\n\t\t\t\t\t<\/div>\n\t\t<\/div>\n\t\t\t\t<div class=\"elementor-column elementor-col-50 elementor-top-column elementor-element elementor-element-35fef19\" data-id=\"35fef19\" data-element_type=\"column\" data-e-type=\"column\" data-settings=\"{&quot;background_background&quot;:&quot;classic&quot;}\">\n\t\t\t<div class=\"elementor-widget-wrap elementor-element-populated\">\n\t\t\t\t\t\t<div class=\"elementor-element elementor-element-b58b039 elementor-invisible elementor-widget elementor-widget-qt-pricing-table\" data-id=\"b58b039\" data-element_type=\"widget\" data-e-type=\"widget\" data-settings=\"{&quot;_animation&quot;:&quot;fadeIn&quot;}\" data-widget_type=\"qt-pricing-table.default\">\n\t\t\t\t\t\n        <div class=\"pricing-table\">\n\n            \n                            <h5 class=\"pricing-table__title\">Remplacement de pneus<\/h5>\n            \n                            <span class=\"pricing-table__subtitle\">Il faut les faire tourner tous les 6000 kilom\u00e8tres<\/span>\n            \n            <div class=\"pricing-table__pricing\">\n\n                                    <span class=\"pricing-table__currency\">\u20ac<\/span>\n                \n                                    <span class=\"pricing-table__price\">45<\/span>\n                                \n                                    <span class=\"pricing-table__after__price\">\/ par pneu<\/span>\n                \n            <\/div>\n\n                            <div class=\"pricing-table__label\">\n                    Y compris le parall\u00e9lisme des roues                <\/div>\n            \n                            <div class=\"pricing-table__button\">\n                    <a href=\"https:\/\/autolane.qreativethemes.com\/book-appointment\/\" class=\"btn btn-default\">Prendre rendez-vous<\/a>\n                <\/div>\n            \n            \n                <div class=\"pricing-table__content\">\n\n                                            <span class=\"pricing-table__content__title\">Type of Tires Available:<\/span>\n                    \n                                            <div class=\"pricing-table__included\">\n                            <ul>\n                                                                        <li>\n                                                                                            <i aria-hidden=\"true\" class=\"fas fa-arrow-circle-right\"><\/i>                                                                                        Pneus toutes saisons                                        <\/li>\n                                                                                <li>\n                                                                                            <i aria-hidden=\"true\" class=\"fas fa-arrow-circle-right\"><\/i>                                                                                        Pneus haute performance                                        <\/li>\n                                                                                <li>\n                                                                                            <i aria-hidden=\"true\" class=\"fas fa-arrow-circle-right\"><\/i>                                                                                        Pneus hiver                                        <\/li>\n                                                                                <li>\n                                                                                            <i aria-hidden=\"true\" class=\"fas fa-arrow-circle-right\"><\/i>                                                                                        Pneus tout-terrain                                        <\/li>\n                                                                    <\/ul>\n                        <\/div>\n                    \n                    \n                <\/div>\n\n            \n        <\/div>\n\n        \t\t\t\t<\/div>\n\t\t\t\t\t<\/div>\n\t\t<\/div>\n\t\t\t\t\t<\/div>\n\t\t<\/section>\n\t\t\t\t<section class=\"elementor-section elementor-top-section elementor-element elementor-element-ca3c0f0 elementor-section-content-middle elementor-section-boxed elementor-section-height-default elementor-section-height-default\" data-id=\"ca3c0f0\" data-element_type=\"section\" data-e-type=\"section\">\n\t\t\t\t\t\t<div class=\"elementor-container elementor-column-gap-default\">\n\t\t\t\t\t<div class=\"elementor-column elementor-col-50 elementor-top-column elementor-element elementor-element-5164f1d\" data-id=\"5164f1d\" data-element_type=\"column\" data-e-type=\"column\">\n\t\t\t<div class=\"elementor-widget-wrap elementor-element-populated\">\n\t\t\t\t\t\t<div class=\"elementor-element elementor-element-ba26a28 elementor-invisible elementor-widget elementor-widget-image\" data-id=\"ba26a28\" data-element_type=\"widget\" data-e-type=\"widget\" data-settings=\"{&quot;_animation&quot;:&quot;fadeIn&quot;}\" data-widget_type=\"image.default\">\n\t\t\t\t\t\t\t\t\t\t\t\t\t\t\t\t<a href=\"http:\/\/www.autopro1.be\/wp-content\/uploads\/2026\/03\/tire-change-1.jpg\" data-elementor-open-lightbox=\"yes\" data-elementor-lightbox-title=\"tire-change-1\" data-e-action-hash=\"#elementor-action%3Aaction%3Dlightbox%26settings%3DeyJpZCI6MjQ4MCwidXJsIjoiaHR0cHM6XC9cL3d3dy5hdXRvcHJvMS5iZVwvd3AtY29udGVudFwvdXBsb2Fkc1wvMjAyNlwvMDNcL3RpcmUtY2hhbmdlLTEuanBnIn0%3D\">\n\t\t\t\t\t\t\t<img fetchpriority=\"high\" decoding=\"async\" width=\"850\" height=\"560\" src=\"https:\/\/www.autopro1.be\/wp-content\/uploads\/2026\/03\/tire-change-1.jpg\" class=\"attachment-full size-full wp-image-2480\" alt=\"\" srcset=\"https:\/\/www.autopro1.be\/wp-content\/uploads\/2026\/03\/tire-change-1.jpg 850w, https:\/\/www.autopro1.be\/wp-content\/uploads\/2026\/03\/tire-change-1-300x198.jpg 300w, https:\/\/www.autopro1.be\/wp-content\/uploads\/2026\/03\/tire-change-1-768x506.jpg 768w, https:\/\/www.autopro1.be\/wp-content\/uploads\/2026\/03\/tire-change-1-360x237.jpg 360w, https:\/\/www.autopro1.be\/wp-content\/uploads\/2026\/03\/tire-change-1-600x395.jpg 600w\" sizes=\"(max-width: 850px) 100vw, 850px\" \/>\t\t\t\t\t\t\t\t<\/a>\n\t\t\t\t\t\t\t\t\t\t\t\t\t\t\t<\/div>\n\t\t\t\t\t<\/div>\n\t\t<\/div>\n\t\t\t\t<div class=\"elementor-column elementor-col-50 elementor-top-column elementor-element elementor-element-a34e804\" data-id=\"a34e804\" data-element_type=\"column\" data-e-type=\"column\" data-settings=\"{&quot;background_background&quot;:&quot;classic&quot;}\">\n\t\t\t<div class=\"elementor-widget-wrap elementor-element-populated\">\n\t\t\t\t\t\t<div class=\"elementor-element elementor-element-99acc61 elementor-invisible elementor-widget elementor-widget-image\" data-id=\"99acc61\" data-element_type=\"widget\" data-e-type=\"widget\" data-settings=\"{&quot;_animation&quot;:&quot;fadeIn&quot;}\" data-widget_type=\"image.default\">\n\t\t\t\t\t\t\t\t\t\t\t\t\t\t\t\t<a href=\"http:\/\/www.autopro1.be\/wp-content\/uploads\/2026\/03\/tire-change-2-1.jpg\" data-elementor-open-lightbox=\"yes\" data-elementor-lightbox-title=\"tire-change-2 (1)\" data-e-action-hash=\"#elementor-action%3Aaction%3Dlightbox%26settings%3DeyJpZCI6MjQ3OSwidXJsIjoiaHR0cHM6XC9cL3d3dy5hdXRvcHJvMS5iZVwvd3AtY29udGVudFwvdXBsb2Fkc1wvMjAyNlwvMDNcL3RpcmUtY2hhbmdlLTItMS5qcGcifQ%3D%3D\">\n\t\t\t\t\t\t\t<img decoding=\"async\" width=\"850\" height=\"560\" src=\"https:\/\/www.autopro1.be\/wp-content\/uploads\/2026\/03\/tire-change-2-1.jpg\" class=\"attachment-full size-full wp-image-2479\" alt=\"\" srcset=\"https:\/\/www.autopro1.be\/wp-content\/uploads\/2026\/03\/tire-change-2-1.jpg 850w, https:\/\/www.autopro1.be\/wp-content\/uploads\/2026\/03\/tire-change-2-1-300x198.jpg 300w, https:\/\/www.autopro1.be\/wp-content\/uploads\/2026\/03\/tire-change-2-1-768x506.jpg 768w, https:\/\/www.autopro1.be\/wp-content\/uploads\/2026\/03\/tire-change-2-1-360x237.jpg 360w, https:\/\/www.autopro1.be\/wp-content\/uploads\/2026\/03\/tire-change-2-1-600x395.jpg 600w\" sizes=\"(max-width: 850px) 100vw, 850px\" \/>\t\t\t\t\t\t\t\t<\/a>\n\t\t\t\t\t\t\t\t\t\t\t\t\t\t\t<\/div>\n\t\t\t\t\t<\/div>\n\t\t<\/div>\n\t\t\t\t\t<\/div>\n\t\t<\/section>\n\t\t\t\t<section class=\"elementor-section elementor-top-section elementor-element elementor-element-d8159d4 elementor-section-content-middle elementor-section-boxed elementor-section-height-default elementor-section-height-default elementor-invisible\" data-id=\"d8159d4\" data-element_type=\"section\" data-e-type=\"section\" data-settings=\"{&quot;background_background&quot;:&quot;classic&quot;,&quot;animation&quot;:&quot;fadeIn&quot;}\">\n\t\t\t\t\t\t\t<div class=\"elementor-background-overlay\"><\/div>\n\t\t\t\t\t\t\t<div class=\"elementor-container elementor-column-gap-extended\">\n\t\t\t\t\t<div class=\"elementor-column elementor-col-50 elementor-top-column elementor-element elementor-element-74e0b87 elementor-invisible\" data-id=\"74e0b87\" data-element_type=\"column\" data-e-type=\"column\" data-settings=\"{&quot;animation&quot;:&quot;fadeIn&quot;,&quot;animation_delay&quot;:200}\">\n\t\t\t<div class=\"elementor-widget-wrap elementor-element-populated\">\n\t\t\t\t\t\t<div class=\"elementor-element elementor-element-55aa11f elementor-widget elementor-widget-text-editor\" data-id=\"55aa11f\" data-element_type=\"widget\" data-e-type=\"widget\" data-widget_type=\"text-editor.default\">\n\t\t\t\t\t\t\t\t\t<h3>Principaux avantages du service<\/h3><p>Faire entretenir r\u00e9guli\u00e8rement votre voiture vous permet de vous assurer que tout fonctionne correctement et aussi d&rsquo;\u00e9viter de tels probl\u00e8mes avant qu&rsquo;ils ne surviennent.<\/p>\t\t\t\t\t\t\t\t<\/div>\n\t\t\t\t<div class=\"elementor-element elementor-element-c51f7fc elementor-icon-list--layout-traditional elementor-list-item-link-full_width elementor-widget elementor-widget-icon-list\" data-id=\"c51f7fc\" data-element_type=\"widget\" data-e-type=\"widget\" data-widget_type=\"icon-list.default\">\n\t\t\t\t\t\t\t<ul class=\"elementor-icon-list-items\">\n\t\t\t\t\t\t\t<li class=\"elementor-icon-list-item\">\n\t\t\t\t\t\t\t\t\t\t\t<span class=\"elementor-icon-list-icon\">\n\t\t\t\t\t\t\t<i aria-hidden=\"true\" class=\"fas fa-check-circle\"><\/i>\t\t\t\t\t\t<\/span>\n\t\t\t\t\t\t\t\t\t\t<span class=\"elementor-icon-list-text\">Des services sp\u00e9cialis\u00e9s, adapt\u00e9s \u00e0 vos besoins<\/span>\n\t\t\t\t\t\t\t\t\t<\/li>\n\t\t\t\t\t\t\t\t<li class=\"elementor-icon-list-item\">\n\t\t\t\t\t\t\t\t\t\t\t<span class=\"elementor-icon-list-icon\">\n\t\t\t\t\t\t\t<i aria-hidden=\"true\" class=\"fas fa-check-circle\"><\/i>\t\t\t\t\t\t<\/span>\n\t\t\t\t\t\t\t\t\t\t<span class=\"elementor-icon-list-text\">Produits chimiques 100% respectueux de l'environnement<\/span>\n\t\t\t\t\t\t\t\t\t<\/li>\n\t\t\t\t\t\t\t\t<li class=\"elementor-icon-list-item\">\n\t\t\t\t\t\t\t\t\t\t\t<span class=\"elementor-icon-list-icon\">\n\t\t\t\t\t\t\t<i aria-hidden=\"true\" class=\"fas fa-check-circle\"><\/i>\t\t\t\t\t\t<\/span>\n\t\t\t\t\t\t\t\t\t\t<span class=\"elementor-icon-list-text\">Des services dignes de confiance, fiables et ponctuels<\/span>\n\t\t\t\t\t\t\t\t\t<\/li>\n\t\t\t\t\t\t\t\t<li class=\"elementor-icon-list-item\">\n\t\t\t\t\t\t\t\t\t\t\t<span class=\"elementor-icon-list-icon\">\n\t\t\t\t\t\t\t<i aria-hidden=\"true\" class=\"fas fa-check-circle\"><\/i>\t\t\t\t\t\t<\/span>\n\t\t\t\t\t\t\t\t\t\t<span class=\"elementor-icon-list-text\">Nous fournissons tous les \u00e9quipements et solutions automobiles.<\/span>\n\t\t\t\t\t\t\t\t\t<\/li>\n\t\t\t\t\t\t<\/ul>\n\t\t\t\t\t\t<\/div>\n\t\t\t\t\t<\/div>\n\t\t<\/div>\n\t\t\t\t<div class=\"elementor-column elementor-col-50 elementor-top-column elementor-element elementor-element-57bbf98 elementor-invisible\" data-id=\"57bbf98\" data-element_type=\"column\" data-e-type=\"column\" data-settings=\"{&quot;animation&quot;:&quot;fadeIn&quot;,&quot;animation_delay&quot;:300}\">\n\t\t\t<div class=\"elementor-widget-wrap elementor-element-populated\">\n\t\t\t\t\t\t<div class=\"elementor-element elementor-element-071e9ce elementor-widget elementor-widget-qt-icon-box\" data-id=\"071e9ce\" data-element_type=\"widget\" data-e-type=\"widget\" data-widget_type=\"qt-icon-box.default\">\n\t\t\t\t\t            <div class=\"icon-box icon-left align-left layout-2 underline-hover\">\n        \n                    <div class=\"icon-box__icon\">\n                <i aria-hidden=\"true\" class=\"fas fa-clock\"><\/i>            <\/div>\n        \n        <div class=\"icon-box__content\">\n                            <h5 class=\"icon-box__heading\">Gain de temps<\/h5>\n            \n                            <p>D\u00e9tectez les probl\u00e8mes avant que les r\u00e9parations ne deviennent co\u00fbteuses.<\/p>\n            \n                    <\/div>\n\n        <\/div>\n        \n    \t\t\t\t<\/div>\n\t\t\t\t<div class=\"elementor-element elementor-element-fc88e6a elementor-widget elementor-widget-qt-icon-box\" data-id=\"fc88e6a\" data-element_type=\"widget\" data-e-type=\"widget\" data-widget_type=\"qt-icon-box.default\">\n\t\t\t\t\t            <div class=\"icon-box icon-left align-left layout-2 underline-hover\">\n        \n                    <div class=\"icon-box__icon\">\n                <i aria-hidden=\"true\" class=\"fas fa-shield-alt\"><\/i>            <\/div>\n        \n        <div class=\"icon-box__content\">\n                            <h5 class=\"icon-box__heading\">Renforcer la s\u00e9curit\u00e9<\/h5>\n            \n                            <p>Un contr\u00f4le r\u00e9gulier de vos pneus vous assurera une s\u00e9curit\u00e9 optimale.<\/p>\n            \n                    <\/div>\n\n        <\/div>\n        \n    \t\t\t\t<\/div>\n\t\t\t\t\t<\/div>\n\t\t<\/div>\n\t\t\t\t\t<\/div>\n\t\t<\/section>\n\t\t\t\t<section class=\"elementor-section elementor-top-section elementor-element elementor-element-2cd41c8 elementor-section-boxed elementor-section-height-default elementor-section-height-default\" data-id=\"2cd41c8\" data-element_type=\"section\" data-e-type=\"section\">\n\t\t\t\t\t\t<div class=\"elementor-container elementor-column-gap-extended\">\n\t\t\t\t\t<div class=\"elementor-column elementor-col-100 elementor-top-column elementor-element elementor-element-9e103a8\" data-id=\"9e103a8\" data-element_type=\"column\" data-e-type=\"column\">\n\t\t\t<div class=\"elementor-widget-wrap elementor-element-populated\">\n\t\t\t\t\t\t<div class=\"elementor-element elementor-element-9a79e60 elementor-invisible elementor-widget elementor-widget-heading\" data-id=\"9a79e60\" data-element_type=\"widget\" data-e-type=\"widget\" data-settings=\"{&quot;_animation&quot;:&quot;fadeIn&quot;}\" data-widget_type=\"heading.default\">\n\t\t\t\t\t<h2 class=\"elementor-heading-title elementor-size-default\">Foire aux questions<\/h2>\t\t\t\t<\/div>\n\t\t\t\t<div class=\"elementor-element elementor-element-e0c8eca elementor-invisible elementor-widget elementor-widget-qt-accordion\" data-id=\"e0c8eca\" data-element_type=\"widget\" data-e-type=\"widget\" data-settings=\"{&quot;_animation&quot;:&quot;fadeIn&quot;}\" data-widget_type=\"qt-accordion.default\">\n\t\t\t\t\t\n        <div class=\"accordion\" id=\"accordion-0\" data-panel=\"accordion-0\">\n\n            \n                <div class=\"accordion__panel\">\n                    <div class=\"accordion__heading\">\n                        <h6 class=\"accordion__title\">\n                            <a class=\"accordion__toggle\" data-toggle=\"collapse\" data-parent=\"#accordion-0\" href=\"#collapse_0\" aria-expanded=\"true\">Que couvrent les garanties prolong\u00e9es\u00a0?                            <\/a>\n                        <\/h6>\n                    <\/div>\n\n                    <div id=\"collapse_0\" class=\"accordion__content collapse show\" aria-label=\"Que couvrent les garanties prolong\u00e9es\u00a0?\" data-parent=\"#accordion-0\">\n                        <div class=\"accordion__body\"><p>Une garantie prolong\u00e9e est en r\u00e9alit\u00e9 une assurance pour votre v\u00e9hicule, une protection contre les r\u00e9parations co\u00fbteuses et impr\u00e9vues. Elle couvre les r\u00e9parations pendant une p\u00e9riode et un kilom\u00e9trage convenus. Les garanties compl\u00e8tes, en revanche, sont incluses dans le prix du produit.<\/p>\n<\/div>\n                    <\/div>\n                <\/div>\n\n            \n                <div class=\"accordion__panel\">\n                    <div class=\"accordion__heading\">\n                        <h6 class=\"accordion__title\">\n                            <a class=\"accordion__toggle\" data-toggle=\"collapse\" data-parent=\"#accordion-0\" href=\"#collapse_1\" aria-expanded=\"false\">Comment v\u00e9rifier le niveau d'huile de transmission\u00a0?                            <\/a>\n                        <\/h6>\n                    <\/div>\n\n                    <div id=\"collapse_1\" class=\"accordion__content collapse\" aria-label=\"Comment v\u00e9rifier le niveau d&#039;huile de transmission\u00a0?\" data-parent=\"#accordion-0\">\n                        <div class=\"accordion__body\"><p>Il est recommand\u00e9 de vidanger l'huile de transmission tous les 96\u00a0000 kilom\u00e8tres. En respectant les recommandations du constructeur concernant la vidange de l'huile de transmission, vous prot\u00e9gez efficacement votre v\u00e9hicule contre les dommages \u00e9vitables (et co\u00fbteux) \u00e0 la transmission.<\/p>\n<\/div>\n                    <\/div>\n                <\/div>\n\n            \n                <div class=\"accordion__panel\">\n                    <div class=\"accordion__heading\">\n                        <h6 class=\"accordion__title\">\n                            <a class=\"accordion__toggle\" data-toggle=\"collapse\" data-parent=\"#accordion-0\" href=\"#collapse_2\" aria-expanded=\"false\">\u00c0 quelle fr\u00e9quence dois-je changer mon huile moteur ?                            <\/a>\n                        <\/h6>\n                    <\/div>\n\n                    <div id=\"collapse_2\" class=\"accordion__content collapse\" aria-label=\"\u00c0 quelle fr\u00e9quence dois-je changer mon huile moteur ?\" data-parent=\"#accordion-0\">\n                        <div class=\"accordion__body\"><p>Si votre v\u00e9hicule utilise de l'huile min\u00e9rale, la vidange doit \u00eatre effectu\u00e9e tous les 3 mois ou 5\u00a0000 kilom\u00e8tres.<\/p>\n<p>Si votre v\u00e9hicule utilise de l'huile synth\u00e9tique, la vidange doit \u00eatre effectu\u00e9e tous les 6 mois ou 8\u00a0000 kilom\u00e8tres.<\/p>\n<\/div>\n                    <\/div>\n                <\/div>\n\n            \n                <div class=\"accordion__panel\">\n                    <div class=\"accordion__heading\">\n                        <h6 class=\"accordion__title\">\n                            <a class=\"accordion__toggle\" data-toggle=\"collapse\" data-parent=\"#accordion-0\" href=\"#collapse_3\" aria-expanded=\"false\">Quels sont les crit\u00e8res \u00e0 prendre en compte lors de l'achat d'une batterie automobile\u00a0?                            <\/a>\n                        <\/h6>\n                    <\/div>\n\n                    <div id=\"collapse_3\" class=\"accordion__content collapse\" aria-label=\"Quels sont les crit\u00e8res \u00e0 prendre en compte lors de l&#039;achat d&#039;une batterie automobile\u00a0?\" data-parent=\"#accordion-0\">\n                        <div class=\"accordion__body\"><p>La dur\u00e9e de vie id\u00e9ale d'une batterie de voiture est de 3 \u00e0 5 ans, selon plusieurs facteurs.<\/p>\n<p>Pour garantir des performances optimales et un entretien ad\u00e9quat, faites v\u00e9rifier votre batterie par un technicien \u00e0 chaque vidange.<\/p>\n<\/div>\n                    <\/div>\n                <\/div>\n\n            \n                <div class=\"accordion__panel\">\n                    <div class=\"accordion__heading\">\n                        <h6 class=\"accordion__title\">\n                            <a class=\"accordion__toggle\" data-toggle=\"collapse\" data-parent=\"#accordion-0\" href=\"#collapse_4\" aria-expanded=\"false\">Qu'est-ce qui distingue les techniciens de service certifi\u00e9s ?                            <\/a>\n                        <\/h6>\n                    <\/div>\n\n                    <div id=\"collapse_4\" class=\"accordion__content collapse\" aria-label=\"Qu&#039;est-ce qui distingue les techniciens de service certifi\u00e9s ?\" data-parent=\"#accordion-0\">\n                        <div class=\"accordion__body\"><p>Les techniciens automobiles certifi\u00e9s sont soumis \u00e0 des normes rigoureuses et mesurables dans leur domaine, et ils sont responsables individuellement du respect de ces normes.<\/p>\n<p>Autopro1 s'engage \u00e0 faire respecter ces normes.<\/p>\n<\/div>\n                    <\/div>\n                <\/div>\n\n            \n            \n        <\/div>\n        \n    \t\t\t\t<\/div>\n\t\t\t\t\t<\/div>\n\t\t<\/div>\n\t\t\t\t\t<\/div>\n\t\t<\/section>\n\t\t\t\t<\/div>\n\t\t","protected":false},"excerpt":{"rendered":"<p>En r\u00e8gle g\u00e9n\u00e9rale, il est conseill\u00e9 de permuter ses pneus tous les 10\u00a0000 \u00e0 13\u00a0000 kilom\u00e8tres. Un technicien peut inspecter minutieusement vos pneus et vos jantes afin de d\u00e9terminer leur niveau d&rsquo;usure.<\/p>\n","protected":false},"author":1,"featured_media":2503,"parent":2139,"menu_order":0,"comment_status":"closed","ping_status":"closed","template":"","meta":{"_acf_changed":false,"footnotes":""},"class_list":["post-340","page","type-page","status-publish","has-post-thumbnail","hentry"],"acf":[],"_links":{"self":[{"href":"https:\/\/www.autopro1.be\/index.php\/wp-json\/wp\/v2\/pages\/340","targetHints":{"allow":["GET"]}}],"collection":[{"href":"https:\/\/www.autopro1.be\/index.php\/wp-json\/wp\/v2\/pages"}],"about":[{"href":"https:\/\/www.autopro1.be\/index.php\/wp-json\/wp\/v2\/types\/page"}],"author":[{"embeddable":true,"href":"https:\/\/www.autopro1.be\/index.php\/wp-json\/wp\/v2\/users\/1"}],"replies":[{"embeddable":true,"href":"https:\/\/www.autopro1.be\/index.php\/wp-json\/wp\/v2\/comments?post=340"}],"version-history":[{"count":7,"href":"https:\/\/www.autopro1.be\/index.php\/wp-json\/wp\/v2\/pages\/340\/revisions"}],"predecessor-version":[{"id":2608,"href":"https:\/\/www.autopro1.be\/index.php\/wp-json\/wp\/v2\/pages\/340\/revisions\/2608"}],"up":[{"embeddable":true,"href":"https:\/\/www.autopro1.be\/index.php\/wp-json\/wp\/v2\/pages\/2139"}],"wp:featuredmedia":[{"embeddable":true,"href":"https:\/\/www.autopro1.be\/index.php\/wp-json\/wp\/v2\/media\/2503"}],"wp:attachment":[{"href":"https:\/\/www.autopro1.be\/index.php\/wp-json\/wp\/v2\/media?parent=340"}],"curies":[{"name":"wp","href":"https:\/\/api.w.org\/{rel}","templated":true}]}}