{"id":338,"date":"2021-03-16T12:11:59","date_gmt":"2021-03-16T12:11:59","guid":{"rendered":"http:\/\/autolane.qreativethemes.com\/?page_id=338"},"modified":"2026-03-07T09:42:45","modified_gmt":"2026-03-07T09:42:45","slug":"oil-change","status":"publish","type":"page","link":"https:\/\/www.autopro1.be\/index.php\/services\/oil-change\/","title":{"rendered":"Vidange"},"content":{"rendered":"\t\t<div data-elementor-type=\"wp-page\" data-elementor-id=\"338\" class=\"elementor elementor-338\">\n\t\t\t\t\t\t<section class=\"elementor-section elementor-top-section elementor-element elementor-element-d2bd76a elementor-section-boxed elementor-section-height-default elementor-section-height-default\" data-id=\"d2bd76a\" data-element_type=\"section\" data-e-type=\"section\">\n\t\t\t\t\t\t<div class=\"elementor-container elementor-column-gap-default\">\n\t\t\t\t\t<div class=\"elementor-column elementor-col-50 elementor-top-column elementor-element elementor-element-cdad32d\" data-id=\"cdad32d\" data-element_type=\"column\" data-e-type=\"column\">\n\t\t\t<div class=\"elementor-widget-wrap elementor-element-populated\">\n\t\t\t\t\t\t<div class=\"elementor-element elementor-element-15a1101 elementor-invisible elementor-widget elementor-widget-text-editor\" data-id=\"15a1101\" data-element_type=\"widget\" data-e-type=\"widget\" data-settings=\"{&quot;_animation&quot;:&quot;fadeIn&quot;}\" data-widget_type=\"text-editor.default\">\n\t\t\t\t\t\t\t\t\t<h3>Vidange d&rsquo;huile rapide et abordable chez Autopro1<\/h3><p>Votre v\u00e9hicule repr\u00e9sente l&rsquo;un des investissements les plus importants de votre vie. Un entretien pr\u00e9ventif r\u00e9gulier vous permettra d&rsquo;assurer son bon fonctionnement et d&rsquo;\u00e9viter d&rsquo;\u00e9ventuels dommages au moteur ainsi que des r\u00e9parations co\u00fbteuses. La vidange d&rsquo;huile est l&rsquo;op\u00e9ration d&rsquo;entretien r\u00e9gulier la plus importante pour votre v\u00e9hicule.<\/p>\t\t\t\t\t\t\t\t<\/div>\n\t\t\t\t<div class=\"elementor-element elementor-element-e187d07 elementor-invisible elementor-widget elementor-widget-text-editor\" data-id=\"e187d07\" data-element_type=\"widget\" data-e-type=\"widget\" data-settings=\"{&quot;_animation&quot;:&quot;fadeIn&quot;}\" data-widget_type=\"text-editor.default\">\n\t\t\t\t\t\t\t\t\t<h3>Signes indiquant qu&rsquo;une vidange d&rsquo;huile est n\u00e9cessaire<\/h3><p>L&rsquo;huile moteur lubrifie les pi\u00e8ces internes de votre moteur. C&rsquo;est pourquoi nous vous recommandons de respecter l&rsquo;intervalle de vidange pr\u00e9conis\u00e9 lors de votre derni\u00e8re vidange.<\/p><p>Un entretien r\u00e9gulier, incluant la vidange d&rsquo;huile et le remplacement du filtre, est un petit sacrifice pour \u00e9viter des r\u00e9parations moteur co\u00fbteuses.<\/p>\t\t\t\t\t\t\t\t<\/div>\n\t\t\t\t\t<\/div>\n\t\t<\/div>\n\t\t\t\t<div class=\"elementor-column elementor-col-50 elementor-top-column elementor-element elementor-element-cee0967\" data-id=\"cee0967\" data-element_type=\"column\" data-e-type=\"column\" data-settings=\"{&quot;background_background&quot;:&quot;classic&quot;}\">\n\t\t\t<div class=\"elementor-widget-wrap elementor-element-populated\">\n\t\t\t\t\t\t<div class=\"elementor-element elementor-element-1ac9106 elementor-invisible elementor-widget elementor-widget-qt-pricing-table\" data-id=\"1ac9106\" data-element_type=\"widget\" data-e-type=\"widget\" data-settings=\"{&quot;_animation&quot;:&quot;fadeIn&quot;}\" data-widget_type=\"qt-pricing-table.default\">\n\t\t\t\t\t\n        <div class=\"pricing-table\">\n\n            \n                            <h5 class=\"pricing-table__title\">Vidange d&#039;huile et changement de filtre<\/h5>\n            \n                            <span class=\"pricing-table__subtitle\">Il est conseill\u00e9 par les constructeurs de remplacer votre huile tous les 20 000 ou 30 000 kilom\u00e8tres ou 1x par an en fonction du type d&#039;huile et du type de v\u00e9hicule<\/span>\n            \n            <div class=\"pricing-table__pricing\">\n\n                                    <span class=\"pricing-table__currency\">\u20ac<\/span>\n                \n                                    <span class=\"pricing-table__price\">100<\/span>\n                                \n                                    <span class=\"pricing-table__after__price\">\/ par vidange<\/span>\n                \n            <\/div>\n\n                            <div class=\"pricing-table__label\">\n                    Uniquement sur rendez-vous                <\/div>\n            \n                            <div class=\"pricing-table__button\">\n                    <a href=\"https:\/\/autolane.qreativethemes.com\/book-appointment\/\" class=\"btn btn-default\">Planifier vidange<\/a>\n                <\/div>\n            \n            \n                <div class=\"pricing-table__content\">\n\n                                            <span class=\"pricing-table__content__title\">Ce service comprend\u00a0:<\/span>\n                    \n                                            <div class=\"pricing-table__included\">\n                            <ul>\n                                                                        <li>\n                                                                                            <i aria-hidden=\"true\" class=\"fas fa-arrow-circle-right\"><\/i>                                                                                        Vidange de l'huile moteur usag\u00e9e                                        <\/li>\n                                                                                <li>\n                                                                                            <i aria-hidden=\"true\" class=\"fas fa-arrow-circle-right\"><\/i>                                                                                        Ajout du niveau d'huile neuve appropri\u00e9                                        <\/li>\n                                                                                <li>\n                                                                                            <i aria-hidden=\"true\" class=\"fas fa-arrow-circle-right\"><\/i>                                                                                        Remplacement du filtre \u00e0 huile usag\u00e9                                        <\/li>\n                                                                                <li>\n                                                                                            <i aria-hidden=\"true\" class=\"fas fa-arrow-circle-right\"><\/i>                                                                                        V\u00e9rification du niveau des autres liquides                                        <\/li>\n                                                                    <\/ul>\n                        <\/div>\n                    \n                    \n                <\/div>\n\n            \n        <\/div>\n\n        \t\t\t\t<\/div>\n\t\t\t\t\t<\/div>\n\t\t<\/div>\n\t\t\t\t\t<\/div>\n\t\t<\/section>\n\t\t\t\t<section class=\"elementor-section elementor-top-section elementor-element elementor-element-8b4213f elementor-section-content-middle elementor-section-boxed elementor-section-height-default elementor-section-height-default\" data-id=\"8b4213f\" data-element_type=\"section\" data-e-type=\"section\">\n\t\t\t\t\t\t<div class=\"elementor-container elementor-column-gap-default\">\n\t\t\t\t\t<div class=\"elementor-column elementor-col-50 elementor-top-column elementor-element elementor-element-0a8ffca\" data-id=\"0a8ffca\" data-element_type=\"column\" data-e-type=\"column\">\n\t\t\t<div class=\"elementor-widget-wrap elementor-element-populated\">\n\t\t\t\t\t\t<div class=\"elementor-element elementor-element-67abbdf elementor-invisible elementor-widget elementor-widget-image\" data-id=\"67abbdf\" data-element_type=\"widget\" data-e-type=\"widget\" data-settings=\"{&quot;_animation&quot;:&quot;fadeIn&quot;}\" data-widget_type=\"image.default\">\n\t\t\t\t\t\t\t\t\t\t\t\t\t\t\t\t<a href=\"http:\/\/www.autopro1.be\/wp-content\/uploads\/2026\/03\/oil-change.jpg\" data-elementor-open-lightbox=\"yes\" data-elementor-lightbox-title=\"oil-change\" data-e-action-hash=\"#elementor-action%3Aaction%3Dlightbox%26settings%3DeyJpZCI6MjQ3MywidXJsIjoiaHR0cHM6XC9cL3d3dy5hdXRvcHJvMS5iZVwvd3AtY29udGVudFwvdXBsb2Fkc1wvMjAyNlwvMDNcL29pbC1jaGFuZ2UuanBnIn0%3D\">\n\t\t\t\t\t\t\t<img fetchpriority=\"high\" decoding=\"async\" width=\"850\" height=\"560\" src=\"https:\/\/www.autopro1.be\/wp-content\/uploads\/2026\/03\/oil-change.jpg\" class=\"attachment-full size-full wp-image-2473\" alt=\"\" srcset=\"https:\/\/www.autopro1.be\/wp-content\/uploads\/2026\/03\/oil-change.jpg 850w, https:\/\/www.autopro1.be\/wp-content\/uploads\/2026\/03\/oil-change-300x198.jpg 300w, https:\/\/www.autopro1.be\/wp-content\/uploads\/2026\/03\/oil-change-768x506.jpg 768w, https:\/\/www.autopro1.be\/wp-content\/uploads\/2026\/03\/oil-change-360x237.jpg 360w, https:\/\/www.autopro1.be\/wp-content\/uploads\/2026\/03\/oil-change-600x395.jpg 600w\" sizes=\"(max-width: 850px) 100vw, 850px\" \/>\t\t\t\t\t\t\t\t<\/a>\n\t\t\t\t\t\t\t\t\t\t\t\t\t\t\t<\/div>\n\t\t\t\t\t<\/div>\n\t\t<\/div>\n\t\t\t\t<div class=\"elementor-column elementor-col-50 elementor-top-column elementor-element elementor-element-7a01870\" data-id=\"7a01870\" data-element_type=\"column\" data-e-type=\"column\" data-settings=\"{&quot;background_background&quot;:&quot;classic&quot;}\">\n\t\t\t<div class=\"elementor-widget-wrap elementor-element-populated\">\n\t\t\t\t\t\t<div class=\"elementor-element elementor-element-8766dc0 elementor-invisible elementor-widget elementor-widget-image\" data-id=\"8766dc0\" data-element_type=\"widget\" data-e-type=\"widget\" data-settings=\"{&quot;_animation&quot;:&quot;fadeIn&quot;}\" data-widget_type=\"image.default\">\n\t\t\t\t\t\t\t\t\t\t\t\t\t\t\t\t<a href=\"http:\/\/www.autopro1.be\/wp-content\/uploads\/2026\/03\/oil-change-2.jpg\" data-elementor-open-lightbox=\"yes\" data-elementor-lightbox-title=\"oil-change-2\" data-e-action-hash=\"#elementor-action%3Aaction%3Dlightbox%26settings%3DeyJpZCI6MjQ3NCwidXJsIjoiaHR0cHM6XC9cL3d3dy5hdXRvcHJvMS5iZVwvd3AtY29udGVudFwvdXBsb2Fkc1wvMjAyNlwvMDNcL29pbC1jaGFuZ2UtMi5qcGcifQ%3D%3D\">\n\t\t\t\t\t\t\t<img decoding=\"async\" width=\"850\" height=\"560\" src=\"https:\/\/www.autopro1.be\/wp-content\/uploads\/2026\/03\/oil-change-2.jpg\" class=\"attachment-full size-full wp-image-2474\" alt=\"\" srcset=\"https:\/\/www.autopro1.be\/wp-content\/uploads\/2026\/03\/oil-change-2.jpg 850w, https:\/\/www.autopro1.be\/wp-content\/uploads\/2026\/03\/oil-change-2-300x198.jpg 300w, https:\/\/www.autopro1.be\/wp-content\/uploads\/2026\/03\/oil-change-2-768x506.jpg 768w, https:\/\/www.autopro1.be\/wp-content\/uploads\/2026\/03\/oil-change-2-360x237.jpg 360w, https:\/\/www.autopro1.be\/wp-content\/uploads\/2026\/03\/oil-change-2-600x395.jpg 600w\" sizes=\"(max-width: 850px) 100vw, 850px\" \/>\t\t\t\t\t\t\t\t<\/a>\n\t\t\t\t\t\t\t\t\t\t\t\t\t\t\t<\/div>\n\t\t\t\t\t<\/div>\n\t\t<\/div>\n\t\t\t\t\t<\/div>\n\t\t<\/section>\n\t\t\t\t<section class=\"elementor-section elementor-top-section elementor-element elementor-element-88cb393 elementor-section-content-middle elementor-section-boxed elementor-section-height-default elementor-section-height-default elementor-invisible\" data-id=\"88cb393\" data-element_type=\"section\" data-e-type=\"section\" data-settings=\"{&quot;background_background&quot;:&quot;classic&quot;,&quot;animation&quot;:&quot;fadeIn&quot;}\">\n\t\t\t\t\t\t\t<div class=\"elementor-background-overlay\"><\/div>\n\t\t\t\t\t\t\t<div class=\"elementor-container elementor-column-gap-extended\">\n\t\t\t\t\t<div class=\"elementor-column elementor-col-50 elementor-top-column elementor-element elementor-element-d772273 elementor-invisible\" data-id=\"d772273\" data-element_type=\"column\" data-e-type=\"column\" data-settings=\"{&quot;animation&quot;:&quot;fadeIn&quot;,&quot;animation_delay&quot;:200}\">\n\t\t\t<div class=\"elementor-widget-wrap elementor-element-populated\">\n\t\t\t\t\t\t<div class=\"elementor-element elementor-element-b3c41fd elementor-widget elementor-widget-text-editor\" data-id=\"b3c41fd\" data-element_type=\"widget\" data-e-type=\"widget\" data-widget_type=\"text-editor.default\">\n\t\t\t\t\t\t\t\t\t<h3>Principaux avantages du service<\/h3><p>Faire entretenir r\u00e9guli\u00e8rement votre voiture vous permet de vous assurer que tout fonctionne correctement et aussi d&rsquo;\u00e9viter de tels probl\u00e8mes avant qu&rsquo;ils ne surviennent.<\/p>\t\t\t\t\t\t\t\t<\/div>\n\t\t\t\t<div class=\"elementor-element elementor-element-826e11c elementor-icon-list--layout-traditional elementor-list-item-link-full_width elementor-widget elementor-widget-icon-list\" data-id=\"826e11c\" data-element_type=\"widget\" data-e-type=\"widget\" data-widget_type=\"icon-list.default\">\n\t\t\t\t\t\t\t<ul class=\"elementor-icon-list-items\">\n\t\t\t\t\t\t\t<li class=\"elementor-icon-list-item\">\n\t\t\t\t\t\t\t\t\t\t\t<span class=\"elementor-icon-list-icon\">\n\t\t\t\t\t\t\t<i aria-hidden=\"true\" class=\"fas fa-check-circle\"><\/i>\t\t\t\t\t\t<\/span>\n\t\t\t\t\t\t\t\t\t\t<span class=\"elementor-icon-list-text\">Des services sp\u00e9cialis\u00e9s, adapt\u00e9s \u00e0 vos besoins<\/span>\n\t\t\t\t\t\t\t\t\t<\/li>\n\t\t\t\t\t\t\t\t<li class=\"elementor-icon-list-item\">\n\t\t\t\t\t\t\t\t\t\t\t<span class=\"elementor-icon-list-icon\">\n\t\t\t\t\t\t\t<i aria-hidden=\"true\" class=\"fas fa-check-circle\"><\/i>\t\t\t\t\t\t<\/span>\n\t\t\t\t\t\t\t\t\t\t<span class=\"elementor-icon-list-text\">Produits chimiques 100% respectueux de l'environnement<\/span>\n\t\t\t\t\t\t\t\t\t<\/li>\n\t\t\t\t\t\t\t\t<li class=\"elementor-icon-list-item\">\n\t\t\t\t\t\t\t\t\t\t\t<span class=\"elementor-icon-list-icon\">\n\t\t\t\t\t\t\t<i aria-hidden=\"true\" class=\"fas fa-check-circle\"><\/i>\t\t\t\t\t\t<\/span>\n\t\t\t\t\t\t\t\t\t\t<span class=\"elementor-icon-list-text\">Des services dignes de confiance, fiables et ponctuels<\/span>\n\t\t\t\t\t\t\t\t\t<\/li>\n\t\t\t\t\t\t\t\t<li class=\"elementor-icon-list-item\">\n\t\t\t\t\t\t\t\t\t\t\t<span class=\"elementor-icon-list-icon\">\n\t\t\t\t\t\t\t<i aria-hidden=\"true\" class=\"fas fa-check-circle\"><\/i>\t\t\t\t\t\t<\/span>\n\t\t\t\t\t\t\t\t\t\t<span class=\"elementor-icon-list-text\">Nous fournissons tous les \u00e9quipements et solutions automobiles.<\/span>\n\t\t\t\t\t\t\t\t\t<\/li>\n\t\t\t\t\t\t<\/ul>\n\t\t\t\t\t\t<\/div>\n\t\t\t\t\t<\/div>\n\t\t<\/div>\n\t\t\t\t<div class=\"elementor-column elementor-col-50 elementor-top-column elementor-element elementor-element-f263998 elementor-invisible\" data-id=\"f263998\" data-element_type=\"column\" data-e-type=\"column\" data-settings=\"{&quot;animation&quot;:&quot;fadeIn&quot;,&quot;animation_delay&quot;:300}\">\n\t\t\t<div class=\"elementor-widget-wrap elementor-element-populated\">\n\t\t\t\t\t\t<div class=\"elementor-element elementor-element-0472e11 elementor-widget elementor-widget-qt-icon-box\" data-id=\"0472e11\" data-element_type=\"widget\" data-e-type=\"widget\" data-widget_type=\"qt-icon-box.default\">\n\t\t\t\t\t            <div class=\"icon-box icon-left align-left layout-2 underline-hover\">\n        \n                    <div class=\"icon-box__icon\">\n                <i aria-hidden=\"true\" class=\"fas fa-sync\"><\/i>            <\/div>\n        \n        <div class=\"icon-box__content\">\n                            <h5 class=\"icon-box__heading\">Dur\u00e9e de vie du moteur prolong\u00e9e<\/h5>\n            \n                            <p>Plus efficace et, de mani\u00e8re g\u00e9n\u00e9rale, sa dur\u00e9e de vie est \u00e9galement plus longue.<\/p>\n            \n                    <\/div>\n\n        <\/div>\n        \n    \t\t\t\t<\/div>\n\t\t\t\t<div class=\"elementor-element elementor-element-f64814c elementor-widget elementor-widget-qt-icon-box\" data-id=\"f64814c\" data-element_type=\"widget\" data-e-type=\"widget\" data-widget_type=\"qt-icon-box.default\">\n\t\t\t\t\t            <div class=\"icon-box icon-left align-left layout-2 underline-hover\">\n        \n                    <div class=\"icon-box__icon\">\n                <i aria-hidden=\"true\" class=\"fab fa-envira\"><\/i>            <\/div>\n        \n        <div class=\"icon-box__content\">\n                            <h5 class=\"icon-box__heading\">Respectueux de l&#039;environnement<\/h5>\n            \n                            <p>Changer r\u00e9guli\u00e8rement l'huile vous permet de polluer beaucoup moins.<\/p>\n            \n                    <\/div>\n\n        <\/div>\n        \n    \t\t\t\t<\/div>\n\t\t\t\t\t<\/div>\n\t\t<\/div>\n\t\t\t\t\t<\/div>\n\t\t<\/section>\n\t\t\t\t<section class=\"elementor-section elementor-top-section elementor-element elementor-element-8eaca11 elementor-section-boxed elementor-section-height-default elementor-section-height-default\" data-id=\"8eaca11\" data-element_type=\"section\" data-e-type=\"section\">\n\t\t\t\t\t\t<div class=\"elementor-container elementor-column-gap-default\">\n\t\t\t\t\t<div class=\"elementor-column elementor-col-100 elementor-top-column elementor-element elementor-element-f325148\" data-id=\"f325148\" data-element_type=\"column\" data-e-type=\"column\">\n\t\t\t<div class=\"elementor-widget-wrap elementor-element-populated\">\n\t\t\t\t\t\t<div class=\"elementor-element elementor-element-3f22039 elementor-invisible elementor-widget elementor-widget-heading\" data-id=\"3f22039\" data-element_type=\"widget\" data-e-type=\"widget\" data-settings=\"{&quot;_animation&quot;:&quot;fadeIn&quot;}\" data-widget_type=\"heading.default\">\n\t\t\t\t\t<h2 class=\"elementor-heading-title elementor-size-default\">Foire aux questions<\/h2>\t\t\t\t<\/div>\n\t\t\t\t<div class=\"elementor-element elementor-element-79397e0 elementor-invisible elementor-widget elementor-widget-qt-accordion\" data-id=\"79397e0\" data-element_type=\"widget\" data-e-type=\"widget\" data-settings=\"{&quot;_animation&quot;:&quot;fadeIn&quot;}\" data-widget_type=\"qt-accordion.default\">\n\t\t\t\t\t\n        <div class=\"accordion\" id=\"accordion-0\" data-panel=\"accordion-0\">\n\n            \n                <div class=\"accordion__panel\">\n                    <div class=\"accordion__heading\">\n                        <h6 class=\"accordion__title\">\n                            <a class=\"accordion__toggle\" data-toggle=\"collapse\" data-parent=\"#accordion-0\" href=\"#collapse_0\" aria-expanded=\"true\">Que couvrent les garanties prolong\u00e9es\u00a0?                            <\/a>\n                        <\/h6>\n                    <\/div>\n\n                    <div id=\"collapse_0\" class=\"accordion__content collapse show\" aria-label=\"Que couvrent les garanties prolong\u00e9es\u00a0?\" data-parent=\"#accordion-0\">\n                        <div class=\"accordion__body\"><p>Une garantie prolong\u00e9e est en r\u00e9alit\u00e9 une assurance pour votre v\u00e9hicule, une protection contre les r\u00e9parations co\u00fbteuses et impr\u00e9vues. Elle couvre les r\u00e9parations pendant une p\u00e9riode et un kilom\u00e9trage convenus. Les garanties compl\u00e8tes, en revanche, sont incluses dans le prix du produit.<\/p>\n<\/div>\n                    <\/div>\n                <\/div>\n\n            \n                <div class=\"accordion__panel\">\n                    <div class=\"accordion__heading\">\n                        <h6 class=\"accordion__title\">\n                            <a class=\"accordion__toggle\" data-toggle=\"collapse\" data-parent=\"#accordion-0\" href=\"#collapse_1\" aria-expanded=\"false\">Comment v\u00e9rifier le niveau d'huile de transmission\u00a0?                            <\/a>\n                        <\/h6>\n                    <\/div>\n\n                    <div id=\"collapse_1\" class=\"accordion__content collapse\" aria-label=\"Comment v\u00e9rifier le niveau d&#039;huile de transmission\u00a0?\" data-parent=\"#accordion-0\">\n                        <div class=\"accordion__body\"><p>Il est recommand\u00e9 de vidanger l'huile de transmission tous les 96\u00a0000 kilom\u00e8tres. En respectant les recommandations du constructeur concernant la vidange de l'huile de transmission, vous prot\u00e9gez efficacement votre v\u00e9hicule contre les dommages \u00e9vitables (et co\u00fbteux) \u00e0 la transmission.<\/p>\n<\/div>\n                    <\/div>\n                <\/div>\n\n            \n                <div class=\"accordion__panel\">\n                    <div class=\"accordion__heading\">\n                        <h6 class=\"accordion__title\">\n                            <a class=\"accordion__toggle\" data-toggle=\"collapse\" data-parent=\"#accordion-0\" href=\"#collapse_2\" aria-expanded=\"false\">\u00c0 quelle fr\u00e9quence dois-je changer mon huile moteur ?                            <\/a>\n                        <\/h6>\n                    <\/div>\n\n                    <div id=\"collapse_2\" class=\"accordion__content collapse\" aria-label=\"\u00c0 quelle fr\u00e9quence dois-je changer mon huile moteur ?\" data-parent=\"#accordion-0\">\n                        <div class=\"accordion__body\"><p>Si votre v\u00e9hicule utilise de l'huile min\u00e9rale, la vidange doit \u00eatre effectu\u00e9e tous les 3 mois ou 5\u00a0000 kilom\u00e8tres.<\/p>\n<p>Si votre v\u00e9hicule utilise de l'huile synth\u00e9tique, la vidange doit \u00eatre effectu\u00e9e tous les 6 mois ou 8\u00a0000 kilom\u00e8tres.<\/p>\n<\/div>\n                    <\/div>\n                <\/div>\n\n            \n                <div class=\"accordion__panel\">\n                    <div class=\"accordion__heading\">\n                        <h6 class=\"accordion__title\">\n                            <a class=\"accordion__toggle\" data-toggle=\"collapse\" data-parent=\"#accordion-0\" href=\"#collapse_3\" aria-expanded=\"false\">Quels sont les crit\u00e8res \u00e0 prendre en compte lors de l'achat d'une batterie automobile\u00a0?                            <\/a>\n                        <\/h6>\n                    <\/div>\n\n                    <div id=\"collapse_3\" class=\"accordion__content collapse\" aria-label=\"Quels sont les crit\u00e8res \u00e0 prendre en compte lors de l&#039;achat d&#039;une batterie automobile\u00a0?\" data-parent=\"#accordion-0\">\n                        <div class=\"accordion__body\"><p>La dur\u00e9e de vie id\u00e9ale d'une batterie de voiture est de 3 \u00e0 5 ans, selon plusieurs facteurs.<\/p>\n<p>Pour garantir des performances optimales et un entretien ad\u00e9quat, faites v\u00e9rifier votre batterie par un technicien \u00e0 chaque vidange.<\/p>\n<\/div>\n                    <\/div>\n                <\/div>\n\n            \n                <div class=\"accordion__panel\">\n                    <div class=\"accordion__heading\">\n                        <h6 class=\"accordion__title\">\n                            <a class=\"accordion__toggle\" data-toggle=\"collapse\" data-parent=\"#accordion-0\" href=\"#collapse_4\" aria-expanded=\"false\">Qu'est-ce qui distingue les techniciens de service certifi\u00e9s ?                            <\/a>\n                        <\/h6>\n                    <\/div>\n\n                    <div id=\"collapse_4\" class=\"accordion__content collapse\" aria-label=\"Qu&#039;est-ce qui distingue les techniciens de service certifi\u00e9s ?\" data-parent=\"#accordion-0\">\n                        <div class=\"accordion__body\"><p>Les techniciens automobiles certifi\u00e9s sont soumis \u00e0 des normes rigoureuses et mesurables dans leur domaine, et ils sont responsables individuellement du respect de ces normes.<\/p>\n<p>Autolane s'engage \u00e0 faire respecter ces normes.<\/p>\n<\/div>\n                    <\/div>\n                <\/div>\n\n            \n            \n        <\/div>\n        \n    \t\t\t\t<\/div>\n\t\t\t\t\t<\/div>\n\t\t<\/div>\n\t\t\t\t\t<\/div>\n\t\t<\/section>\n\t\t\t\t<\/div>\n\t\t","protected":false},"excerpt":{"rendered":"<p>Votre v\u00e9hicule repr\u00e9sente l&rsquo;un des investissements les plus importants de votre vie. Un entretien pr\u00e9ventif vous permettra d&rsquo;assurer son bon fonctionnement et d&rsquo;\u00e9viter d&rsquo;\u00e9ventuels dommages au moteur ainsi que des r\u00e9parations co\u00fbteuses.<\/p>\n","protected":false},"author":1,"featured_media":2473,"parent":2139,"menu_order":0,"comment_status":"closed","ping_status":"closed","template":"","meta":{"_acf_changed":false,"footnotes":""},"class_list":["post-338","page","type-page","status-publish","has-post-thumbnail","hentry"],"acf":[],"_links":{"self":[{"href":"https:\/\/www.autopro1.be\/index.php\/wp-json\/wp\/v2\/pages\/338","targetHints":{"allow":["GET"]}}],"collection":[{"href":"https:\/\/www.autopro1.be\/index.php\/wp-json\/wp\/v2\/pages"}],"about":[{"href":"https:\/\/www.autopro1.be\/index.php\/wp-json\/wp\/v2\/types\/page"}],"author":[{"embeddable":true,"href":"https:\/\/www.autopro1.be\/index.php\/wp-json\/wp\/v2\/users\/1"}],"replies":[{"embeddable":true,"href":"https:\/\/www.autopro1.be\/index.php\/wp-json\/wp\/v2\/comments?post=338"}],"version-history":[{"count":16,"href":"https:\/\/www.autopro1.be\/index.php\/wp-json\/wp\/v2\/pages\/338\/revisions"}],"predecessor-version":[{"id":2779,"href":"https:\/\/www.autopro1.be\/index.php\/wp-json\/wp\/v2\/pages\/338\/revisions\/2779"}],"up":[{"embeddable":true,"href":"https:\/\/www.autopro1.be\/index.php\/wp-json\/wp\/v2\/pages\/2139"}],"wp:featuredmedia":[{"embeddable":true,"href":"https:\/\/www.autopro1.be\/index.php\/wp-json\/wp\/v2\/media\/2473"}],"wp:attachment":[{"href":"https:\/\/www.autopro1.be\/index.php\/wp-json\/wp\/v2\/media?parent=338"}],"curies":[{"name":"wp","href":"https:\/\/api.w.org\/{rel}","templated":true}]}}