{"id":336,"date":"2021-03-16T12:11:48","date_gmt":"2021-03-16T12:11:48","guid":{"rendered":"http:\/\/autolane.qreativethemes.com\/?page_id=336"},"modified":"2026-03-06T00:01:06","modified_gmt":"2026-03-06T00:01:06","slug":"engine-repair","status":"publish","type":"page","link":"https:\/\/www.autopro1.be\/index.php\/services\/engine-repair\/","title":{"rendered":"R\u00e9paration moteur"},"content":{"rendered":"\t\t<div data-elementor-type=\"wp-page\" data-elementor-id=\"336\" class=\"elementor elementor-336\">\n\t\t\t\t\t\t<section class=\"elementor-section elementor-top-section elementor-element elementor-element-449218a elementor-section-boxed elementor-section-height-default elementor-section-height-default\" data-id=\"449218a\" data-element_type=\"section\" data-e-type=\"section\">\n\t\t\t\t\t\t<div class=\"elementor-container elementor-column-gap-default\">\n\t\t\t\t\t<div class=\"elementor-column elementor-col-50 elementor-top-column elementor-element elementor-element-ebc4491\" data-id=\"ebc4491\" data-element_type=\"column\" data-e-type=\"column\">\n\t\t\t<div class=\"elementor-widget-wrap elementor-element-populated\">\n\t\t\t\t\t\t<div class=\"elementor-element elementor-element-563007f elementor-invisible elementor-widget elementor-widget-text-editor\" data-id=\"563007f\" data-element_type=\"widget\" data-e-type=\"widget\" data-settings=\"{&quot;_animation&quot;:&quot;fadeIn&quot;}\" data-widget_type=\"text-editor.default\">\n\t\t\t\t\t\t\t\t\t<h3>\u00c9vitez les r\u00e9parations co\u00fbteuses gr\u00e2ce \u00e0 la maintenance pr\u00e9ventive<\/h3><p>Si votre moteur ne fonctionne pas correctement, vous risquez d&rsquo;avoir \u00e0 faire face \u00e0 des r\u00e9parations co\u00fbteuses. Un remplacement de moteur peut vous co\u00fbter tr\u00e8s cher.<\/p><p>Un entretien pr\u00e9ventif permet d&rsquo;assurer le bon fonctionnement du moteur de votre voiture. Le moteur est un syst\u00e8me complexe compos\u00e9 de circuits \u00e9lectriques et m\u00e9caniques sophistiqu\u00e9s, tous fonctionnant \u00e0 haute temp\u00e9rature pour vous permettre de rouler.<\/p>\t\t\t\t\t\t\t\t<\/div>\n\t\t\t\t<div class=\"elementor-element elementor-element-d93b98c elementor-invisible elementor-widget elementor-widget-text-editor\" data-id=\"d93b98c\" data-element_type=\"widget\" data-e-type=\"widget\" data-settings=\"{&quot;_animation&quot;:&quot;fadeIn&quot;}\" data-widget_type=\"text-editor.default\">\n\t\t\t\t\t\t\t\t\t<h3>Pourquoi choisir Autopro1 ?<\/h3><p>Les v\u00e9hicules d&rsquo;aujourd&rsquo;hui sont tr\u00e8s sophistiqu\u00e9s. Les r\u00e9parations sont complexes pour la plupart des gens, et m\u00eame comprendre les travaux effectu\u00e9s demande beaucoup d&rsquo;efforts. C&rsquo;est pourquoi nous proposons des rapports num\u00e9riques.<\/p>\t\t\t\t\t\t\t\t<\/div>\n\t\t\t\t\t<\/div>\n\t\t<\/div>\n\t\t\t\t<div class=\"elementor-column elementor-col-50 elementor-top-column elementor-element elementor-element-d0c3c0b\" data-id=\"d0c3c0b\" data-element_type=\"column\" data-e-type=\"column\" data-settings=\"{&quot;background_background&quot;:&quot;classic&quot;}\">\n\t\t\t<div class=\"elementor-widget-wrap elementor-element-populated\">\n\t\t\t\t\t\t<div class=\"elementor-element elementor-element-93fdc8d elementor-invisible elementor-widget elementor-widget-qt-pricing-table\" data-id=\"93fdc8d\" data-element_type=\"widget\" data-e-type=\"widget\" data-settings=\"{&quot;_animation&quot;:&quot;fadeIn&quot;}\" data-widget_type=\"qt-pricing-table.default\">\n\t\t\t\t\t\n        <div class=\"pricing-table\">\n\n            \n                            <h5 class=\"pricing-table__title\">Entretien r\u00e9gulier<\/h5>\n            \n                            <span class=\"pricing-table__subtitle\">Un calendrier des t\u00e2ches pr\u00e9ventives<\/span>\n            \n            <div class=\"pricing-table__pricing\">\n\n                                    <span class=\"pricing-table__currency\">\u20ac<\/span>\n                \n                                    <span class=\"pricing-table__price\">40<\/span>\n                                \n                                    <span class=\"pricing-table__after__price\">\/ taux horaire<\/span>\n                \n            <\/div>\n\n                            <div class=\"pricing-table__label\">\n                    Les prix n&#039;incluent pas les nouveaux composants                <\/div>\n            \n                            <div class=\"pricing-table__button\">\n                    <a href=\"https:\/\/autolane.qreativethemes.com\/book-appointment\/\" class=\"btn btn-default\">Prendre rendez-vous<\/a>\n                <\/div>\n            \n            \n                <div class=\"pricing-table__content\">\n\n                                            <span class=\"pricing-table__content__title\">Services inclus\u00a0:<\/span>\n                    \n                                            <div class=\"pricing-table__included\">\n                            <ul>\n                                                                        <li>\n                                                                                            <i aria-hidden=\"true\" class=\"fas fa-arrow-circle-right\"><\/i>                                                                                        Remplacement des bougies d'allumage                                        <\/li>\n                                                                                <li>\n                                                                                            <i aria-hidden=\"true\" class=\"fas fa-arrow-circle-right\"><\/i>                                                                                        V\u00e9rification des c\u00e2bles de bougies                                        <\/li>\n                                                                                <li>\n                                                                                            <i aria-hidden=\"true\" class=\"fas fa-arrow-circle-right\"><\/i>                                                                                        Inspection de tous les composants du moteur                                        <\/li>\n                                                                                <li>\n                                                                                            <i aria-hidden=\"true\" class=\"fas fa-arrow-circle-right\"><\/i>                                                                                        Remplacement des filtres \u00e0 air et \u00e0 carburant                                        <\/li>\n                                                                    <\/ul>\n                        <\/div>\n                    \n                    \n                <\/div>\n\n            \n        <\/div>\n\n        \t\t\t\t<\/div>\n\t\t\t\t\t<\/div>\n\t\t<\/div>\n\t\t\t\t\t<\/div>\n\t\t<\/section>\n\t\t\t\t<section class=\"elementor-section elementor-top-section elementor-element elementor-element-66e1a7c elementor-section-content-middle elementor-section-boxed elementor-section-height-default elementor-section-height-default\" data-id=\"66e1a7c\" data-element_type=\"section\" data-e-type=\"section\">\n\t\t\t\t\t\t<div class=\"elementor-container elementor-column-gap-default\">\n\t\t\t\t\t<div class=\"elementor-column elementor-col-50 elementor-top-column elementor-element elementor-element-582c203\" data-id=\"582c203\" data-element_type=\"column\" data-e-type=\"column\">\n\t\t\t<div class=\"elementor-widget-wrap elementor-element-populated\">\n\t\t\t\t\t\t<div class=\"elementor-element elementor-element-508d6e4 elementor-invisible elementor-widget elementor-widget-image\" data-id=\"508d6e4\" data-element_type=\"widget\" data-e-type=\"widget\" data-settings=\"{&quot;_animation&quot;:&quot;fadeIn&quot;}\" data-widget_type=\"image.default\">\n\t\t\t\t\t\t\t\t\t\t\t\t\t\t\t\t<a href=\"http:\/\/www.autopro1.be\/wp-content\/uploads\/2026\/03\/engine-repair-1.jpg\" data-elementor-open-lightbox=\"yes\" data-elementor-lightbox-title=\"engine-repair (1)\" data-e-action-hash=\"#elementor-action%3Aaction%3Dlightbox%26settings%3DeyJpZCI6MjQ4OSwidXJsIjoiaHR0cHM6XC9cL3d3dy5hdXRvcHJvMS5iZVwvd3AtY29udGVudFwvdXBsb2Fkc1wvMjAyNlwvMDNcL2VuZ2luZS1yZXBhaXItMS5qcGcifQ%3D%3D\">\n\t\t\t\t\t\t\t<img fetchpriority=\"high\" decoding=\"async\" width=\"850\" height=\"560\" src=\"https:\/\/www.autopro1.be\/wp-content\/uploads\/2026\/03\/engine-repair-1.jpg\" class=\"attachment-full size-full wp-image-2489\" alt=\"\" srcset=\"https:\/\/www.autopro1.be\/wp-content\/uploads\/2026\/03\/engine-repair-1.jpg 850w, https:\/\/www.autopro1.be\/wp-content\/uploads\/2026\/03\/engine-repair-1-300x198.jpg 300w, https:\/\/www.autopro1.be\/wp-content\/uploads\/2026\/03\/engine-repair-1-768x506.jpg 768w, https:\/\/www.autopro1.be\/wp-content\/uploads\/2026\/03\/engine-repair-1-360x237.jpg 360w, https:\/\/www.autopro1.be\/wp-content\/uploads\/2026\/03\/engine-repair-1-600x395.jpg 600w\" sizes=\"(max-width: 850px) 100vw, 850px\" \/>\t\t\t\t\t\t\t\t<\/a>\n\t\t\t\t\t\t\t\t\t\t\t\t\t\t\t<\/div>\n\t\t\t\t\t<\/div>\n\t\t<\/div>\n\t\t\t\t<div class=\"elementor-column elementor-col-50 elementor-top-column elementor-element elementor-element-2925ce4\" data-id=\"2925ce4\" data-element_type=\"column\" data-e-type=\"column\" data-settings=\"{&quot;background_background&quot;:&quot;classic&quot;}\">\n\t\t\t<div class=\"elementor-widget-wrap elementor-element-populated\">\n\t\t\t\t\t\t<div class=\"elementor-element elementor-element-4488ccd elementor-invisible elementor-widget elementor-widget-image\" data-id=\"4488ccd\" data-element_type=\"widget\" data-e-type=\"widget\" data-settings=\"{&quot;_animation&quot;:&quot;fadeIn&quot;}\" data-widget_type=\"image.default\">\n\t\t\t\t\t\t\t\t\t\t\t\t\t\t\t\t<a href=\"http:\/\/www.autopro1.be\/wp-content\/uploads\/2026\/03\/engine-repair-2-1.jpg\" data-elementor-open-lightbox=\"yes\" data-elementor-lightbox-title=\"engine-repair-2 (1)\" data-e-action-hash=\"#elementor-action%3Aaction%3Dlightbox%26settings%3DeyJpZCI6MjQ4OCwidXJsIjoiaHR0cHM6XC9cL3d3dy5hdXRvcHJvMS5iZVwvd3AtY29udGVudFwvdXBsb2Fkc1wvMjAyNlwvMDNcL2VuZ2luZS1yZXBhaXItMi0xLmpwZyJ9\">\n\t\t\t\t\t\t\t<img decoding=\"async\" width=\"850\" height=\"560\" src=\"https:\/\/www.autopro1.be\/wp-content\/uploads\/2026\/03\/engine-repair-2-1.jpg\" class=\"attachment-full size-full wp-image-2488\" alt=\"\" srcset=\"https:\/\/www.autopro1.be\/wp-content\/uploads\/2026\/03\/engine-repair-2-1.jpg 850w, https:\/\/www.autopro1.be\/wp-content\/uploads\/2026\/03\/engine-repair-2-1-300x198.jpg 300w, https:\/\/www.autopro1.be\/wp-content\/uploads\/2026\/03\/engine-repair-2-1-768x506.jpg 768w, https:\/\/www.autopro1.be\/wp-content\/uploads\/2026\/03\/engine-repair-2-1-360x237.jpg 360w, https:\/\/www.autopro1.be\/wp-content\/uploads\/2026\/03\/engine-repair-2-1-600x395.jpg 600w\" sizes=\"(max-width: 850px) 100vw, 850px\" \/>\t\t\t\t\t\t\t\t<\/a>\n\t\t\t\t\t\t\t\t\t\t\t\t\t\t\t<\/div>\n\t\t\t\t\t<\/div>\n\t\t<\/div>\n\t\t\t\t\t<\/div>\n\t\t<\/section>\n\t\t\t\t<section class=\"elementor-section elementor-top-section elementor-element elementor-element-57b1720 elementor-section-content-middle elementor-section-boxed elementor-section-height-default elementor-section-height-default elementor-invisible\" data-id=\"57b1720\" data-element_type=\"section\" data-e-type=\"section\" data-settings=\"{&quot;background_background&quot;:&quot;classic&quot;,&quot;animation&quot;:&quot;fadeIn&quot;}\">\n\t\t\t\t\t\t\t<div class=\"elementor-background-overlay\"><\/div>\n\t\t\t\t\t\t\t<div class=\"elementor-container elementor-column-gap-extended\">\n\t\t\t\t\t<div class=\"elementor-column elementor-col-50 elementor-top-column elementor-element elementor-element-0f3f174 elementor-invisible\" data-id=\"0f3f174\" data-element_type=\"column\" data-e-type=\"column\" data-settings=\"{&quot;animation&quot;:&quot;fadeIn&quot;,&quot;animation_delay&quot;:200}\">\n\t\t\t<div class=\"elementor-widget-wrap elementor-element-populated\">\n\t\t\t\t\t\t<div class=\"elementor-element elementor-element-fd22514 elementor-widget elementor-widget-text-editor\" data-id=\"fd22514\" data-element_type=\"widget\" data-e-type=\"widget\" data-widget_type=\"text-editor.default\">\n\t\t\t\t\t\t\t\t\t<h3>Principaux avantages du service<\/h3><p>Faire entretenir r\u00e9guli\u00e8rement votre voiture vous permet de vous assurer que tout fonctionne correctement et aussi d&rsquo;\u00e9viter de tels probl\u00e8mes avant qu&rsquo;ils ne surviennent.<\/p>\t\t\t\t\t\t\t\t<\/div>\n\t\t\t\t<div class=\"elementor-element elementor-element-f536e40 elementor-icon-list--layout-traditional elementor-list-item-link-full_width elementor-widget elementor-widget-icon-list\" data-id=\"f536e40\" data-element_type=\"widget\" data-e-type=\"widget\" data-widget_type=\"icon-list.default\">\n\t\t\t\t\t\t\t<ul class=\"elementor-icon-list-items\">\n\t\t\t\t\t\t\t<li class=\"elementor-icon-list-item\">\n\t\t\t\t\t\t\t\t\t\t\t<span class=\"elementor-icon-list-icon\">\n\t\t\t\t\t\t\t<i aria-hidden=\"true\" class=\"fas fa-check-circle\"><\/i>\t\t\t\t\t\t<\/span>\n\t\t\t\t\t\t\t\t\t\t<span class=\"elementor-icon-list-text\">Des services sp\u00e9cialis\u00e9s, adapt\u00e9s \u00e0 vos besoins<\/span>\n\t\t\t\t\t\t\t\t\t<\/li>\n\t\t\t\t\t\t\t\t<li class=\"elementor-icon-list-item\">\n\t\t\t\t\t\t\t\t\t\t\t<span class=\"elementor-icon-list-icon\">\n\t\t\t\t\t\t\t<i aria-hidden=\"true\" class=\"fas fa-check-circle\"><\/i>\t\t\t\t\t\t<\/span>\n\t\t\t\t\t\t\t\t\t\t<span class=\"elementor-icon-list-text\">Des services sp\u00e9cialis\u00e9s, adapt\u00e9s \u00e0 vos besoins<\/span>\n\t\t\t\t\t\t\t\t\t<\/li>\n\t\t\t\t\t\t\t\t<li class=\"elementor-icon-list-item\">\n\t\t\t\t\t\t\t\t\t\t\t<span class=\"elementor-icon-list-icon\">\n\t\t\t\t\t\t\t<i aria-hidden=\"true\" class=\"fas fa-check-circle\"><\/i>\t\t\t\t\t\t<\/span>\n\t\t\t\t\t\t\t\t\t\t<span class=\"elementor-icon-list-text\">Des services dignes de confiance, fiables et ponctuels<\/span>\n\t\t\t\t\t\t\t\t\t<\/li>\n\t\t\t\t\t\t\t\t<li class=\"elementor-icon-list-item\">\n\t\t\t\t\t\t\t\t\t\t\t<span class=\"elementor-icon-list-icon\">\n\t\t\t\t\t\t\t<i aria-hidden=\"true\" class=\"fas fa-check-circle\"><\/i>\t\t\t\t\t\t<\/span>\n\t\t\t\t\t\t\t\t\t\t<span class=\"elementor-icon-list-text\">Nous fournissons tous les \u00e9quipements et solutions automobiles.<\/span>\n\t\t\t\t\t\t\t\t\t<\/li>\n\t\t\t\t\t\t<\/ul>\n\t\t\t\t\t\t<\/div>\n\t\t\t\t\t<\/div>\n\t\t<\/div>\n\t\t\t\t<div class=\"elementor-column elementor-col-50 elementor-top-column elementor-element elementor-element-0bef320 elementor-invisible\" data-id=\"0bef320\" data-element_type=\"column\" data-e-type=\"column\" data-settings=\"{&quot;animation&quot;:&quot;fadeIn&quot;,&quot;animation_delay&quot;:300}\">\n\t\t\t<div class=\"elementor-widget-wrap elementor-element-populated\">\n\t\t\t\t\t\t<div class=\"elementor-element elementor-element-30009d7 elementor-widget elementor-widget-qt-icon-box\" data-id=\"30009d7\" data-element_type=\"widget\" data-e-type=\"widget\" data-widget_type=\"qt-icon-box.default\">\n\t\t\t\t\t            <div class=\"icon-box icon-left align-left layout-2 underline-hover\">\n        \n                    <div class=\"icon-box__icon\">\n                <i aria-hidden=\"true\" class=\"fas fa-shield-alt\"><\/i>            <\/div>\n        \n        <div class=\"icon-box__content\">\n                            <h5 class=\"icon-box__heading\">Renforcer la s\u00e9curit\u00e9<\/h5>\n            \n                            <p>Sp\u00e9cialis\u00e9s dans la r\u00e9paration automobile, nous effectuons les r\u00e9parations correctement du premier coup.<\/p>\n            \n                    <\/div>\n\n        <\/div>\n        \n    \t\t\t\t<\/div>\n\t\t\t\t<div class=\"elementor-element elementor-element-93864d6 elementor-widget elementor-widget-qt-icon-box\" data-id=\"93864d6\" data-element_type=\"widget\" data-e-type=\"widget\" data-widget_type=\"qt-icon-box.default\">\n\t\t\t\t\t            <div class=\"icon-box icon-left align-left layout-2 underline-hover\">\n        \n                    <div class=\"icon-box__icon\">\n                <i aria-hidden=\"true\" class=\"fas fa-clock\"><\/i>            <\/div>\n        \n        <div class=\"icon-box__content\">\n                            <h5 class=\"icon-box__heading\">Gain de temps<\/h5>\n            \n                            <p>Sp\u00e9cialis\u00e9s dans la r\u00e9paration automobile, nous effectuons les r\u00e9parations correctement du premier coup.<\/p>\n            \n                    <\/div>\n\n        <\/div>\n        \n    \t\t\t\t<\/div>\n\t\t\t\t\t<\/div>\n\t\t<\/div>\n\t\t\t\t\t<\/div>\n\t\t<\/section>\n\t\t\t\t<section class=\"elementor-section elementor-top-section elementor-element elementor-element-4946e77 elementor-section-boxed elementor-section-height-default elementor-section-height-default\" data-id=\"4946e77\" data-element_type=\"section\" data-e-type=\"section\">\n\t\t\t\t\t\t<div class=\"elementor-container elementor-column-gap-extended\">\n\t\t\t\t\t<div class=\"elementor-column elementor-col-100 elementor-top-column elementor-element elementor-element-08c6a70\" data-id=\"08c6a70\" data-element_type=\"column\" data-e-type=\"column\">\n\t\t\t<div class=\"elementor-widget-wrap elementor-element-populated\">\n\t\t\t\t\t\t<div class=\"elementor-element elementor-element-307e699 elementor-invisible elementor-widget elementor-widget-heading\" data-id=\"307e699\" data-element_type=\"widget\" data-e-type=\"widget\" data-settings=\"{&quot;_animation&quot;:&quot;fadeIn&quot;}\" data-widget_type=\"heading.default\">\n\t\t\t\t\t<h2 class=\"elementor-heading-title elementor-size-default\">Foire aux questions<\/h2>\t\t\t\t<\/div>\n\t\t\t\t<div class=\"elementor-element elementor-element-165aaaa elementor-invisible elementor-widget elementor-widget-qt-accordion\" data-id=\"165aaaa\" data-element_type=\"widget\" data-e-type=\"widget\" data-settings=\"{&quot;_animation&quot;:&quot;fadeIn&quot;}\" data-widget_type=\"qt-accordion.default\">\n\t\t\t\t\t\n        <div class=\"accordion\" id=\"accordion-0\" data-panel=\"accordion-0\">\n\n            \n                <div class=\"accordion__panel\">\n                    <div class=\"accordion__heading\">\n                        <h6 class=\"accordion__title\">\n                            <a class=\"accordion__toggle\" data-toggle=\"collapse\" data-parent=\"#accordion-0\" href=\"#collapse_0\" aria-expanded=\"true\">Que couvrent les garanties prolong\u00e9es\u00a0?                            <\/a>\n                        <\/h6>\n                    <\/div>\n\n                    <div id=\"collapse_0\" class=\"accordion__content collapse show\" aria-label=\"Que couvrent les garanties prolong\u00e9es\u00a0?\" data-parent=\"#accordion-0\">\n                        <div class=\"accordion__body\"><p>Une garantie prolong\u00e9e est en r\u00e9alit\u00e9 une assurance pour votre v\u00e9hicule, une protection contre les r\u00e9parations co\u00fbteuses et impr\u00e9vues. Elle couvre les r\u00e9parations pendant une p\u00e9riode et un kilom\u00e9trage convenus. Les garanties compl\u00e8tes, en revanche, sont incluses dans le prix du produit.<\/p>\n<\/div>\n                    <\/div>\n                <\/div>\n\n            \n                <div class=\"accordion__panel\">\n                    <div class=\"accordion__heading\">\n                        <h6 class=\"accordion__title\">\n                            <a class=\"accordion__toggle\" data-toggle=\"collapse\" data-parent=\"#accordion-0\" href=\"#collapse_1\" aria-expanded=\"false\">Comment v\u00e9rifier le niveau d'huile de transmission\u00a0?                            <\/a>\n                        <\/h6>\n                    <\/div>\n\n                    <div id=\"collapse_1\" class=\"accordion__content collapse\" aria-label=\"Comment v\u00e9rifier le niveau d&#039;huile de transmission\u00a0?\" data-parent=\"#accordion-0\">\n                        <div class=\"accordion__body\"><p>Il est recommand\u00e9 de vidanger l'huile de transmission tous les 96\u00a0000 kilom\u00e8tres. En respectant les recommandations du constructeur concernant la vidange de l'huile de transmission, vous prot\u00e9gez efficacement votre v\u00e9hicule contre les dommages \u00e9vitables (et co\u00fbteux) \u00e0 la transmission.<\/p>\n<\/div>\n                    <\/div>\n                <\/div>\n\n            \n                <div class=\"accordion__panel\">\n                    <div class=\"accordion__heading\">\n                        <h6 class=\"accordion__title\">\n                            <a class=\"accordion__toggle\" data-toggle=\"collapse\" data-parent=\"#accordion-0\" href=\"#collapse_2\" aria-expanded=\"false\">\u00c0 quelle fr\u00e9quence dois-je changer mon huile moteur ?                            <\/a>\n                        <\/h6>\n                    <\/div>\n\n                    <div id=\"collapse_2\" class=\"accordion__content collapse\" aria-label=\"\u00c0 quelle fr\u00e9quence dois-je changer mon huile moteur ?\" data-parent=\"#accordion-0\">\n                        <div class=\"accordion__body\"><p>Si votre v\u00e9hicule utilise de l'huile min\u00e9rale, la vidange doit \u00eatre effectu\u00e9e tous les 3 mois ou 5\u00a0000 kilom\u00e8tres.<\/p>\n<p>Si votre v\u00e9hicule utilise de l'huile synth\u00e9tique, la vidange doit \u00eatre effectu\u00e9e tous les 6 mois ou 8\u00a0000 kilom\u00e8tres.<\/p>\n<\/div>\n                    <\/div>\n                <\/div>\n\n            \n                <div class=\"accordion__panel\">\n                    <div class=\"accordion__heading\">\n                        <h6 class=\"accordion__title\">\n                            <a class=\"accordion__toggle\" data-toggle=\"collapse\" data-parent=\"#accordion-0\" href=\"#collapse_3\" aria-expanded=\"false\">Quels sont les crit\u00e8res \u00e0 prendre en compte lors de l'achat d'une batterie automobile\u00a0?                            <\/a>\n                        <\/h6>\n                    <\/div>\n\n                    <div id=\"collapse_3\" class=\"accordion__content collapse\" aria-label=\"Quels sont les crit\u00e8res \u00e0 prendre en compte lors de l&#039;achat d&#039;une batterie automobile\u00a0?\" data-parent=\"#accordion-0\">\n                        <div class=\"accordion__body\"><p>La dur\u00e9e de vie id\u00e9ale d'une batterie de voiture est de 3 \u00e0 5 ans, selon plusieurs facteurs.<\/p>\n<p>Pour garantir des performances optimales et un entretien ad\u00e9quat, faites v\u00e9rifier votre batterie par un technicien \u00e0 chaque vidange.<\/p>\n<\/div>\n                    <\/div>\n                <\/div>\n\n            \n                <div class=\"accordion__panel\">\n                    <div class=\"accordion__heading\">\n                        <h6 class=\"accordion__title\">\n                            <a class=\"accordion__toggle\" data-toggle=\"collapse\" data-parent=\"#accordion-0\" href=\"#collapse_4\" aria-expanded=\"false\">Qu'est-ce qui distingue les techniciens de service certifi\u00e9s ?                            <\/a>\n                        <\/h6>\n                    <\/div>\n\n                    <div id=\"collapse_4\" class=\"accordion__content collapse\" aria-label=\"Qu&#039;est-ce qui distingue les techniciens de service certifi\u00e9s ?\" data-parent=\"#accordion-0\">\n                        <div class=\"accordion__body\"><p>Les techniciens automobiles certifi\u00e9s sont soumis \u00e0 des normes rigoureuses et mesurables dans leur domaine, et ils sont responsables individuellement du respect de ces normes.<\/p>\n<p>Autopro1 s'engage \u00e0 faire respecter ces normes.<\/p>\n<\/div>\n                    <\/div>\n                <\/div>\n\n            \n            \n        <\/div>\n        \n    \t\t\t\t<\/div>\n\t\t\t\t\t<\/div>\n\t\t<\/div>\n\t\t\t\t\t<\/div>\n\t\t<\/section>\n\t\t\t\t<\/div>\n\t\t","protected":false},"excerpt":{"rendered":"<p>Si votre moteur ne fonctionne pas correctement, vous risquez fort de devoir faire face \u00e0 une r\u00e9paration co\u00fbteuse. Un remplacement de moteur peut vous co\u00fbter tr\u00e8s cher.<\/p>\n","protected":false},"author":1,"featured_media":2489,"parent":2139,"menu_order":0,"comment_status":"closed","ping_status":"closed","template":"","meta":{"_acf_changed":false,"footnotes":""},"class_list":["post-336","page","type-page","status-publish","has-post-thumbnail","hentry"],"acf":[],"_links":{"self":[{"href":"https:\/\/www.autopro1.be\/index.php\/wp-json\/wp\/v2\/pages\/336","targetHints":{"allow":["GET"]}}],"collection":[{"href":"https:\/\/www.autopro1.be\/index.php\/wp-json\/wp\/v2\/pages"}],"about":[{"href":"https:\/\/www.autopro1.be\/index.php\/wp-json\/wp\/v2\/types\/page"}],"author":[{"embeddable":true,"href":"https:\/\/www.autopro1.be\/index.php\/wp-json\/wp\/v2\/users\/1"}],"replies":[{"embeddable":true,"href":"https:\/\/www.autopro1.be\/index.php\/wp-json\/wp\/v2\/comments?post=336"}],"version-history":[{"count":8,"href":"https:\/\/www.autopro1.be\/index.php\/wp-json\/wp\/v2\/pages\/336\/revisions"}],"predecessor-version":[{"id":2604,"href":"https:\/\/www.autopro1.be\/index.php\/wp-json\/wp\/v2\/pages\/336\/revisions\/2604"}],"up":[{"embeddable":true,"href":"https:\/\/www.autopro1.be\/index.php\/wp-json\/wp\/v2\/pages\/2139"}],"wp:featuredmedia":[{"embeddable":true,"href":"https:\/\/www.autopro1.be\/index.php\/wp-json\/wp\/v2\/media\/2489"}],"wp:attachment":[{"href":"https:\/\/www.autopro1.be\/index.php\/wp-json\/wp\/v2\/media?parent=336"}],"curies":[{"name":"wp","href":"https:\/\/api.w.org\/{rel}","templated":true}]}}