{"id":33,"date":"2021-03-11T14:19:24","date_gmt":"2021-03-11T14:19:24","guid":{"rendered":"http:\/\/autolane.qreativethemes.com\/?page_id=33"},"modified":"2026-03-05T16:49:54","modified_gmt":"2026-03-05T16:49:54","slug":"careers","status":"publish","type":"page","link":"https:\/\/www.autopro1.be\/index.php\/careers\/","title":{"rendered":"Carri\u00e8res"},"content":{"rendered":"\t\t<div data-elementor-type=\"wp-page\" data-elementor-id=\"33\" class=\"elementor elementor-33\">\n\t\t\t\t\t\t<section class=\"elementor-section elementor-top-section elementor-element elementor-element-9938788 elementor-section-boxed elementor-section-height-default elementor-section-height-default\" data-id=\"9938788\" data-element_type=\"section\" data-e-type=\"section\">\n\t\t\t\t\t\t<div class=\"elementor-container elementor-column-gap-default\">\n\t\t\t\t\t<div class=\"elementor-column elementor-col-100 elementor-top-column elementor-element elementor-element-fa0eb03\" data-id=\"fa0eb03\" data-element_type=\"column\" data-e-type=\"column\">\n\t\t\t<div class=\"elementor-widget-wrap elementor-element-populated\">\n\t\t\t\t\t\t<div class=\"elementor-element elementor-element-41c8d41 elementor-align-center elementor-invisible elementor-widget elementor-widget-qt-custom-heading\" data-id=\"41c8d41\" data-element_type=\"widget\" data-e-type=\"widget\" data-settings=\"{&quot;_animation&quot;:&quot;fadeIn&quot;}\" data-widget_type=\"qt-custom-heading.default\">\n\t\t\t\t\t        <div class=\"custom-heading primary-color\">\n                            <span class=\"custom-heading__subtitle\">We&#039;re Hiring!<\/span>\n            \n                            <h2 class=\"custom-heading__title\">Grow as a Mechanic<\/h2>\n                    <\/div>\n        \n    \t\t\t\t<\/div>\n\t\t\t\t<div class=\"elementor-element elementor-element-ebbaad6 elementor-invisible elementor-widget elementor-widget-text-editor\" data-id=\"ebbaad6\" data-element_type=\"widget\" data-e-type=\"widget\" data-settings=\"{&quot;_animation&quot;:&quot;fadeIn&quot;}\" data-widget_type=\"text-editor.default\">\n\t\t\t\t\t\t\t\t\t<p>Kickstart your career now and grow together with us.<br \/>We\u2019re hiring and have multiple open positions.<\/p>\t\t\t\t\t\t\t\t<\/div>\n\t\t\t\t\t<\/div>\n\t\t<\/div>\n\t\t\t\t\t<\/div>\n\t\t<\/section>\n\t\t\t\t<section class=\"elementor-section elementor-top-section elementor-element elementor-element-86d97a4 elementor-section-boxed elementor-section-height-default elementor-section-height-default\" data-id=\"86d97a4\" data-element_type=\"section\" data-e-type=\"section\">\n\t\t\t\t\t\t<div class=\"elementor-container elementor-column-gap-wide\">\n\t\t\t\t\t<div class=\"elementor-column elementor-col-50 elementor-top-column elementor-element elementor-element-5718927\" data-id=\"5718927\" data-element_type=\"column\" data-e-type=\"column\">\n\t\t\t<div class=\"elementor-widget-wrap elementor-element-populated\">\n\t\t\t\t\t\t<div class=\"elementor-element elementor-element-2fcf713 elementor-invisible elementor-widget elementor-widget-image\" data-id=\"2fcf713\" data-element_type=\"widget\" data-e-type=\"widget\" data-settings=\"{&quot;_animation&quot;:&quot;fadeIn&quot;}\" data-widget_type=\"image.default\">\n\t\t\t\t\t\t\t\t\t\t\t\t\t\t\t\t<a href=\"https:\/\/export-autolane.qreativethemes.com\/wp-content\/uploads\/2021\/03\/single-service.png\" data-elementor-open-lightbox=\"yes\" data-elementor-lightbox-title=\"single-service\" data-e-action-hash=\"#elementor-action%3Aaction%3Dlightbox%26settings%3DeyJpZCI6MTcyNywidXJsIjoiaHR0cHM6XC9cL3d3dy5hdXRvcHJvMS5iZVwvd3AtY29udGVudFwvdXBsb2Fkc1wvMjAyMVwvMDNcL3NpbmdsZS1zZXJ2aWNlLnBuZyJ9\">\n\t\t\t\t\t\t\t<img fetchpriority=\"high\" decoding=\"async\" width=\"850\" height=\"560\" src=\"https:\/\/www.autopro1.be\/wp-content\/uploads\/2021\/03\/single-service.png\" class=\"attachment-full size-full wp-image-1727\" alt=\"\" srcset=\"https:\/\/www.autopro1.be\/wp-content\/uploads\/2021\/03\/single-service.png 850w, https:\/\/www.autopro1.be\/wp-content\/uploads\/2021\/03\/single-service-600x395.png 600w\" sizes=\"(max-width: 850px) 100vw, 850px\" \/>\t\t\t\t\t\t\t\t<\/a>\n\t\t\t\t\t\t\t\t\t\t\t\t\t\t\t<\/div>\n\t\t\t\t\t<\/div>\n\t\t<\/div>\n\t\t\t\t<div class=\"elementor-column elementor-col-50 elementor-top-column elementor-element elementor-element-e0dbc26\" data-id=\"e0dbc26\" data-element_type=\"column\" data-e-type=\"column\">\n\t\t\t<div class=\"elementor-widget-wrap elementor-element-populated\">\n\t\t\t\t\t\t<div class=\"elementor-element elementor-element-9d0e1ed elementor-invisible elementor-widget elementor-widget-image\" data-id=\"9d0e1ed\" data-element_type=\"widget\" data-e-type=\"widget\" data-settings=\"{&quot;_animation&quot;:&quot;fadeIn&quot;,&quot;_animation_delay&quot;:200}\" data-widget_type=\"image.default\">\n\t\t\t\t\t\t\t\t\t\t\t\t\t\t\t\t<a href=\"https:\/\/export-autolane.qreativethemes.com\/wp-content\/uploads\/2021\/03\/single-service.png\" data-elementor-open-lightbox=\"yes\" data-elementor-lightbox-title=\"single-service\" data-e-action-hash=\"#elementor-action%3Aaction%3Dlightbox%26settings%3DeyJpZCI6MTcyNywidXJsIjoiaHR0cHM6XC9cL3d3dy5hdXRvcHJvMS5iZVwvd3AtY29udGVudFwvdXBsb2Fkc1wvMjAyMVwvMDNcL3NpbmdsZS1zZXJ2aWNlLnBuZyJ9\">\n\t\t\t\t\t\t\t<img fetchpriority=\"high\" decoding=\"async\" width=\"850\" height=\"560\" src=\"https:\/\/www.autopro1.be\/wp-content\/uploads\/2021\/03\/single-service.png\" class=\"attachment-full size-full wp-image-1727\" alt=\"\" srcset=\"https:\/\/www.autopro1.be\/wp-content\/uploads\/2021\/03\/single-service.png 850w, https:\/\/www.autopro1.be\/wp-content\/uploads\/2021\/03\/single-service-600x395.png 600w\" sizes=\"(max-width: 850px) 100vw, 850px\" \/>\t\t\t\t\t\t\t\t<\/a>\n\t\t\t\t\t\t\t\t\t\t\t\t\t\t\t<\/div>\n\t\t\t\t<div class=\"elementor-element elementor-element-b45f3f3 elementor-invisible elementor-widget elementor-widget-image\" data-id=\"b45f3f3\" data-element_type=\"widget\" data-e-type=\"widget\" data-settings=\"{&quot;_animation&quot;:&quot;fadeIn&quot;,&quot;_animation_delay&quot;:200}\" data-widget_type=\"image.default\">\n\t\t\t\t\t\t\t\t\t\t\t\t\t\t\t\t<a href=\"https:\/\/export-autolane.qreativethemes.com\/wp-content\/uploads\/2021\/03\/single-service.png\" data-elementor-open-lightbox=\"yes\" data-elementor-lightbox-title=\"single-service\" data-e-action-hash=\"#elementor-action%3Aaction%3Dlightbox%26settings%3DeyJpZCI6MTcyNywidXJsIjoiaHR0cHM6XC9cL3d3dy5hdXRvcHJvMS5iZVwvd3AtY29udGVudFwvdXBsb2Fkc1wvMjAyMVwvMDNcL3NpbmdsZS1zZXJ2aWNlLnBuZyJ9\">\n\t\t\t\t\t\t\t<img fetchpriority=\"high\" decoding=\"async\" width=\"850\" height=\"560\" src=\"https:\/\/www.autopro1.be\/wp-content\/uploads\/2021\/03\/single-service.png\" class=\"attachment-full size-full wp-image-1727\" alt=\"\" srcset=\"https:\/\/www.autopro1.be\/wp-content\/uploads\/2021\/03\/single-service.png 850w, https:\/\/www.autopro1.be\/wp-content\/uploads\/2021\/03\/single-service-600x395.png 600w\" sizes=\"(max-width: 850px) 100vw, 850px\" \/>\t\t\t\t\t\t\t\t<\/a>\n\t\t\t\t\t\t\t\t\t\t\t\t\t\t\t<\/div>\n\t\t\t\t\t<\/div>\n\t\t<\/div>\n\t\t\t\t\t<\/div>\n\t\t<\/section>\n\t\t\t\t<section class=\"elementor-section elementor-top-section elementor-element elementor-element-a867880 elementor-section-boxed elementor-section-height-default elementor-section-height-default\" data-id=\"a867880\" data-element_type=\"section\" data-e-type=\"section\" id=\"jobs\">\n\t\t\t\t\t\t<div class=\"elementor-container elementor-column-gap-default\">\n\t\t\t\t\t<div class=\"elementor-column elementor-col-100 elementor-top-column elementor-element elementor-element-d3fc638\" data-id=\"d3fc638\" data-element_type=\"column\" data-e-type=\"column\">\n\t\t\t<div class=\"elementor-widget-wrap elementor-element-populated\">\n\t\t\t\t\t\t<div class=\"elementor-element elementor-element-111b744 elementor-align-center elementor-invisible elementor-widget elementor-widget-qt-custom-heading\" data-id=\"111b744\" data-element_type=\"widget\" data-e-type=\"widget\" data-settings=\"{&quot;_animation&quot;:&quot;fadeIn&quot;}\" data-widget_type=\"qt-custom-heading.default\">\n\t\t\t\t\t        <div class=\"custom-heading primary-color\">\n                            <span class=\"custom-heading__subtitle\">Working with Us<\/span>\n            \n                            <h2 class=\"custom-heading__title\">Open Positions<\/h2>\n                    <\/div>\n        \n    \t\t\t\t<\/div>\n\t\t\t\t<div class=\"elementor-element elementor-element-be0b1e9 elementor-invisible elementor-widget elementor-widget-qt-careers\" data-id=\"be0b1e9\" data-element_type=\"widget\" data-e-type=\"widget\" data-settings=\"{&quot;_animation&quot;:&quot;fadeIn&quot;}\" data-widget_type=\"qt-careers.default\">\n\t\t\t\t\t            <div class=\"careers\">\n                                    <div class=\"career__single\">\n                                                    <div class=\"career__title\">\n                                <a href=\"#\">Auto Mechanic<\/a>                            <\/div>\n                                                                            <div class=\"career__location\"><i aria-hidden=\"true\" class=\"fas fa-globe-americas\"><\/i>New York, NY, USA<\/div>\n                        \n                                                    <div class=\"career__label\"><i aria-hidden=\"true\" class=\"fas fa-clock\"><\/i>Fulltime<\/div>\n                                                                            <div class=\"career__button\">\n                                <a href=\"#\">Apply<\/a>\n                            <\/div>\n                                            <\/div>\n                                    <div class=\"career__single\">\n                                                    <div class=\"career__title\">\n                                <a href=\"#\">Auto Sales Manager<\/a>                            <\/div>\n                                                                            <div class=\"career__location\"><i aria-hidden=\"true\" class=\"fas fa-globe-americas\"><\/i>New York, NY, USA<\/div>\n                        \n                                                    <div class=\"career__label\"><i aria-hidden=\"true\" class=\"fas fa-clock\"><\/i>Fulltime<\/div>\n                                                                            <div class=\"career__button\">\n                                <a href=\"#\">Apply<\/a>\n                            <\/div>\n                                            <\/div>\n                                    <div class=\"career__single\">\n                                                    <div class=\"career__title\">\n                                <a href=\"#\">Quality Testing Engineer<\/a>                            <\/div>\n                                                                            <div class=\"career__location\"><i aria-hidden=\"true\" class=\"fas fa-globe-americas\"><\/i>Atlante, Georgia, USA<\/div>\n                        \n                                                    <div class=\"career__label\"><i aria-hidden=\"true\" class=\"fas fa-clock\"><\/i>Fulltime<\/div>\n                                                                            <div class=\"career__button\">\n                                <a href=\"#\">Apply<\/a>\n                            <\/div>\n                                            <\/div>\n                                    <div class=\"career__single\">\n                                                    <div class=\"career__title\">\n                                <a href=\"#\">Vehicle Inspector<\/a>                            <\/div>\n                                                                            <div class=\"career__location\"><i aria-hidden=\"true\" class=\"fas fa-globe-americas\"><\/i>Los Angeles, CA, USA<\/div>\n                        \n                                                    <div class=\"career__label\"><i aria-hidden=\"true\" class=\"fas fa-clock\"><\/i>Part-Time<\/div>\n                                                                            <div class=\"career__button\">\n                                <a href=\"#\">Apply<\/a>\n                            <\/div>\n                                            <\/div>\n                                    <div class=\"career__single\">\n                                                    <div class=\"career__title\">\n                                <a href=\"#\">Car Detailer<\/a>                            <\/div>\n                                                                            <div class=\"career__location\"><i aria-hidden=\"true\" class=\"fas fa-globe-americas\"><\/i>New York, NY, USA<\/div>\n                        \n                                                    <div class=\"career__label\"><i aria-hidden=\"true\" class=\"fas fa-clock\"><\/i>Fulltime<\/div>\n                                                                            <div class=\"career__button\">\n                                <a href=\"#\">Apply<\/a>\n                            <\/div>\n                                            <\/div>\n                            <\/div>\n        \t\t\t\t<\/div>\n\t\t\t\t\t<\/div>\n\t\t<\/div>\n\t\t\t\t\t<\/div>\n\t\t<\/section>\n\t\t\t\t<section class=\"elementor-section elementor-top-section elementor-element elementor-element-f948425 elementor-section-stretched elementor-section-boxed elementor-section-height-default elementor-section-height-default\" data-id=\"f948425\" data-element_type=\"section\" data-e-type=\"section\" data-settings=\"{&quot;stretch_section&quot;:&quot;section-stretched&quot;,&quot;background_background&quot;:&quot;classic&quot;}\">\n\t\t\t\t\t\t<div class=\"elementor-container elementor-column-gap-default\">\n\t\t\t\t\t<div class=\"elementor-column elementor-col-100 elementor-top-column elementor-element elementor-element-57731cc\" data-id=\"57731cc\" data-element_type=\"column\" data-e-type=\"column\">\n\t\t\t<div class=\"elementor-widget-wrap elementor-element-populated\">\n\t\t\t\t\t\t<div class=\"elementor-element elementor-element-3d857eb elementor-align-center elementor-invisible elementor-widget elementor-widget-qt-custom-heading\" data-id=\"3d857eb\" data-element_type=\"widget\" data-e-type=\"widget\" data-settings=\"{&quot;_animation&quot;:&quot;fadeIn&quot;}\" data-widget_type=\"qt-custom-heading.default\">\n\t\t\t\t\t        <div class=\"custom-heading primary-color\">\n                            <span class=\"custom-heading__subtitle\">Our Advantages<\/span>\n            \n                            <h2 class=\"custom-heading__title\">Company Benefits<\/h2>\n                    <\/div>\n        \n    \t\t\t\t<\/div>\n\t\t\t\t<section class=\"elementor-section elementor-inner-section elementor-element elementor-element-1ed30ce elementor-section-boxed elementor-section-height-default elementor-section-height-default\" data-id=\"1ed30ce\" data-element_type=\"section\" data-e-type=\"section\">\n\t\t\t\t\t\t<div class=\"elementor-container elementor-column-gap-extended\">\n\t\t\t\t\t<div class=\"elementor-column elementor-col-20 elementor-inner-column elementor-element elementor-element-10538a6\" data-id=\"10538a6\" data-element_type=\"column\" data-e-type=\"column\">\n\t\t\t<div class=\"elementor-widget-wrap elementor-element-populated\">\n\t\t\t\t\t\t<div class=\"elementor-element elementor-element-6430010 elementor-invisible elementor-widget elementor-widget-qt-icon-box\" data-id=\"6430010\" data-element_type=\"widget\" data-e-type=\"widget\" data-settings=\"{&quot;_animation&quot;:&quot;fadeIn&quot;}\" data-widget_type=\"qt-icon-box.default\">\n\t\t\t\t\t            <div class=\"icon-box icon-top align-center featured-style\">\n        \n                    <div class=\"icon-box__icon\">\n                <i aria-hidden=\"true\" class=\"fas fa-heart\"><\/i>            <\/div>\n        \n        <div class=\"icon-box__content\">\n                            <h5 class=\"icon-box__heading\">Full Health Coverage<\/h5>\n            \n                            <p>Generous health coverage for all our employees<\/p>\n            \n                    <\/div>\n\n        <\/div>\n        \n    \t\t\t\t<\/div>\n\t\t\t\t\t<\/div>\n\t\t<\/div>\n\t\t\t\t<div class=\"elementor-column elementor-col-20 elementor-inner-column elementor-element elementor-element-7de253c\" data-id=\"7de253c\" data-element_type=\"column\" data-e-type=\"column\">\n\t\t\t<div class=\"elementor-widget-wrap elementor-element-populated\">\n\t\t\t\t\t\t<div class=\"elementor-element elementor-element-fc23c25 elementor-invisible elementor-widget elementor-widget-qt-icon-box\" data-id=\"fc23c25\" data-element_type=\"widget\" data-e-type=\"widget\" data-settings=\"{&quot;_animation&quot;:&quot;fadeIn&quot;,&quot;_animation_delay&quot;:200}\" data-widget_type=\"qt-icon-box.default\">\n\t\t\t\t\t            <div class=\"icon-box icon-top align-center featured-style\">\n        \n                    <div class=\"icon-box__icon\">\n                <i aria-hidden=\"true\" class=\"far fa-money-bill-alt\"><\/i>            <\/div>\n        \n        <div class=\"icon-box__content\">\n                            <h5 class=\"icon-box__heading\">Retirement Plan<\/h5>\n            \n                            <p>It\u2019s never too early or too late to start saving<\/p>\n            \n                    <\/div>\n\n        <\/div>\n        \n    \t\t\t\t<\/div>\n\t\t\t\t\t<\/div>\n\t\t<\/div>\n\t\t\t\t<div class=\"elementor-column elementor-col-20 elementor-inner-column elementor-element elementor-element-8c02c71\" data-id=\"8c02c71\" data-element_type=\"column\" data-e-type=\"column\">\n\t\t\t<div class=\"elementor-widget-wrap elementor-element-populated\">\n\t\t\t\t\t\t<div class=\"elementor-element elementor-element-d6059c3 elementor-invisible elementor-widget elementor-widget-qt-icon-box\" data-id=\"d6059c3\" data-element_type=\"widget\" data-e-type=\"widget\" data-settings=\"{&quot;_animation&quot;:&quot;fadeIn&quot;,&quot;_animation_delay&quot;:400}\" data-widget_type=\"qt-icon-box.default\">\n\t\t\t\t\t            <div class=\"icon-box icon-top align-center featured-style\">\n        \n                    <div class=\"icon-box__icon\">\n                <i aria-hidden=\"true\" class=\"fas fa-cloud-sun\"><\/i>            <\/div>\n        \n        <div class=\"icon-box__content\">\n                            <h5 class=\"icon-box__heading\">Flexible Vacation<\/h5>\n            \n                            <p>Take the time you need to live a balanced life<\/p>\n            \n                    <\/div>\n\n        <\/div>\n        \n    \t\t\t\t<\/div>\n\t\t\t\t\t<\/div>\n\t\t<\/div>\n\t\t\t\t<div class=\"elementor-column elementor-col-20 elementor-inner-column elementor-element elementor-element-2422aba\" data-id=\"2422aba\" data-element_type=\"column\" data-e-type=\"column\">\n\t\t\t<div class=\"elementor-widget-wrap elementor-element-populated\">\n\t\t\t\t\t\t<div class=\"elementor-element elementor-element-d6115c0 elementor-invisible elementor-widget elementor-widget-qt-icon-box\" data-id=\"d6115c0\" data-element_type=\"widget\" data-e-type=\"widget\" data-settings=\"{&quot;_animation&quot;:&quot;fadeIn&quot;,&quot;_animation_delay&quot;:600}\" data-widget_type=\"qt-icon-box.default\">\n\t\t\t\t\t            <div class=\"icon-box icon-top align-center featured-style\">\n        \n                    <div class=\"icon-box__icon\">\n                <i aria-hidden=\"true\" class=\"fas fa-people-arrows\"><\/i>            <\/div>\n        \n        <div class=\"icon-box__content\">\n                            <h5 class=\"icon-box__heading\">Employee Activities<\/h5>\n            \n                            <p>Annual retreat, team off-sites and more<\/p>\n            \n                    <\/div>\n\n        <\/div>\n        \n    \t\t\t\t<\/div>\n\t\t\t\t\t<\/div>\n\t\t<\/div>\n\t\t\t\t<div class=\"elementor-column elementor-col-20 elementor-inner-column elementor-element elementor-element-4482f2a\" data-id=\"4482f2a\" data-element_type=\"column\" data-e-type=\"column\">\n\t\t\t<div class=\"elementor-widget-wrap elementor-element-populated\">\n\t\t\t\t\t\t<div class=\"elementor-element elementor-element-c393f47 elementor-invisible elementor-widget elementor-widget-qt-icon-box\" data-id=\"c393f47\" data-element_type=\"widget\" data-e-type=\"widget\" data-settings=\"{&quot;_animation&quot;:&quot;fadeIn&quot;,&quot;_animation_delay&quot;:800}\" data-widget_type=\"qt-icon-box.default\">\n\t\t\t\t\t            <div class=\"icon-box icon-top align-center featured-style\">\n        \n                    <div class=\"icon-box__icon\">\n                <i aria-hidden=\"true\" class=\"fas fa-hamburger\"><\/i>            <\/div>\n        \n        <div class=\"icon-box__content\">\n                            <h5 class=\"icon-box__heading\">Free Meals Every Day<\/h5>\n            \n                            <p>Food tastes better when eating together<\/p>\n            \n                    <\/div>\n\n        <\/div>\n        \n    \t\t\t\t<\/div>\n\t\t\t\t\t<\/div>\n\t\t<\/div>\n\t\t\t\t\t<\/div>\n\t\t<\/section>\n\t\t\t\t\t<\/div>\n\t\t<\/div>\n\t\t\t\t\t<\/div>\n\t\t<\/section>\n\t\t\t\t<\/div>\n\t\t","protected":false},"excerpt":{"rendered":"<p>We&rsquo;re Hiring! Devenir m\u00e9canicien Donnez un coup de pouce \u00e0 votre carri\u00e8re d\u00e8s maintenant et \u00e9voluez avec nous. Nous recrutons et plusieurs postes sont \u00e0 pourvoir. Working with Us Open Positions Auto Mechanic New York, NY, USA Fulltime Apply Auto Sales Manager New York, NY, USA Fulltime Apply Quality Testing Engineer Atlante, Georgia, USA Fulltime&hellip;<\/p>\n","protected":false},"author":1,"featured_media":0,"parent":0,"menu_order":0,"comment_status":"closed","ping_status":"closed","template":"","meta":{"_acf_changed":false,"footnotes":""},"class_list":["post-33","page","type-page","status-publish","hentry"],"acf":[],"_links":{"self":[{"href":"https:\/\/www.autopro1.be\/index.php\/wp-json\/wp\/v2\/pages\/33","targetHints":{"allow":["GET"]}}],"collection":[{"href":"https:\/\/www.autopro1.be\/index.php\/wp-json\/wp\/v2\/pages"}],"about":[{"href":"https:\/\/www.autopro1.be\/index.php\/wp-json\/wp\/v2\/types\/page"}],"author":[{"embeddable":true,"href":"https:\/\/www.autopro1.be\/index.php\/wp-json\/wp\/v2\/users\/1"}],"replies":[{"embeddable":true,"href":"https:\/\/www.autopro1.be\/index.php\/wp-json\/wp\/v2\/comments?post=33"}],"version-history":[{"count":5,"href":"https:\/\/www.autopro1.be\/index.php\/wp-json\/wp\/v2\/pages\/33\/revisions"}],"predecessor-version":[{"id":2271,"href":"https:\/\/www.autopro1.be\/index.php\/wp-json\/wp\/v2\/pages\/33\/revisions\/2271"}],"wp:attachment":[{"href":"https:\/\/www.autopro1.be\/index.php\/wp-json\/wp\/v2\/media?parent=33"}],"curies":[{"name":"wp","href":"https:\/\/api.w.org\/{rel}","templated":true}]}}