{"id":31,"date":"2021-03-11T14:19:16","date_gmt":"2021-03-11T14:19:16","guid":{"rendered":"http:\/\/autolane.qreativethemes.com\/?page_id=31"},"modified":"2026-03-06T09:36:58","modified_gmt":"2026-03-06T09:36:58","slug":"prices-rates","status":"publish","type":"page","link":"https:\/\/www.autopro1.be\/index.php\/prices-rates\/","title":{"rendered":"Prix \u200b\u200bet tarifs"},"content":{"rendered":"\t\t<div data-elementor-type=\"wp-page\" data-elementor-id=\"31\" class=\"elementor elementor-31\">\n\t\t\t\t\t\t<section class=\"elementor-section elementor-top-section elementor-element elementor-element-a15a980 elementor-section-boxed elementor-section-height-default elementor-section-height-default\" data-id=\"a15a980\" data-element_type=\"section\" data-e-type=\"section\">\n\t\t\t\t\t\t<div class=\"elementor-container elementor-column-gap-no\">\n\t\t\t\t\t<div class=\"elementor-column elementor-col-33 elementor-top-column elementor-element elementor-element-2da7dd9\" data-id=\"2da7dd9\" data-element_type=\"column\" data-e-type=\"column\">\n\t\t\t<div class=\"elementor-widget-wrap elementor-element-populated\">\n\t\t\t\t\t\t<div class=\"elementor-element elementor-element-b17fab7 elementor-invisible elementor-widget elementor-widget-qt-pricing-table\" data-id=\"b17fab7\" data-element_type=\"widget\" data-e-type=\"widget\" data-settings=\"{&quot;_animation&quot;:&quot;fadeIn&quot;}\" data-widget_type=\"qt-pricing-table.default\">\n\t\t\t\t\t\n        <div class=\"pricing-table\">\n\n            \n                            <h5 class=\"pricing-table__title\">Entretien automobile<\/h5>\n            \n                            <span class=\"pricing-table__subtitle\">Maintenance planifi\u00e9e<\/span>\n            \n            <div class=\"pricing-table__pricing\">\n\n                                    <span class=\"pricing-table__currency\">\u20ac<\/span>\n                \n                                    <span class=\"pricing-table__price\">150<\/span>\n                                \n                                    <span class=\"pricing-table__after__price\">\/ mensuel<\/span>\n                \n            <\/div>\n\n                            <div class=\"pricing-table__label\">\n                    Vous \u00eates libre de choisir vos r\u00e9parateurs.                <\/div>\n            \n                            <div class=\"pricing-table__button\">\n                    <a href=\"#\" class=\"btn btn-default\">Pack d&#039;achat<\/a>\n                <\/div>\n            \n            \n                <div class=\"pricing-table__content\">\n\n                                            <span class=\"pricing-table__content__title\">Services inclus\u00a0:<\/span>\n                    \n                                            <div class=\"pricing-table__included\">\n                            <ul>\n                                                                        <li>\n                                                                                            <i aria-hidden=\"true\" class=\"fas fa-check-circle\"><\/i>                                                                                        Garantie \u00e0 vie limit\u00e9e                                        <\/li>\n                                                                                <li>\n                                                                                            <i aria-hidden=\"true\" class=\"fas fa-check-circle\"><\/i>                                                                                        Regraissage des roulements de roue avant                                        <\/li>\n                                                                                <li>\n                                                                                            <i aria-hidden=\"true\" class=\"fas fa-check-circle\"><\/i>                                                                                        V\u00e9rification de la suspension                                        <\/li>\n                                                                                <li>\n                                                                                            <i aria-hidden=\"true\" class=\"fas fa-check-circle\"><\/i>                                                                                        Vidange d'huile moteur                                        <\/li>\n                                                                    <\/ul>\n                        <\/div>\n                    \n                    \n                <\/div>\n\n            \n        <\/div>\n\n        \t\t\t\t<\/div>\n\t\t\t\t\t<\/div>\n\t\t<\/div>\n\t\t\t\t<div class=\"elementor-column elementor-col-33 elementor-top-column elementor-element elementor-element-c4b9369\" data-id=\"c4b9369\" data-element_type=\"column\" data-e-type=\"column\">\n\t\t\t<div class=\"elementor-widget-wrap elementor-element-populated\">\n\t\t\t\t\t\t<div class=\"elementor-element elementor-element-0b788bb elementor-invisible elementor-widget elementor-widget-qt-pricing-table\" data-id=\"0b788bb\" data-element_type=\"widget\" data-e-type=\"widget\" data-settings=\"{&quot;_animation&quot;:&quot;fadeIn&quot;,&quot;_animation_delay&quot;:100}\" data-widget_type=\"qt-pricing-table.default\">\n\t\t\t\t\t\n        <div class=\"pricing-table featured-style\">\n\n                            <span class=\"pricing-table__featured__title\">Recommand\u00e9 !<\/span>\n            \n                            <h5 class=\"pricing-table__title\">R\u00e9glage des performances<\/h5>\n            \n                            <span class=\"pricing-table__subtitle\">Remappage en tant que modification logicielle<\/span>\n            \n            <div class=\"pricing-table__pricing\">\n\n                                    <span class=\"pricing-table__currency\">\u20ac<\/span>\n                \n                                    <span class=\"pricing-table__price\">300<\/span>\n                                \n                                    <span class=\"pricing-table__after__price\">\/ une seule fois<\/span>\n                \n            <\/div>\n\n                            <div class=\"pricing-table__label\">\n                    Vous \u00eates libre de choisir vos r\u00e9parateurs.                <\/div>\n            \n                            <div class=\"pricing-table__button\">\n                    <a href=\"#\" class=\"btn btn-default\">Acheter le service<\/a>\n                <\/div>\n            \n            \n                <div class=\"pricing-table__content\">\n\n                                            <span class=\"pricing-table__content__title\">Services inclus\u00a0:<\/span>\n                    \n                                            <div class=\"pricing-table__included\">\n                            <ul>\n                                                                        <li>\n                                                                                            <i aria-hidden=\"true\" class=\"fas fa-check-circle\"><\/i>                                                                                        Reprogrammation\/Optimisation du calculateur moteur                                        <\/li>\n                                                                                <li>\n                                                                                            <i aria-hidden=\"true\" class=\"fas fa-check-circle\"><\/i>                                                                                        Abaissement\/R\u00e9glage de la suspension                                        <\/li>\n                                                                                <li>\n                                                                                            <i aria-hidden=\"true\" class=\"fas fa-check-circle\"><\/i>                                                                                        Pr\u00e9paration moteur sur mesure                                        <\/li>\n                                                                                <li>\n                                                                                            <i aria-hidden=\"true\" class=\"fas fa-check-circle\"><\/i>                                                                                        Turbocompresseur                                        <\/li>\n                                                                    <\/ul>\n                        <\/div>\n                    \n                    \n                <\/div>\n\n            \n        <\/div>\n\n        \t\t\t\t<\/div>\n\t\t\t\t\t<\/div>\n\t\t<\/div>\n\t\t\t\t<div class=\"elementor-column elementor-col-33 elementor-top-column elementor-element elementor-element-ccf2024\" data-id=\"ccf2024\" data-element_type=\"column\" data-e-type=\"column\">\n\t\t\t<div class=\"elementor-widget-wrap elementor-element-populated\">\n\t\t\t\t\t\t<div class=\"elementor-element elementor-element-25f1133 elementor-invisible elementor-widget elementor-widget-qt-pricing-table\" data-id=\"25f1133\" data-element_type=\"widget\" data-e-type=\"widget\" data-settings=\"{&quot;_animation&quot;:&quot;fadeIn&quot;,&quot;_animation_delay&quot;:200}\" data-widget_type=\"qt-pricing-table.default\">\n\t\t\t\t\t\n        <div class=\"pricing-table\">\n\n            \n                            <h5 class=\"pricing-table__title\">Assistance routi\u00e8re<\/h5>\n            \n                            <span class=\"pricing-table__subtitle\">Couvre tous types de v\u00e9hicules en cas d&#039;accident ou de panne.<\/span>\n            \n            <div class=\"pricing-table__pricing\">\n\n                                    <span class=\"pricing-table__currency\">$<\/span>\n                \n                                    <span class=\"pricing-table__price\">33<\/span>\n                                \n                                    <span class=\"pricing-table__after__price\">\/ mensuel<\/span>\n                \n            <\/div>\n\n            \n                            <div class=\"pricing-table__button\">\n                    <a href=\"#\" class=\"btn btn-default\">S&#039;abonner<\/a>\n                <\/div>\n            \n            \n                <div class=\"pricing-table__content\">\n\n                                            <span class=\"pricing-table__content__title\">Services inclus\u00a0:<\/span>\n                    \n                                            <div class=\"pricing-table__included\">\n                            <ul>\n                                                                        <li>\n                                                                                            <i aria-hidden=\"true\" class=\"fas fa-check-circle\"><\/i>                                                                                        Service de remorquage                                        <\/li>\n                                                                                <li>\n                                                                                            <i aria-hidden=\"true\" class=\"fas fa-check-circle\"><\/i>                                                                                        Service de d\u00e9marrage de batterie                                        <\/li>\n                                                                                <li>\n                                                                                            <i aria-hidden=\"true\" class=\"fas fa-check-circle\"><\/i>                                                                                        Service de livraison de carburant                                        <\/li>\n                                                                                <li>\n                                                                                            <i aria-hidden=\"true\" class=\"fas fa-check-circle\"><\/i>                                                                                        Service de r\u00e9paration de pneus crev\u00e9s                                        <\/li>\n                                                                    <\/ul>\n                        <\/div>\n                    \n                    \n                <\/div>\n\n            \n        <\/div>\n\n        \t\t\t\t<\/div>\n\t\t\t\t\t<\/div>\n\t\t<\/div>\n\t\t\t\t\t<\/div>\n\t\t<\/section>\n\t\t\t\t<section class=\"elementor-section elementor-top-section elementor-element elementor-element-0d7fbf6 elementor-section-boxed elementor-section-height-default elementor-section-height-default\" data-id=\"0d7fbf6\" data-element_type=\"section\" data-e-type=\"section\">\n\t\t\t\t\t\t<div class=\"elementor-container elementor-column-gap-extended\">\n\t\t\t\t\t<div class=\"elementor-column elementor-col-50 elementor-top-column elementor-element elementor-element-9fab883 elementor-invisible\" data-id=\"9fab883\" data-element_type=\"column\" data-e-type=\"column\" data-settings=\"{&quot;animation&quot;:&quot;fadeIn&quot;}\">\n\t\t\t<div class=\"elementor-widget-wrap elementor-element-populated\">\n\t\t\t\t\t\t<div class=\"elementor-element elementor-element-56a3f80 elementor-widget elementor-widget-qt-custom-heading\" data-id=\"56a3f80\" data-element_type=\"widget\" data-e-type=\"widget\" data-widget_type=\"qt-custom-heading.default\">\n\t\t\t\t\t        <div class=\"custom-heading rotate-subtitle  primary-color\">\n            \n                            <h2 class=\"custom-heading__title\">Prix \u200b\u200bde r\u00e9paration automobile<\/h2>\n                    <\/div>\n        \n    \t\t\t\t<\/div>\n\t\t\t\t<div class=\"elementor-element elementor-element-3f8495d elementor-widget elementor-widget-qt-pricing-list\" data-id=\"3f8495d\" data-element_type=\"widget\" data-e-type=\"widget\" data-widget_type=\"qt-pricing-list.default\">\n\t\t\t\t\t\n            <div class=\"pricing-list\">\n\n                \n                    <div class=\"pricing-list__item\">\n\n                        \n                        <div class=\"pricing-list__head\">\n\n                            \n                                                            <div class=\"pricing-list__name\">Entretien automobile<\/div>\n                            \n                            \n                                                            <div class=\"pricing-list__price\">\u20ac65<\/div>\n                            \n                        <\/div>\n\n                                            <div class=\"pricing-list__description\"><p>Lorem ipsum dolor sit amet, consectetur adipiscing elit. Ut elit tellus, luctus nec ullamcorper mattis, pulvinar dapibus.<\/p><\/div>\n                    \n                    \n                    <\/div>\n\n                \n                    <div class=\"pricing-list__item\">\n\n                        \n                        <div class=\"pricing-list__head\">\n\n                            \n                                                            <div class=\"pricing-list__name\">R\u00e9glage des performances<\/div>\n                            \n                            \n                                                            <div class=\"pricing-list__price\">\u20ac75<\/div>\n                            \n                        <\/div>\n\n                                            <div class=\"pricing-list__description\"><p>Lorem ipsum dolor sit amet, consectetur adipiscing elit. Ut elit tellus, luctus nec ullamcorper mattis, pulvinar dapibus.<\/p><\/div>\n                    \n                    \n                    <\/div>\n\n                \n                    <div class=\"pricing-list__item\">\n\n                        \n                        <div class=\"pricing-list__head\">\n\n                            \n                                                            <div class=\"pricing-list__name\">Assistance routi\u00e8re<\/div>\n                            \n                                                            <div class=\"pricing-list__duration\">1 heure<\/div>\n                            \n                                                            <div class=\"pricing-list__price\">\u20ac85<\/div>\n                            \n                        <\/div>\n\n                                            <div class=\"pricing-list__description\"><p>Lorem ipsum dolor sit amet, consectetur adipiscing elit. Ut elit tellus, luctus nec ullamcorper mattis, pulvinar dapibus.<\/p><\/div>\n                    \n                    \n                    <\/div>\n\n                \n            <\/div>\n\n        \t\t\t\t<\/div>\n\t\t\t\t\t<\/div>\n\t\t<\/div>\n\t\t\t\t<div class=\"elementor-column elementor-col-50 elementor-top-column elementor-element elementor-element-bf7efa5 elementor-invisible\" data-id=\"bf7efa5\" data-element_type=\"column\" data-e-type=\"column\" data-settings=\"{&quot;animation&quot;:&quot;fadeIn&quot;,&quot;animation_delay&quot;:100}\">\n\t\t\t<div class=\"elementor-widget-wrap elementor-element-populated\">\n\t\t\t\t\t\t<div class=\"elementor-element elementor-element-d3661ce elementor-widget elementor-widget-qt-custom-heading\" data-id=\"d3661ce\" data-element_type=\"widget\" data-e-type=\"widget\" data-widget_type=\"qt-custom-heading.default\">\n\t\t\t\t\t        <div class=\"custom-heading rotate-subtitle  primary-color\">\n            \n                            <h2 class=\"custom-heading__title\">Prix \u200b\u200bd'entretien automobile<\/h2>\n                    <\/div>\n        \n    \t\t\t\t<\/div>\n\t\t\t\t<div class=\"elementor-element elementor-element-0037d4f elementor-widget elementor-widget-qt-pricing-list\" data-id=\"0037d4f\" data-element_type=\"widget\" data-e-type=\"widget\" data-widget_type=\"qt-pricing-list.default\">\n\t\t\t\t\t\n            <div class=\"pricing-list\">\n\n                \n                    <div class=\"pricing-list__item\">\n\n                        \n                        <div class=\"pricing-list__head\">\n\n                            \n                                                            <div class=\"pricing-list__name\">Assistance routi\u00e8re<\/div>\n                            \n                                                            <div class=\"pricing-list__duration\">1 heure<\/div>\n                            \n                                                            <div class=\"pricing-list__price\">\u20ac85<\/div>\n                            \n                        <\/div>\n\n                                            <div class=\"pricing-list__description\"><p>Lorem ipsum dolor sit amet, consectetur adipiscing elit. Ut elit tellus, luctus nec ullamcorper mattis, pulvinar dapibus.<\/p><\/div>\n                    \n                    \n                    <\/div>\n\n                \n                    <div class=\"pricing-list__item\">\n\n                        \n                        <div class=\"pricing-list__head\">\n\n                            \n                                                            <div class=\"pricing-list__name\">Entretien automobile<\/div>\n                            \n                            \n                                                            <div class=\"pricing-list__price\">\u20ac65<\/div>\n                            \n                        <\/div>\n\n                                            <div class=\"pricing-list__description\"><p>Lorem ipsum dolor sit amet, consectetur adipiscing elit. Ut elit tellus, luctus nec ullamcorper mattis, pulvinar dapibus.<\/p><\/div>\n                    \n                    \n                    <\/div>\n\n                \n                    <div class=\"pricing-list__item\">\n\n                        \n                        <div class=\"pricing-list__head\">\n\n                            \n                                                            <div class=\"pricing-list__name\">R\u00e9glage des performances<\/div>\n                            \n                            \n                                                            <div class=\"pricing-list__price\">\u20ac75<\/div>\n                            \n                        <\/div>\n\n                                            <div class=\"pricing-list__description\"><p>Lorem ipsum dolor sit amet, consectetur adipiscing elit. Ut elit tellus, luctus nec ullamcorper mattis, pulvinar dapibus.<\/p><\/div>\n                    \n                    \n                    <\/div>\n\n                \n            <\/div>\n\n        \t\t\t\t<\/div>\n\t\t\t\t\t<\/div>\n\t\t<\/div>\n\t\t\t\t\t<\/div>\n\t\t<\/section>\n\t\t\t\t<section class=\"elementor-section elementor-top-section elementor-element elementor-element-86bd4bc elementor-section-boxed elementor-section-height-default elementor-section-height-default\" data-id=\"86bd4bc\" data-element_type=\"section\" data-e-type=\"section\">\n\t\t\t\t\t\t<div class=\"elementor-container elementor-column-gap-default\">\n\t\t\t\t\t<div class=\"elementor-column elementor-col-100 elementor-top-column elementor-element elementor-element-52f84f8\" data-id=\"52f84f8\" data-element_type=\"column\" data-e-type=\"column\">\n\t\t\t<div class=\"elementor-widget-wrap elementor-element-populated\">\n\t\t\t\t\t\t<div class=\"elementor-element elementor-element-7d656e9 elementor-invisible elementor-widget elementor-widget-qt-custom-heading\" data-id=\"7d656e9\" data-element_type=\"widget\" data-e-type=\"widget\" data-settings=\"{&quot;_animation&quot;:&quot;fadeIn&quot;}\" data-widget_type=\"qt-custom-heading.default\">\n\t\t\t\t\t        <div class=\"custom-heading rotate-subtitle  primary-color\">\n            \n                            <h2 class=\"custom-heading__title\">Achetez dans notre boutique<\/h2>\n                    <\/div>\n        \n    \t\t\t\t<\/div>\n\t\t\t\t<div class=\"elementor-element elementor-element-14c46f8 elementor-invisible elementor-widget elementor-widget-qt-shop-products\" data-id=\"14c46f8\" data-element_type=\"widget\" data-e-type=\"widget\" data-settings=\"{&quot;_animation&quot;:&quot;fadeIn&quot;,&quot;_animation_delay&quot;:100,&quot;columns&quot;:&quot;4&quot;}\" data-widget_type=\"qt-shop-products.default\">\n\t\t\t\t\t<div class=\"woocommerce recent-products\"><ul class=\"products columns-4\">                <li class=\"product type-product post-328 status-publish first instock product_cat-general product_cat-oil-fluids has-post-thumbnail downloadable shipping-taxable purchasable product-type-simple\">\n                    <a href=\"https:\/\/www.autopro1.be\/index.php\/produit\/motor-oil\/\" class=\"woocommerce-LoopProduct-link woocommerce-loop-product__link\">\n                        \n                        \n                        <img fetchpriority=\"high\" decoding=\"async\" width=\"300\" height=\"300\" src=\"https:\/\/www.autopro1.be\/wp-content\/uploads\/2021\/03\/ecc8ec4f-9bb2-467c-a7d6-deb4af68c366-300x300.png\" class=\"attachment-woocommerce_thumbnail size-woocommerce_thumbnail\" alt=\"\" srcset=\"https:\/\/www.autopro1.be\/wp-content\/uploads\/2021\/03\/ecc8ec4f-9bb2-467c-a7d6-deb4af68c366-300x300.png 300w, https:\/\/www.autopro1.be\/wp-content\/uploads\/2021\/03\/ecc8ec4f-9bb2-467c-a7d6-deb4af68c366-150x150.png 150w, https:\/\/www.autopro1.be\/wp-content\/uploads\/2021\/03\/ecc8ec4f-9bb2-467c-a7d6-deb4af68c366-768x768.png 768w, https:\/\/www.autopro1.be\/wp-content\/uploads\/2021\/03\/ecc8ec4f-9bb2-467c-a7d6-deb4af68c366-600x600.png 600w, https:\/\/www.autopro1.be\/wp-content\/uploads\/2021\/03\/ecc8ec4f-9bb2-467c-a7d6-deb4af68c366-100x100.png 100w, https:\/\/www.autopro1.be\/wp-content\/uploads\/2021\/03\/ecc8ec4f-9bb2-467c-a7d6-deb4af68c366.png 1024w\" sizes=\"(max-width: 300px) 100vw, 300px\" \/>\n                        <h2 class=\"woocommerce-loop-product__title\">Huile moteur<\/h2>\n\n                        \n                        <span class=\"price\"><span class=\"woocommerce-Price-amount amount\"><span class=\"woocommerce-Price-currencySymbol\">&euro;<\/span>&nbsp;34,99<\/span><\/span>\n\n                        <div class=\"add-to-cart\">\n                            <a href=\"\/index.php\/wp-json\/wp\/v2\/pages\/31?add-to-cart=328\" data-quantity=\"1\" class=\"button product_type_simple add_to_cart_button ajax_add_to_cart\" data-product_id=\"328\" data-product_sku=\"\" aria-label=\"Add to cart: &ldquo;Huile moteur&rdquo;\" rel=\"nofollow\">Ajouter au panier<\/a>                        <\/div>\n\n                    <\/a>\n                <\/li>\n                <\/ul><\/div>\t\t\t\t<\/div>\n\t\t\t\t\t<\/div>\n\t\t<\/div>\n\t\t\t\t\t<\/div>\n\t\t<\/section>\n\t\t\t\t<\/div>\n\t\t","protected":false},"excerpt":{"rendered":"<p>Entretien automobile Maintenance planifi\u00e9e \u20ac 150 \/ mensuel Vous \u00eates libre de choisir vos r\u00e9parateurs. Pack d&#039;achat Services inclus\u00a0: Garantie \u00e0 vie limit\u00e9e Regraissage des roulements de roue avant V\u00e9rification de la suspension Vidange d&rsquo;huile moteur Recommand\u00e9 ! R\u00e9glage des performances Remappage en tant que modification logicielle \u20ac 300 \/ une seule fois Vous \u00eates&hellip;<\/p>\n","protected":false},"author":1,"featured_media":0,"parent":0,"menu_order":0,"comment_status":"closed","ping_status":"closed","template":"","meta":{"_acf_changed":false,"footnotes":""},"class_list":["post-31","page","type-page","status-publish","hentry"],"acf":[],"_links":{"self":[{"href":"https:\/\/www.autopro1.be\/index.php\/wp-json\/wp\/v2\/pages\/31","targetHints":{"allow":["GET"]}}],"collection":[{"href":"https:\/\/www.autopro1.be\/index.php\/wp-json\/wp\/v2\/pages"}],"about":[{"href":"https:\/\/www.autopro1.be\/index.php\/wp-json\/wp\/v2\/types\/page"}],"author":[{"embeddable":true,"href":"https:\/\/www.autopro1.be\/index.php\/wp-json\/wp\/v2\/users\/1"}],"replies":[{"embeddable":true,"href":"https:\/\/www.autopro1.be\/index.php\/wp-json\/wp\/v2\/comments?post=31"}],"version-history":[{"count":24,"href":"https:\/\/www.autopro1.be\/index.php\/wp-json\/wp\/v2\/pages\/31\/revisions"}],"predecessor-version":[{"id":2750,"href":"https:\/\/www.autopro1.be\/index.php\/wp-json\/wp\/v2\/pages\/31\/revisions\/2750"}],"wp:attachment":[{"href":"https:\/\/www.autopro1.be\/index.php\/wp-json\/wp\/v2\/media?parent=31"}],"curies":[{"name":"wp","href":"https:\/\/api.w.org\/{rel}","templated":true}]}}