{"id":29,"date":"2021-03-11T14:19:05","date_gmt":"2021-03-11T14:19:05","guid":{"rendered":"http:\/\/autolane.qreativethemes.com\/?page_id=29"},"modified":"2026-03-09T05:37:26","modified_gmt":"2026-03-09T05:37:26","slug":"our-team","status":"publish","type":"page","link":"https:\/\/www.autopro1.be\/index.php\/our-team\/","title":{"rendered":"Notre \u00e9quipe"},"content":{"rendered":"\t\t<div data-elementor-type=\"wp-page\" data-elementor-id=\"29\" class=\"elementor elementor-29\">\n\t\t\t\t\t\t<section class=\"elementor-section elementor-top-section elementor-element elementor-element-26ce610 elementor-section-boxed elementor-section-height-default elementor-section-height-default elementor-invisible\" data-id=\"26ce610\" data-element_type=\"section\" data-e-type=\"section\" data-settings=\"{&quot;shape_divider_top&quot;:&quot;drops&quot;,&quot;animation&quot;:&quot;zoomIn&quot;}\">\n\t\t\t\t\t<div class=\"elementor-shape elementor-shape-top\" aria-hidden=\"true\" data-negative=\"false\">\n\t\t\t<svg xmlns=\"http:\/\/www.w3.org\/2000\/svg\" height=\"100%\" viewBox=\"0 0 283.5 27.8\" preserveAspectRatio=\"xMidYMax slice\">\n\t<path class=\"elementor-shape-fill\" d=\"M0 0v1.4c.6.7 1.1 1.4 1.4 2 2 3.8 2.2 6.6 1.8 10.8-.3 3.3-2.4 9.4 0 12.3 1.7 2 3.7 1.4 4.6-.9 1.4-3.8-.7-8.2-.6-12 .1-3.7 3.2-5.5 6.9-4.9 4 .6 4.8 4 4.9 7.4.1 1.8-1.1 7 0 8.5.6.8 1.6 1.2 2.4.5 1.4-1.1.1-5.4.1-6.9.1-3.7.3-8.6 4.1-10.5 5-2.5 6.2 1.6 5.4 5.6-.4 1.7-1 9.2 2.9 6.3 1.5-1.1.7-3.5.5-4.9-.4-2.4-.4-4.3 1-6.5.9-1.4 2.4-3.1 4.2-3 2.4.1 2.7 2.2 4 3.7 1.5 1.8 1.8 2.2 3 .1 1.1-1.9 1.2-2.8 3.6-3.3 1.3-.3 4.8-1.4 5.9-.5 1.5 1.1.6 2.8.4 4.3-.2 1.1-.6 4 1.8 3.4 1.7-.4-.3-4.1.6-5.6 1.3-2.2 5.8-1.4 7 .5 1.3 2.1.5 5.8.1 8.1s-1.2 5-.6 7.4c1.3 5.1 4.4.9 4.3-2.4-.1-4.4-2-8.8-.5-13 .9-2.4 4.6-6.6 7.7-4.5 2.7 1.8.5 7.8.2 10.3-.2 1.7-.8 4.6.2 6.2.9 1.4 2 1.5 2.6-.3.5-1.5-.9-4.5-1-6.1-.2-1.7-.4-3.7.2-5.4 1.8-5.6 3.5 2.4 6.3.6 1.4-.9 4.3-9.4 6.1-3.1.6 2.2-1.3 7.8.7 8.9 4.2 2.3 1.5-7.1 2.2-8 3.1-4 4.7 3.8 6.1 4.1 3.1.7 2.8-7.9 8.1-4.5 1.7 1.1 2.9 3.3 3.2 5.2.4 2.2-1 4.5-.6 6.6 1 4.3 4.4 1.5 4.4-1.7 0-2.7-3-8.3 1.4-9.1 4.4-.9 7.3 3.5 7.8 6.9.3 2-1.5 10.9 1.3 11.3 4.1.6-3.2-15.7 4.8-15.8 4.7-.1 2.8 4.1 3.9 6.6 1 2.4 2.1 1 2.3-.8.3-1.9-.9-3.2 1.3-4.3 5.9-2.9 5.9 5.4 5.5 8.5-.3 2-1.7 8.4 2 8.1 6.9-.5-2.8-16.9 4.8-18.7 4.7-1.2 6.1 3.6 6.3 7.1.1 1.7-1.2 8.1.6 9.1 3.5 2 1.9-7 2-8.4.2-4 1.2-9.6 6.4-9.8 4.7-.2 3.2 4.6 2.7 7.5-.4 2.2 1.3 8.6 3.8 4.4 1.1-1.9-.3-4.1-.3-6 0-1.7.4-3.2 1.3-4.6 1-1.6 2.9-3.5 5.1-2.9 2.5.6 2.3 4.1 4.1 4.9 1.9.8 1.6-.9 2.3-2.1 1.2-2.1 2.1-2.1 4.4-2.4 1.4-.2 3.6-1.5 4.9-.5 2.3 1.7-.7 4.4.1 6.5.6 1.5 2.1 1.7 2.8.3.7-1.4-1.1-3.4-.3-4.8 1.4-2.5 6.2-1.2 7.2 1 2.3 4.8-3.3 12-.2 16.3 3 4.1 3.9-2.8 3.8-4.8-.4-4.3-2.1-8.9 0-13.1 1.3-2.5 5.9-5.7 7.9-2.4 2 3.2-1.3 9.8-.8 13.4.5 4.4 3.5 3.3 2.7-.8-.4-1.9-2.4-10 .6-11.1 3.7-1.4 2.8 7.2 6.5.4 2.2-4.1 4.9-3.1 5.2 1.2.1 1.5-.6 3.1-.4 4.6.2 1.9 1.8 3.7 3.3 1.3 1-1.6-2.6-10.4 2.9-7.3 2.6 1.5 1.6 6.5 4.8 2.7 1.3-1.5 1.7-3.6 4-3.7 2.2-.1 4 2.3 4.8 4.1 1.3 2.9-1.5 8.4.9 10.3 4.2 3.3 3-5.5 2.7-6.9-.6-3.9 1-7.2 5.5-5 4.1 2.1 4.3 7.7 4.1 11.6 0 .8-.6 9.5 2.5 5.2 1.2-1.7-.1-7.7.1-9.6.3-2.9 1.2-5.5 4.3-6.2 4.5-1 7.7 1.5 7.4 5.8-.2 3.5-1.8 7.7-.5 11.1 1 2.7 3.6 2.8 5 .2 1.6-3.1 0-8.3-.4-11.6-.4-4.2-.2-7 1.8-10.8 0 0-.1.1-.1.2-.2.4-.3.7-.4.8v.1c-.1.2-.1.2 0 0v-.1l.4-.8c0-.1.1-.1.1-.2.2-.4.5-.8.8-1.2V0H0zM282.7 3.4z\"\/>\n<\/svg>\t\t<\/div>\n\t\t\t\t\t<div class=\"elementor-container elementor-column-gap-wide\">\n\t\t\t\t\t<div class=\"elementor-column elementor-col-25 elementor-top-column elementor-element elementor-element-e81cc63\" data-id=\"e81cc63\" data-element_type=\"column\" data-e-type=\"column\">\n\t\t\t<div class=\"elementor-widget-wrap elementor-element-populated\">\n\t\t\t\t\t\t<div class=\"elementor-element elementor-element-da27f03 elementor-align-center elementor-invisible elementor-widget elementor-widget-qt-team-member\" data-id=\"da27f03\" data-element_type=\"widget\" data-e-type=\"widget\" data-settings=\"{&quot;_animation&quot;:&quot;fadeInDown&quot;}\" data-widget_type=\"qt-team-member.default\">\n\t\t\t\t\t\n        <div class=\"team-member\">\n\n            <div class=\"team-member__content\">\n\n                                    <span class=\"team-member__tag\">CEO<\/span>\n                \n                                    <h5 class=\"team-member__name\">Hughes Vande Zande<\/h5>\n                \n                \n                \n            <\/div>\n\n                            \n                <div class=\"team-member__image\">\n\n                    \n                    <img fetchpriority=\"high\" decoding=\"async\" width=\"1536\" height=\"1024\" src=\"https:\/\/www.autopro1.be\/wp-content\/uploads\/2026\/03\/adf67fe6-9fbd-4a22-9f3e-9090476c533b.png\" class=\"attachment-full size-full wp-image-2756\" alt=\"\" srcset=\"https:\/\/www.autopro1.be\/wp-content\/uploads\/2026\/03\/adf67fe6-9fbd-4a22-9f3e-9090476c533b.png 1536w, https:\/\/www.autopro1.be\/wp-content\/uploads\/2026\/03\/adf67fe6-9fbd-4a22-9f3e-9090476c533b-300x200.png 300w, https:\/\/www.autopro1.be\/wp-content\/uploads\/2026\/03\/adf67fe6-9fbd-4a22-9f3e-9090476c533b-1024x683.png 1024w, https:\/\/www.autopro1.be\/wp-content\/uploads\/2026\/03\/adf67fe6-9fbd-4a22-9f3e-9090476c533b-768x512.png 768w, https:\/\/www.autopro1.be\/wp-content\/uploads\/2026\/03\/adf67fe6-9fbd-4a22-9f3e-9090476c533b-1320x880.png 1320w\" sizes=\"(max-width: 1536px) 100vw, 1536px\" \/>\n                    \n                        <div class=\"team-member__socials\">\n\n                                                            <a href=\"#\"><i class=\"fab fa-facebook-f\"><\/i><\/a>\n                            \n                            \n                            \n                            \n                            \n                            \n                            \n                            \n                            \n                                                            <a href=\"mailto:\"><i class=\"fas fa-envelope\"><\/i><\/a>\n                            \n                                                            <a href=\"tel:1234567\"><i class=\"fas fa-phone-alt\"><\/i><\/a>\n                            \n                        <\/div>\n\n                    \n                <\/div>\n\n            \n        <\/div>\n\n        \t\t\t\t<\/div>\n\t\t\t\t\t<\/div>\n\t\t<\/div>\n\t\t\t\t<div class=\"elementor-column elementor-col-25 elementor-top-column elementor-element elementor-element-c89c8a0\" data-id=\"c89c8a0\" data-element_type=\"column\" data-e-type=\"column\">\n\t\t\t<div class=\"elementor-widget-wrap elementor-element-populated\">\n\t\t\t\t\t\t<div class=\"elementor-element elementor-element-01dfb84 elementor-align-center elementor-invisible elementor-widget elementor-widget-qt-team-member\" data-id=\"01dfb84\" data-element_type=\"widget\" data-e-type=\"widget\" data-settings=\"{&quot;_animation&quot;:&quot;bounceInRight&quot;}\" data-widget_type=\"qt-team-member.default\">\n\t\t\t\t\t\n        <div class=\"team-member\">\n\n            <div class=\"team-member__content\">\n\n                                    <span class=\"team-member__tag\">Commercial<\/span>\n                \n                                    <h5 class=\"team-member__name\">J\u00e9rome Lejeune<\/h5>\n                \n                \n                \n            <\/div>\n\n                            \n                <div class=\"team-member__image\">\n\n                    \n                    <img decoding=\"async\" width=\"1376\" height=\"768\" src=\"https:\/\/www.autopro1.be\/wp-content\/uploads\/2026\/03\/unnamed-7.jpg\" class=\"attachment-full size-full wp-image-2616\" alt=\"\" srcset=\"https:\/\/www.autopro1.be\/wp-content\/uploads\/2026\/03\/unnamed-7.jpg 1376w, https:\/\/www.autopro1.be\/wp-content\/uploads\/2026\/03\/unnamed-7-300x167.jpg 300w, https:\/\/www.autopro1.be\/wp-content\/uploads\/2026\/03\/unnamed-7-1024x572.jpg 1024w, https:\/\/www.autopro1.be\/wp-content\/uploads\/2026\/03\/unnamed-7-768x429.jpg 768w, https:\/\/www.autopro1.be\/wp-content\/uploads\/2026\/03\/unnamed-7-600x335.jpg 600w\" sizes=\"(max-width: 1376px) 100vw, 1376px\" \/>\n                    \n                        <div class=\"team-member__socials\">\n\n                                                            <a href=\"#\"><i class=\"fab fa-facebook-f\"><\/i><\/a>\n                            \n                            \n                            \n                            \n                            \n                            \n                            \n                            \n                            \n                                                            <a href=\"mailto:\"><i class=\"fas fa-envelope\"><\/i><\/a>\n                            \n                                                            <a href=\"tel:#\"><i class=\"fas fa-phone-alt\"><\/i><\/a>\n                            \n                        <\/div>\n\n                    \n                <\/div>\n\n            \n        <\/div>\n\n        \t\t\t\t<\/div>\n\t\t\t\t\t<\/div>\n\t\t<\/div>\n\t\t\t\t<div class=\"elementor-column elementor-col-25 elementor-top-column elementor-element elementor-element-05c0fa4\" data-id=\"05c0fa4\" data-element_type=\"column\" data-e-type=\"column\">\n\t\t\t<div class=\"elementor-widget-wrap elementor-element-populated\">\n\t\t\t\t\t\t<div class=\"elementor-element elementor-element-72405b4 elementor-align-center elementor-widget elementor-widget-qt-team-member\" data-id=\"72405b4\" data-element_type=\"widget\" data-e-type=\"widget\" data-widget_type=\"qt-team-member.default\">\n\t\t\t\t\t\n        <div class=\"team-member\">\n\n            <div class=\"team-member__content\">\n\n                                    <span class=\"team-member__tag\">Responsable magasin<\/span>\n                \n                                    <h5 class=\"team-member__name\">Gr\u00e9gory Moreels<\/h5>\n                \n                \n                \n            <\/div>\n\n                            \n                <div class=\"team-member__image\">\n\n                    \n                    <img decoding=\"async\" width=\"850\" height=\"560\" src=\"https:\/\/www.autopro1.be\/wp-content\/uploads\/2026\/03\/ac-services-2.jpg\" class=\"attachment-full size-full wp-image-2469\" alt=\"\" srcset=\"https:\/\/www.autopro1.be\/wp-content\/uploads\/2026\/03\/ac-services-2.jpg 850w, https:\/\/www.autopro1.be\/wp-content\/uploads\/2026\/03\/ac-services-2-300x198.jpg 300w, https:\/\/www.autopro1.be\/wp-content\/uploads\/2026\/03\/ac-services-2-768x506.jpg 768w, https:\/\/www.autopro1.be\/wp-content\/uploads\/2026\/03\/ac-services-2-360x237.jpg 360w, https:\/\/www.autopro1.be\/wp-content\/uploads\/2026\/03\/ac-services-2-600x395.jpg 600w\" sizes=\"(max-width: 850px) 100vw, 850px\" \/>\n                    \n                        <div class=\"team-member__socials\">\n\n                                                            <a href=\"#\"><i class=\"fab fa-facebook-f\"><\/i><\/a>\n                            \n                            \n                            \n                            \n                            \n                            \n                            \n                            \n                            \n                                                            <a href=\"mailto:\"><i class=\"fas fa-envelope\"><\/i><\/a>\n                            \n                                                            <a href=\"tel:#\"><i class=\"fas fa-phone-alt\"><\/i><\/a>\n                            \n                        <\/div>\n\n                    \n                <\/div>\n\n            \n        <\/div>\n\n        \t\t\t\t<\/div>\n\t\t\t\t\t<\/div>\n\t\t<\/div>\n\t\t\t\t<div class=\"elementor-column elementor-col-25 elementor-top-column elementor-element elementor-element-0404df9\" data-id=\"0404df9\" data-element_type=\"column\" data-e-type=\"column\">\n\t\t\t<div class=\"elementor-widget-wrap\">\n\t\t\t\t\t\t\t<\/div>\n\t\t<\/div>\n\t\t\t\t\t<\/div>\n\t\t<\/section>\n\t\t\t\t<section class=\"elementor-section elementor-top-section elementor-element elementor-element-eefc36a elementor-section-boxed elementor-section-height-default elementor-section-height-default\" data-id=\"eefc36a\" data-element_type=\"section\" data-e-type=\"section\">\n\t\t\t\t\t\t<div class=\"elementor-container elementor-column-gap-wide\">\n\t\t\t\t\t<div class=\"elementor-column elementor-col-25 elementor-top-column elementor-element elementor-element-2ef116d\" data-id=\"2ef116d\" data-element_type=\"column\" data-e-type=\"column\">\n\t\t\t<div class=\"elementor-widget-wrap elementor-element-populated\">\n\t\t\t\t\t\t<div class=\"elementor-element elementor-element-283833c elementor-align-center elementor-widget elementor-widget-qt-team-member\" data-id=\"283833c\" data-element_type=\"widget\" data-e-type=\"widget\" data-widget_type=\"qt-team-member.default\">\n\t\t\t\t\t\n        <div class=\"team-member\">\n\n            <div class=\"team-member__content\">\n\n                                    <span class=\"team-member__tag\">M\u00e9canicien<\/span>\n                \n                                    <h5 class=\"team-member__name\">Thomas Vuidar<\/h5>\n                \n                \n                \n            <\/div>\n\n                            \n                <div class=\"team-member__image\">\n\n                    \n                    <img loading=\"lazy\" decoding=\"async\" width=\"1408\" height=\"768\" src=\"https:\/\/www.autopro1.be\/wp-content\/uploads\/2026\/03\/unnamed.jpg\" class=\"attachment-full size-full wp-image-2597\" alt=\"\" srcset=\"https:\/\/www.autopro1.be\/wp-content\/uploads\/2026\/03\/unnamed.jpg 1408w, https:\/\/www.autopro1.be\/wp-content\/uploads\/2026\/03\/unnamed-300x164.jpg 300w, https:\/\/www.autopro1.be\/wp-content\/uploads\/2026\/03\/unnamed-1024x559.jpg 1024w, https:\/\/www.autopro1.be\/wp-content\/uploads\/2026\/03\/unnamed-768x419.jpg 768w\" sizes=\"(max-width: 1408px) 100vw, 1408px\" \/>\n                    \n                        <div class=\"team-member__socials\">\n\n                                                            <a href=\"#\"><i class=\"fab fa-facebook-f\"><\/i><\/a>\n                            \n                            \n                            \n                            \n                            \n                            \n                            \n                            \n                            \n                                                            <a href=\"mailto:\"><i class=\"fas fa-envelope\"><\/i><\/a>\n                            \n                                                            <a href=\"tel:#\"><i class=\"fas fa-phone-alt\"><\/i><\/a>\n                            \n                        <\/div>\n\n                    \n                <\/div>\n\n            \n        <\/div>\n\n        \t\t\t\t<\/div>\n\t\t\t\t\t<\/div>\n\t\t<\/div>\n\t\t\t\t<div class=\"elementor-column elementor-col-25 elementor-top-column elementor-element elementor-element-c547290\" data-id=\"c547290\" data-element_type=\"column\" data-e-type=\"column\">\n\t\t\t<div class=\"elementor-widget-wrap\">\n\t\t\t\t\t\t\t<\/div>\n\t\t<\/div>\n\t\t\t\t<div class=\"elementor-column elementor-col-25 elementor-top-column elementor-element elementor-element-3f86fe2\" data-id=\"3f86fe2\" data-element_type=\"column\" data-e-type=\"column\">\n\t\t\t<div class=\"elementor-widget-wrap elementor-element-populated\">\n\t\t\t\t\t\t<div class=\"elementor-element elementor-element-68e6775 elementor-align-center elementor-widget elementor-widget-qt-team-member\" data-id=\"68e6775\" data-element_type=\"widget\" data-e-type=\"widget\" data-widget_type=\"qt-team-member.default\">\n\t\t\t\t\t\n        <div class=\"team-member\">\n\n            <div class=\"team-member__content\">\n\n                                    <span class=\"team-member__tag\">Pr\u00e9parateur - Livreur<\/span>\n                \n                                    <h5 class=\"team-member__name\">Jean-Michel Couturiau<\/h5>\n                \n                \n                \n            <\/div>\n\n                            \n                <div class=\"team-member__image\">\n\n                    \n                    <img loading=\"lazy\" decoding=\"async\" width=\"850\" height=\"560\" src=\"https:\/\/www.autopro1.be\/wp-content\/uploads\/2026\/03\/performance-2-1.jpg\" class=\"attachment-full size-full wp-image-2495\" alt=\"\" srcset=\"https:\/\/www.autopro1.be\/wp-content\/uploads\/2026\/03\/performance-2-1.jpg 850w, https:\/\/www.autopro1.be\/wp-content\/uploads\/2026\/03\/performance-2-1-300x198.jpg 300w, https:\/\/www.autopro1.be\/wp-content\/uploads\/2026\/03\/performance-2-1-768x506.jpg 768w, https:\/\/www.autopro1.be\/wp-content\/uploads\/2026\/03\/performance-2-1-360x237.jpg 360w, https:\/\/www.autopro1.be\/wp-content\/uploads\/2026\/03\/performance-2-1-600x395.jpg 600w\" sizes=\"(max-width: 850px) 100vw, 850px\" \/>\n                    \n                        <div class=\"team-member__socials\">\n\n                                                            <a href=\"#\"><i class=\"fab fa-facebook-f\"><\/i><\/a>\n                            \n                            \n                            \n                            \n                            \n                            \n                            \n                            \n                            \n                                                            <a href=\"mailto:\"><i class=\"fas fa-envelope\"><\/i><\/a>\n                            \n                                                            <a href=\"tel:#\"><i class=\"fas fa-phone-alt\"><\/i><\/a>\n                            \n                        <\/div>\n\n                    \n                <\/div>\n\n            \n        <\/div>\n\n        \t\t\t\t<\/div>\n\t\t\t\t\t<\/div>\n\t\t<\/div>\n\t\t\t\t<div class=\"elementor-column elementor-col-25 elementor-top-column elementor-element elementor-element-8086a39\" data-id=\"8086a39\" data-element_type=\"column\" data-e-type=\"column\">\n\t\t\t<div class=\"elementor-widget-wrap\">\n\t\t\t\t\t\t\t<\/div>\n\t\t<\/div>\n\t\t\t\t\t<\/div>\n\t\t<\/section>\n\t\t\t\t<\/div>\n\t\t","protected":false},"excerpt":{"rendered":"<p>CEO Hughes Vande Zande Commercial J\u00e9rome Lejeune Responsable magasin Gr\u00e9gory Moreels M\u00e9canicien Thomas Vuidar Pr\u00e9parateur &#8211; Livreur Jean-Michel Couturiau<\/p>\n","protected":false},"author":1,"featured_media":0,"parent":0,"menu_order":0,"comment_status":"closed","ping_status":"closed","template":"","meta":{"_acf_changed":false,"footnotes":""},"class_list":["post-29","page","type-page","status-publish","hentry"],"acf":[],"_links":{"self":[{"href":"https:\/\/www.autopro1.be\/index.php\/wp-json\/wp\/v2\/pages\/29","targetHints":{"allow":["GET"]}}],"collection":[{"href":"https:\/\/www.autopro1.be\/index.php\/wp-json\/wp\/v2\/pages"}],"about":[{"href":"https:\/\/www.autopro1.be\/index.php\/wp-json\/wp\/v2\/types\/page"}],"author":[{"embeddable":true,"href":"https:\/\/www.autopro1.be\/index.php\/wp-json\/wp\/v2\/users\/1"}],"replies":[{"embeddable":true,"href":"https:\/\/www.autopro1.be\/index.php\/wp-json\/wp\/v2\/comments?post=29"}],"version-history":[{"count":38,"href":"https:\/\/www.autopro1.be\/index.php\/wp-json\/wp\/v2\/pages\/29\/revisions"}],"predecessor-version":[{"id":2851,"href":"https:\/\/www.autopro1.be\/index.php\/wp-json\/wp\/v2\/pages\/29\/revisions\/2851"}],"wp:attachment":[{"href":"https:\/\/www.autopro1.be\/index.php\/wp-json\/wp\/v2\/media?parent=29"}],"curies":[{"name":"wp","href":"https:\/\/api.w.org\/{rel}","templated":true}]}}