{"id":25,"date":"2021-03-11T14:18:44","date_gmt":"2021-03-11T14:18:44","guid":{"rendered":"http:\/\/autolane.qreativethemes.com\/?page_id=25"},"modified":"2026-03-05T23:37:03","modified_gmt":"2026-03-05T23:37:03","slug":"contact-us","status":"publish","type":"page","link":"https:\/\/www.autopro1.be\/index.php\/contact-us\/","title":{"rendered":"Contactez-nous"},"content":{"rendered":"\t\t<div data-elementor-type=\"wp-page\" data-elementor-id=\"25\" class=\"elementor elementor-25\">\n\t\t\t\t\t\t<section class=\"elementor-section elementor-top-section elementor-element elementor-element-a263837 elementor-section-full_width elementor-section-stretched elementor-section-height-default elementor-section-height-default\" data-id=\"a263837\" data-element_type=\"section\" data-e-type=\"section\" data-settings=\"{&quot;stretch_section&quot;:&quot;section-stretched&quot;}\">\n\t\t\t\t\t\t<div class=\"elementor-container elementor-column-gap-no\">\n\t\t\t\t\t<div class=\"elementor-column elementor-col-100 elementor-top-column elementor-element elementor-element-d803e70\" data-id=\"d803e70\" data-element_type=\"column\" data-e-type=\"column\">\n\t\t\t<div class=\"elementor-widget-wrap elementor-element-populated\">\n\t\t\t\t\t\t<div class=\"elementor-element elementor-element-590db47 elementor-widget elementor-widget-google_maps\" data-id=\"590db47\" data-element_type=\"widget\" data-e-type=\"widget\" data-widget_type=\"google_maps.default\">\n\t\t\t\t\t\t\t<div class=\"elementor-custom-embed\">\n\t\t\t<iframe loading=\"lazy\"\n\t\t\t\t\tsrc=\"https:\/\/maps.google.com\/maps?q=Avenue%20des%20h%C3%A9ros%20Leuzois%2072C&#038;t=m&#038;z=14&#038;output=embed&#038;iwloc=near\"\n\t\t\t\t\ttitle=\"Avenue des h\u00e9ros Leuzois 72C\"\n\t\t\t\t\taria-label=\"Avenue des h\u00e9ros Leuzois 72C\"\n\t\t\t><\/iframe>\n\t\t<\/div>\n\t\t\t\t\t\t<\/div>\n\t\t\t\t\t<\/div>\n\t\t<\/div>\n\t\t\t\t\t<\/div>\n\t\t<\/section>\n\t\t\t\t<section class=\"elementor-section elementor-top-section elementor-element elementor-element-8cb493a elementor-section-stretched elementor-section-content-top elementor-section-boxed elementor-section-height-default elementor-section-height-default elementor-invisible\" data-id=\"8cb493a\" data-element_type=\"section\" data-e-type=\"section\" data-settings=\"{&quot;stretch_section&quot;:&quot;section-stretched&quot;,&quot;background_background&quot;:&quot;classic&quot;,&quot;animation&quot;:&quot;fadeIn&quot;}\">\n\t\t\t\t\t\t\t<div class=\"elementor-background-overlay\"><\/div>\n\t\t\t\t\t\t\t<div class=\"elementor-container elementor-column-gap-no\">\n\t\t\t\t\t<div class=\"elementor-column elementor-col-100 elementor-top-column elementor-element elementor-element-6966f0d\" data-id=\"6966f0d\" data-element_type=\"column\" data-e-type=\"column\">\n\t\t\t<div class=\"elementor-widget-wrap elementor-element-populated\">\n\t\t\t\t\t\t<section class=\"elementor-section elementor-inner-section elementor-element elementor-element-ef1f601 elementor-section-content-space-between elementor-section-boxed elementor-section-height-default elementor-section-height-default\" data-id=\"ef1f601\" data-element_type=\"section\" data-e-type=\"section\">\n\t\t\t\t\t\t<div class=\"elementor-container elementor-column-gap-no\">\n\t\t\t\t\t<div class=\"elementor-column elementor-col-25 elementor-inner-column elementor-element elementor-element-774625e\" data-id=\"774625e\" data-element_type=\"column\" data-e-type=\"column\">\n\t\t\t<div class=\"elementor-widget-wrap elementor-element-populated\">\n\t\t\t\t\t\t<div class=\"elementor-element elementor-element-2c65bb6 elementor-invisible elementor-widget elementor-widget-qt-icon-box\" data-id=\"2c65bb6\" data-element_type=\"widget\" data-e-type=\"widget\" data-settings=\"{&quot;_animation&quot;:&quot;fadeIn&quot;}\" data-widget_type=\"qt-icon-box.default\">\n\t\t\t\t\t            <a href=\"#\" class=\"icon-box icon-top align-center featured-style\">\n        \n                    <div class=\"icon-box__icon\">\n                <i aria-hidden=\"true\" class=\"fas fa-map-marked-alt\"><\/i>            <\/div>\n        \n        <div class=\"icon-box__content\">\n                            <p class=\"icon-box__heading\">D\u00e9tails de localisation<\/p>\n            \n                            <p>Avenue des h\u00e9ros Leuzois 72C 7900 Leuze-en-Hainaut<br \/>069 77 58 10<\/p>\n            \n                    <\/div>\n\n        <\/a>\n        \n    \t\t\t\t<\/div>\n\t\t\t\t\t<\/div>\n\t\t<\/div>\n\t\t\t\t<div class=\"elementor-column elementor-col-25 elementor-inner-column elementor-element elementor-element-3c1804c\" data-id=\"3c1804c\" data-element_type=\"column\" data-e-type=\"column\">\n\t\t\t<div class=\"elementor-widget-wrap elementor-element-populated\">\n\t\t\t\t\t\t<div class=\"elementor-element elementor-element-d537178 elementor-invisible elementor-widget elementor-widget-qt-icon-box\" data-id=\"d537178\" data-element_type=\"widget\" data-e-type=\"widget\" data-settings=\"{&quot;_animation&quot;:&quot;fadeIn&quot;,&quot;_animation_delay&quot;:100}\" data-widget_type=\"qt-icon-box.default\">\n\t\t\t\t\t            <a href=\"tel:1234567890\" class=\"icon-box icon-top align-center featured-style\">\n        \n                    <div class=\"icon-box__icon\">\n                <i aria-hidden=\"true\" class=\"fas fa-phone-alt\"><\/i>            <\/div>\n        \n        <div class=\"icon-box__content\">\n                            <h5 class=\"icon-box__heading\">R\u00e9paration d&#039;urgence<\/h5>\n            \n                            <p>Tarifs avantageux et service d'urgence disponibles 24h\/24 et 7j\/7.<\/p>\n            \n                    <\/div>\n\n        <\/a>\n        \n    \t\t\t\t<\/div>\n\t\t\t\t\t<\/div>\n\t\t<\/div>\n\t\t\t\t<div class=\"elementor-column elementor-col-25 elementor-inner-column elementor-element elementor-element-40f0eb5\" data-id=\"40f0eb5\" data-element_type=\"column\" data-e-type=\"column\">\n\t\t\t<div class=\"elementor-widget-wrap elementor-element-populated\">\n\t\t\t\t\t\t<div class=\"elementor-element elementor-element-3846cd5 elementor-invisible elementor-widget elementor-widget-qt-icon-box\" data-id=\"3846cd5\" data-element_type=\"widget\" data-e-type=\"widget\" data-settings=\"{&quot;_animation&quot;:&quot;fadeIn&quot;,&quot;_animation_delay&quot;:200}\" data-widget_type=\"qt-icon-box.default\">\n\t\t\t\t\t            <a href=\"#\" class=\"icon-box icon-top align-center featured-style\" target=\"_blank\">\n        \n                    <div class=\"icon-box__icon\">\n                <i aria-hidden=\"true\" class=\"fas fa-directions\"><\/i>            <\/div>\n        \n        <div class=\"icon-box__content\">\n                            <h5 class=\"icon-box__heading\">Obtenir un itin\u00e9raire<\/h5>\n            \n                            <p>Trouvez l'itin\u00e9raire pour vous rendre chez Autopro1 et faites v\u00e9rifier votre voiture !<\/p>\n            \n                    <\/div>\n\n        <\/a>\n        \n    \t\t\t\t<\/div>\n\t\t\t\t\t<\/div>\n\t\t<\/div>\n\t\t\t\t<div class=\"elementor-column elementor-col-25 elementor-inner-column elementor-element elementor-element-d5cea35\" data-id=\"d5cea35\" data-element_type=\"column\" data-e-type=\"column\">\n\t\t\t<div class=\"elementor-widget-wrap elementor-element-populated\">\n\t\t\t\t\t\t<div class=\"elementor-element elementor-element-8aa472c elementor-invisible elementor-widget elementor-widget-qt-icon-box\" data-id=\"8aa472c\" data-element_type=\"widget\" data-e-type=\"widget\" data-settings=\"{&quot;_animation&quot;:&quot;fadeIn&quot;,&quot;_animation_delay&quot;:300}\" data-widget_type=\"qt-icon-box.default\">\n\t\t\t\t\t            <a href=\"#\" class=\"icon-box icon-top align-center featured-style\">\n        \n                    <div class=\"icon-box__icon\">\n                <i aria-hidden=\"true\" class=\"fas fa-calendar-check\"><\/i>            <\/div>\n        \n        <div class=\"icon-box__content\">\n                            <h5 class=\"icon-box__heading\">Prendre rendez-vous<\/h5>\n            \n                            <p>Prenez rendez-vous d\u00e8s aujourd'hui via notre calendrier en ligne.<\/p>\n            \n                    <\/div>\n\n        <\/a>\n        \n    \t\t\t\t<\/div>\n\t\t\t\t\t<\/div>\n\t\t<\/div>\n\t\t\t\t\t<\/div>\n\t\t<\/section>\n\t\t\t\t<section class=\"elementor-section elementor-inner-section elementor-element elementor-element-8105a3b elementor-section-boxed elementor-section-height-default elementor-section-height-default\" data-id=\"8105a3b\" data-element_type=\"section\" data-e-type=\"section\">\n\t\t\t\t\t\t<div class=\"elementor-container elementor-column-gap-no\">\n\t\t\t\t\t<div class=\"elementor-column elementor-col-100 elementor-inner-column elementor-element elementor-element-f468b7f\" data-id=\"f468b7f\" data-element_type=\"column\" data-e-type=\"column\">\n\t\t\t<div class=\"elementor-widget-wrap elementor-element-populated\">\n\t\t\t\t\t\t<div class=\"elementor-element elementor-element-17dd74c elementor-hidden-phone elementor-invisible elementor-widget elementor-widget-qt-underline-text-link\" data-id=\"17dd74c\" data-element_type=\"widget\" data-e-type=\"widget\" data-settings=\"{&quot;_animation&quot;:&quot;fadeIn&quot;}\" data-widget_type=\"qt-underline-text-link.default\">\n\t\t\t\t\t\n        <div class=\"inline-textlink\">\n            <i aria-hidden=\"true\" class=\"fas fa-exclamation-circle\"><\/i>                            <p>Nous sommes ouverts 6 jours sur 7. Consultez les <a href=\"#site-footer\">horaires d'ouverture<\/a> de notre atelier.<\/p>                    <\/div>\n\n        \t\t\t\t<\/div>\n\t\t\t\t\t<\/div>\n\t\t<\/div>\n\t\t\t\t\t<\/div>\n\t\t<\/section>\n\t\t\t\t\t<\/div>\n\t\t<\/div>\n\t\t\t\t\t<\/div>\n\t\t<\/section>\n\t\t\t\t<section class=\"elementor-section elementor-top-section elementor-element elementor-element-2dc61cb elementor-section-boxed elementor-section-height-default elementor-section-height-default\" data-id=\"2dc61cb\" data-element_type=\"section\" data-e-type=\"section\">\n\t\t\t\t\t\t<div class=\"elementor-container elementor-column-gap-default\">\n\t\t\t\t\t<div class=\"elementor-column elementor-col-100 elementor-top-column elementor-element elementor-element-7ad12a9\" data-id=\"7ad12a9\" data-element_type=\"column\" data-e-type=\"column\">\n\t\t\t<div class=\"elementor-widget-wrap elementor-element-populated\">\n\t\t\t\t\t\t<div class=\"elementor-element elementor-element-5890e29 elementor-align-center elementor-widget elementor-widget-qt-custom-heading\" data-id=\"5890e29\" data-element_type=\"widget\" data-e-type=\"widget\" data-widget_type=\"qt-custom-heading.default\">\n\t\t\t\t\t        <div class=\"custom-heading primary-color\">\n                            <span class=\"custom-heading__subtitle\">Entrer en contact!<\/span>\n            \n                            <h2 class=\"custom-heading__title\">Envoyer un message<\/h2>\n                    <\/div>\n        \n    \t\t\t\t<\/div>\n\t\t\t\t<div class=\"elementor-element elementor-element-e3392e3 elementor-widget elementor-widget-text-editor\" data-id=\"e3392e3\" data-element_type=\"widget\" data-e-type=\"widget\" data-widget_type=\"text-editor.default\">\n\t\t\t\t\t\t\t\t\t<p>N&rsquo;h\u00e9sitez pas \u00e0 nous contacter par t\u00e9l\u00e9phone ou via le formulaire ci-dessous.<\/p><p>Votre message sera transmis directement \u00e0 notre \u00e9quipe qui vous r\u00e9pondra dans les plus brefs d\u00e9lais.<\/p>\t\t\t\t\t\t\t\t<\/div>\n\t\t\t\t\t<\/div>\n\t\t<\/div>\n\t\t\t\t\t<\/div>\n\t\t<\/section>\n\t\t\t\t<section class=\"elementor-section elementor-top-section elementor-element elementor-element-51f20da elementor-section-stretched elementor-section-boxed elementor-section-height-default elementor-section-height-default\" data-id=\"51f20da\" data-element_type=\"section\" data-e-type=\"section\" data-settings=\"{&quot;stretch_section&quot;:&quot;section-stretched&quot;,&quot;background_background&quot;:&quot;classic&quot;}\">\n\t\t\t\t\t\t\t<div class=\"elementor-background-overlay\"><\/div>\n\t\t\t\t\t\t\t<div class=\"elementor-container elementor-column-gap-no\">\n\t\t\t\t\t<div class=\"elementor-column elementor-col-100 elementor-top-column elementor-element elementor-element-f317e0b\" data-id=\"f317e0b\" data-element_type=\"column\" data-e-type=\"column\">\n\t\t\t<div class=\"elementor-widget-wrap elementor-element-populated\">\n\t\t\t\t\t\t<div class=\"elementor-element elementor-element-8a151c4 elementor-widget elementor-widget-qt-contact-form-7\" data-id=\"8a151c4\" data-element_type=\"widget\" data-e-type=\"widget\" data-widget_type=\"qt-contact-form-7.default\">\n\t\t\t\t\t        <div class=\"contact-form__wrapper box-effect\">\n            \n<div class=\"wpcf7 no-js\" id=\"wpcf7-f66-o1\" lang=\"en-US\" dir=\"ltr\" data-wpcf7-id=\"66\">\n<div class=\"screen-reader-response\"><p role=\"status\" aria-live=\"polite\" aria-atomic=\"true\"><\/p> <ul><\/ul><\/div>\n<form action=\"\/index.php\/wp-json\/wp\/v2\/pages\/25#wpcf7-f66-o1\" method=\"post\" class=\"wpcf7-form init\" aria-label=\"Contact form\" novalidate=\"novalidate\" data-status=\"init\">\n<fieldset class=\"hidden-fields-container\"><input type=\"hidden\" name=\"_wpcf7\" value=\"66\" \/><input type=\"hidden\" name=\"_wpcf7_version\" value=\"6.1.5\" \/><input type=\"hidden\" name=\"_wpcf7_locale\" value=\"en_US\" \/><input type=\"hidden\" name=\"_wpcf7_unit_tag\" value=\"wpcf7-f66-o1\" \/><input type=\"hidden\" name=\"_wpcf7_container_post\" value=\"0\" \/><input type=\"hidden\" name=\"_wpcf7_posted_data_hash\" value=\"\" \/>\n<\/fieldset>\n<div class=\"row\">\n\t<div class=\"col-12 col-lg-6\">\n\t\t<p><label>Votre nom *<span class=\"wpcf7-form-control-wrap\" data-name=\"your-name\"><input size=\"40\" maxlength=\"400\" class=\"wpcf7-form-control wpcf7-text wpcf7-validates-as-required\" aria-required=\"true\" aria-invalid=\"false\" placeholder=\"Nom complet *\" value=\"\" type=\"text\" name=\"your-name\" \/><\/span><\/label>\n\t\t<\/p>\n\t<\/div>\n\t<div class=\"col-12 col-lg-6\">\n\t\t<p><label>Votre adresse mail *<span class=\"wpcf7-form-control-wrap\" data-name=\"your-email\"><input size=\"40\" maxlength=\"400\" class=\"wpcf7-form-control wpcf7-email wpcf7-validates-as-required wpcf7-text wpcf7-validates-as-email\" aria-required=\"true\" aria-invalid=\"false\" placeholder=\"Adresse mail *\" value=\"\" type=\"email\" name=\"your-email\" \/><\/span><\/label>\n\t\t<\/p>\n\t<\/div>\n<\/div>\n<div class=\"row\">\n\t<div class=\"col-12 col-lg-6\">\n\t\t<p><label>Votre num\u00e9ro de t\u00e9l\u00e9pgone *<span class=\"wpcf7-form-control-wrap\" data-name=\"your-phone\"><input size=\"40\" maxlength=\"400\" class=\"wpcf7-form-control wpcf7-tel wpcf7-validates-as-required wpcf7-text wpcf7-validates-as-tel\" aria-required=\"true\" aria-invalid=\"false\" placeholder=\"Num\u00e9ro de t\u00e9l\u00e9phone *\" value=\"\" type=\"tel\" name=\"your-phone\" \/><\/span><\/label>\n\t\t<\/p>\n\t<\/div>\n\t<div class=\"col-12 col-lg-6\">\n\t\t<p><label>Le sujet: <span class=\"wpcf7-form-control-wrap\" data-name=\"your-subject\"><input size=\"40\" maxlength=\"400\" class=\"wpcf7-form-control wpcf7-text\" aria-invalid=\"false\" placeholder=\"Saisir le sujet\" value=\"\" type=\"text\" name=\"your-subject\" \/><\/span><\/label>\n\t\t<\/p>\n\t<\/div>\n<\/div>\n<div class=\"row\">\n\t<div class=\"col-12\">\n\t\t<p><label>Comment pouvons-nous vous aider ? *<span class=\"wpcf7-form-control-wrap\" data-name=\"your-message\"><textarea cols=\"40\" rows=\"10\" maxlength=\"2000\" class=\"wpcf7-form-control wpcf7-textarea wpcf7-validates-as-required\" aria-required=\"true\" aria-invalid=\"false\" placeholder=\"\u00c9crivez votre message...\" name=\"your-message\"><\/textarea><\/span><\/label>\n\t\t<\/p>\n\t<\/div>\n<\/div>\n<div class=\"row\">\n\t<div class=\"col-12 d-flex justify-end mt-10\">\n\t\t<p class=\"form-inline\"><i class=\"fas fa-exclamation-circle\"><\/i>Les champs marqu\u00e9s d'un * sont obligatoires.\n\t\t<\/p>\n\t\t<p><input type=\"reset\" class=\"btn btn-outline\" value=\"Effacer le formulaire\" \/><input class=\"wpcf7-form-control wpcf7-submit has-spinner btn\" type=\"submit\" value=\"Envoyer un message\" \/>\n\t\t<\/p>\n\t<\/div>\n<\/div><div class=\"wpcf7-response-output\" aria-hidden=\"true\"><\/div>\n<\/form>\n<\/div>\n        <\/div>\n        \t\t\t\t<\/div>\n\t\t\t\t\t<\/div>\n\t\t<\/div>\n\t\t\t\t\t<\/div>\n\t\t<\/section>\n\t\t\t\t<\/div>\n\t\t","protected":false},"excerpt":{"rendered":"<p>D\u00e9tails de localisation Avenue des h\u00e9ros Leuzois 72C 7900 Leuze-en-Hainaut069 77 58 10 R\u00e9paration d&#039;urgence Tarifs avantageux et service d&rsquo;urgence disponibles 24h\/24 et 7j\/7. Obtenir un itin\u00e9raire Trouvez l&rsquo;itin\u00e9raire pour vous rendre chez Autopro1 et faites v\u00e9rifier votre voiture ! Prendre rendez-vous Prenez rendez-vous d\u00e8s aujourd&rsquo;hui via notre calendrier en ligne. Nous sommes ouverts 6&hellip;<\/p>\n","protected":false},"author":1,"featured_media":0,"parent":0,"menu_order":0,"comment_status":"closed","ping_status":"closed","template":"","meta":{"_acf_changed":false,"footnotes":""},"class_list":["post-25","page","type-page","status-publish","hentry"],"acf":[],"_links":{"self":[{"href":"https:\/\/www.autopro1.be\/index.php\/wp-json\/wp\/v2\/pages\/25","targetHints":{"allow":["GET"]}}],"collection":[{"href":"https:\/\/www.autopro1.be\/index.php\/wp-json\/wp\/v2\/pages"}],"about":[{"href":"https:\/\/www.autopro1.be\/index.php\/wp-json\/wp\/v2\/types\/page"}],"author":[{"embeddable":true,"href":"https:\/\/www.autopro1.be\/index.php\/wp-json\/wp\/v2\/users\/1"}],"replies":[{"embeddable":true,"href":"https:\/\/www.autopro1.be\/index.php\/wp-json\/wp\/v2\/comments?post=25"}],"version-history":[{"count":12,"href":"https:\/\/www.autopro1.be\/index.php\/wp-json\/wp\/v2\/pages\/25\/revisions"}],"predecessor-version":[{"id":2580,"href":"https:\/\/www.autopro1.be\/index.php\/wp-json\/wp\/v2\/pages\/25\/revisions\/2580"}],"wp:attachment":[{"href":"https:\/\/www.autopro1.be\/index.php\/wp-json\/wp\/v2\/media?parent=25"}],"curies":[{"name":"wp","href":"https:\/\/api.w.org\/{rel}","templated":true}]}}