{"id":2139,"date":"2021-03-11T14:18:16","date_gmt":"2021-03-11T14:18:16","guid":{"rendered":"http:\/\/autolane.qreativethemes.com\/?page_id=17"},"modified":"2026-03-05T22:34:40","modified_gmt":"2026-03-05T22:34:40","slug":"services","status":"publish","type":"page","link":"https:\/\/www.autopro1.be\/index.php\/services\/","title":{"rendered":"Services"},"content":{"rendered":"\t\t<div data-elementor-type=\"wp-page\" data-elementor-id=\"2139\" class=\"elementor elementor-2139\">\n\t\t\t\t\t\t<section class=\"elementor-section elementor-top-section elementor-element elementor-element-a50e846 elementor-section-boxed elementor-section-height-default elementor-section-height-default\" data-id=\"a50e846\" data-element_type=\"section\" data-e-type=\"section\">\n\t\t\t\t\t\t<div class=\"elementor-container elementor-column-gap-wide\">\n\t\t\t\t\t<div class=\"elementor-column elementor-col-33 elementor-top-column elementor-element elementor-element-0e399d8\" data-id=\"0e399d8\" data-element_type=\"column\" data-e-type=\"column\">\n\t\t\t<div class=\"elementor-widget-wrap elementor-element-populated\">\n\t\t\t\t\t\t<div class=\"elementor-element elementor-element-2a5bd8c elementor-invisible elementor-widget elementor-widget-qt-featured-page\" data-id=\"2a5bd8c\" data-element_type=\"widget\" data-e-type=\"widget\" data-settings=\"{&quot;_animation&quot;:&quot;bounceIn&quot;}\" data-widget_type=\"qt-featured-page.default\">\n\t\t\t\t\t\n        \n            <div class=\"featured-page\">\n                                \n                                    <a href=\"https:\/\/www.autopro1.be\/index.php\/services\/a-c-services\/\" class=\"featured-page__image\">\n                        <img fetchpriority=\"high\" decoding=\"async\" width=\"850\" height=\"560\" src=\"https:\/\/www.autopro1.be\/wp-content\/uploads\/2026\/03\/ac-services-2-1.jpg\" class=\"attachment-autolane-qt-featured-l size-autolane-qt-featured-l\" alt=\"Climatisation\" srcset=\"https:\/\/www.autopro1.be\/wp-content\/uploads\/2026\/03\/ac-services-2-1.jpg 850w, https:\/\/www.autopro1.be\/wp-content\/uploads\/2026\/03\/ac-services-2-1-300x198.jpg 300w, https:\/\/www.autopro1.be\/wp-content\/uploads\/2026\/03\/ac-services-2-1-768x506.jpg 768w, https:\/\/www.autopro1.be\/wp-content\/uploads\/2026\/03\/ac-services-2-1-360x237.jpg 360w, https:\/\/www.autopro1.be\/wp-content\/uploads\/2026\/03\/ac-services-2-1-600x395.jpg 600w\" sizes=\"(min-width: 781px) 280px, calc(100vw - 30px)\" \/>                    <\/a>\n                \n                <div class=\"featured-page__wrapper\">\n                    <div class=\"featured-page__content\">\n\n                        \n                        <h5 class=\"featured-page__title\">\n                            <a href=\"https:\/\/www.autopro1.be\/index.php\/services\/a-c-services\/\">Climatisation<\/a>\n                        <\/h5>\n\n                                                    <p>Le syst\u00e8me de climatisation de votre voiture est un syst\u00e8me \u00e9tanche. Dans un syst\u00e8me ferm\u00e9, la seule fa\u00e7on de perdre du&hellip;<\/p>\n                        \n                                                    <a href=\"https:\/\/www.autopro1.be\/index.php\/services\/a-c-services\/\" class=\"featured-page__button read-more-link\">En savoir plus<\/a>\n                        \n                    <\/div>\n                <\/div>\n                \n            <\/div>\n\n        \n    \t\t\t\t<\/div>\n\t\t\t\t\t<\/div>\n\t\t<\/div>\n\t\t\t\t<div class=\"elementor-column elementor-col-33 elementor-top-column elementor-element elementor-element-404167d\" data-id=\"404167d\" data-element_type=\"column\" data-e-type=\"column\">\n\t\t\t<div class=\"elementor-widget-wrap elementor-element-populated\">\n\t\t\t\t\t\t<div class=\"elementor-element elementor-element-f9617a3 elementor-invisible elementor-widget elementor-widget-qt-featured-page\" data-id=\"f9617a3\" data-element_type=\"widget\" data-e-type=\"widget\" data-settings=\"{&quot;_animation&quot;:&quot;bounceIn&quot;}\" data-widget_type=\"qt-featured-page.default\">\n\t\t\t\t\t\n        \n            <div class=\"featured-page\">\n                                \n                                    <a href=\"https:\/\/www.autopro1.be\/index.php\/services\/brake-repair\/\" class=\"featured-page__image\">\n                        <img decoding=\"async\" width=\"850\" height=\"560\" src=\"https:\/\/www.autopro1.be\/wp-content\/uploads\/2026\/03\/brake-repair.jpg\" class=\"attachment-autolane-qt-featured-l size-autolane-qt-featured-l\" alt=\"R\u00e9paration de freins\" srcset=\"https:\/\/www.autopro1.be\/wp-content\/uploads\/2026\/03\/brake-repair.jpg 850w, https:\/\/www.autopro1.be\/wp-content\/uploads\/2026\/03\/brake-repair-600x395.jpg 600w, https:\/\/www.autopro1.be\/wp-content\/uploads\/2026\/03\/brake-repair-300x198.jpg 300w, https:\/\/www.autopro1.be\/wp-content\/uploads\/2026\/03\/brake-repair-768x506.jpg 768w, https:\/\/www.autopro1.be\/wp-content\/uploads\/2026\/03\/brake-repair-360x237.jpg 360w\" sizes=\"(min-width: 781px) 280px, calc(100vw - 30px)\" \/>                    <\/a>\n                \n                <div class=\"featured-page__wrapper\">\n                    <div class=\"featured-page__content\">\n\n                        \n                        <h5 class=\"featured-page__title\">\n                            <a href=\"https:\/\/www.autopro1.be\/index.php\/services\/brake-repair\/\">R\u00e9paration de freins<\/a>\n                        <\/h5>\n\n                                                    <p>En mati\u00e8re de freins, il ne faut pas attendre que des r\u00e9parations soient n\u00e9cessaires. Si le propri\u00e9taire continue de conduire&hellip;<\/p>\n                        \n                                                    <a href=\"https:\/\/www.autopro1.be\/index.php\/services\/brake-repair\/\" class=\"featured-page__button read-more-link\">En savoir plus<\/a>\n                        \n                    <\/div>\n                <\/div>\n                \n            <\/div>\n\n        \n    \t\t\t\t<\/div>\n\t\t\t\t\t<\/div>\n\t\t<\/div>\n\t\t\t\t<div class=\"elementor-column elementor-col-33 elementor-top-column elementor-element elementor-element-4ac0380\" data-id=\"4ac0380\" data-element_type=\"column\" data-e-type=\"column\">\n\t\t\t<div class=\"elementor-widget-wrap elementor-element-populated\">\n\t\t\t\t\t\t<div class=\"elementor-element elementor-element-79fc5d4 elementor-invisible elementor-widget elementor-widget-qt-featured-page\" data-id=\"79fc5d4\" data-element_type=\"widget\" data-e-type=\"widget\" data-settings=\"{&quot;_animation&quot;:&quot;bounceIn&quot;}\" data-widget_type=\"qt-featured-page.default\">\n\t\t\t\t\t\n        \n            <div class=\"featured-page\">\n                                \n                                    <a href=\"https:\/\/www.autopro1.be\/index.php\/services\/engine-repair\/\" class=\"featured-page__image\">\n                        <img decoding=\"async\" width=\"850\" height=\"560\" src=\"https:\/\/www.autopro1.be\/wp-content\/uploads\/2026\/03\/engine-repair-1.jpg\" class=\"attachment-autolane-qt-featured-l size-autolane-qt-featured-l\" alt=\"R\u00e9paration moteur\" srcset=\"https:\/\/www.autopro1.be\/wp-content\/uploads\/2026\/03\/engine-repair-1.jpg 850w, https:\/\/www.autopro1.be\/wp-content\/uploads\/2026\/03\/engine-repair-1-300x198.jpg 300w, https:\/\/www.autopro1.be\/wp-content\/uploads\/2026\/03\/engine-repair-1-768x506.jpg 768w, https:\/\/www.autopro1.be\/wp-content\/uploads\/2026\/03\/engine-repair-1-360x237.jpg 360w, https:\/\/www.autopro1.be\/wp-content\/uploads\/2026\/03\/engine-repair-1-600x395.jpg 600w\" sizes=\"(min-width: 781px) 280px, calc(100vw - 30px)\" \/>                    <\/a>\n                \n                <div class=\"featured-page__wrapper\">\n                    <div class=\"featured-page__content\">\n\n                                                    <span class=\"featured-page__label\">\u00e0 partir de 59 \u20ac<\/span>\n                        \n                        <h5 class=\"featured-page__title\">\n                            <a href=\"https:\/\/www.autopro1.be\/index.php\/services\/engine-repair\/\">R\u00e9paration moteur<\/a>\n                        <\/h5>\n\n                                                    <p>Si votre moteur ne fonctionne pas correctement, vous risquez fort de devoir faire face \u00e0 une r\u00e9paration co\u00fbteuse. Un remplacement&hellip;<\/p>\n                        \n                                                    <a href=\"https:\/\/www.autopro1.be\/index.php\/services\/engine-repair\/\" class=\"featured-page__button read-more-link\">En savoir plus<\/a>\n                        \n                    <\/div>\n                <\/div>\n                \n            <\/div>\n\n        \n    \t\t\t\t<\/div>\n\t\t\t\t\t<\/div>\n\t\t<\/div>\n\t\t\t\t\t<\/div>\n\t\t<\/section>\n\t\t\t\t<section class=\"elementor-section elementor-top-section elementor-element elementor-element-57631a8 elementor-section-boxed elementor-section-height-default elementor-section-height-default\" data-id=\"57631a8\" data-element_type=\"section\" data-e-type=\"section\">\n\t\t\t\t\t\t<div class=\"elementor-container elementor-column-gap-wide\">\n\t\t\t\t\t<div class=\"elementor-column elementor-col-33 elementor-top-column elementor-element elementor-element-067636a\" data-id=\"067636a\" data-element_type=\"column\" data-e-type=\"column\">\n\t\t\t<div class=\"elementor-widget-wrap elementor-element-populated\">\n\t\t\t\t\t\t<div class=\"elementor-element elementor-element-cb006d3 elementor-invisible elementor-widget elementor-widget-qt-featured-page\" data-id=\"cb006d3\" data-element_type=\"widget\" data-e-type=\"widget\" data-settings=\"{&quot;_animation&quot;:&quot;bounceIn&quot;}\" data-widget_type=\"qt-featured-page.default\">\n\t\t\t\t\t\n        \n            <div class=\"featured-page\">\n                                \n                                    <a href=\"https:\/\/www.autopro1.be\/index.php\/services\/oil-change\/\" class=\"featured-page__image\">\n                        <img loading=\"lazy\" decoding=\"async\" width=\"850\" height=\"560\" src=\"https:\/\/www.autopro1.be\/wp-content\/uploads\/2026\/03\/oil-change.jpg\" class=\"attachment-autolane-qt-featured-l size-autolane-qt-featured-l\" alt=\"Vidange\" srcset=\"https:\/\/www.autopro1.be\/wp-content\/uploads\/2026\/03\/oil-change.jpg 850w, https:\/\/www.autopro1.be\/wp-content\/uploads\/2026\/03\/oil-change-300x198.jpg 300w, https:\/\/www.autopro1.be\/wp-content\/uploads\/2026\/03\/oil-change-768x506.jpg 768w, https:\/\/www.autopro1.be\/wp-content\/uploads\/2026\/03\/oil-change-360x237.jpg 360w, https:\/\/www.autopro1.be\/wp-content\/uploads\/2026\/03\/oil-change-600x395.jpg 600w\" sizes=\"(min-width: 781px) 280px, calc(100vw - 30px)\" \/>                    <\/a>\n                \n                <div class=\"featured-page__wrapper\">\n                    <div class=\"featured-page__content\">\n\n                                                    <span class=\"featured-page__label\">45 \u20ac par changement<\/span>\n                        \n                        <h5 class=\"featured-page__title\">\n                            <a href=\"https:\/\/www.autopro1.be\/index.php\/services\/oil-change\/\">Vidange<\/a>\n                        <\/h5>\n\n                                                    <p>Votre v\u00e9hicule repr\u00e9sente l&#039;un des investissements les plus importants de votre vie. Un entretien pr\u00e9ventif vous permettra&hellip;<\/p>\n                        \n                                                    <a href=\"https:\/\/www.autopro1.be\/index.php\/services\/oil-change\/\" class=\"featured-page__button read-more-link\">En savoir plus<\/a>\n                        \n                    <\/div>\n                <\/div>\n                \n            <\/div>\n\n        \n    \t\t\t\t<\/div>\n\t\t\t\t\t<\/div>\n\t\t<\/div>\n\t\t\t\t<div class=\"elementor-column elementor-col-33 elementor-top-column elementor-element elementor-element-fda35c6\" data-id=\"fda35c6\" data-element_type=\"column\" data-e-type=\"column\">\n\t\t\t<div class=\"elementor-widget-wrap elementor-element-populated\">\n\t\t\t\t\t\t<div class=\"elementor-element elementor-element-f376478 elementor-invisible elementor-widget elementor-widget-qt-featured-page\" data-id=\"f376478\" data-element_type=\"widget\" data-e-type=\"widget\" data-settings=\"{&quot;_animation&quot;:&quot;bounceIn&quot;}\" data-widget_type=\"qt-featured-page.default\">\n\t\t\t\t\t\n        \n            <div class=\"featured-page\">\n                                \n                                    <a href=\"https:\/\/www.autopro1.be\/index.php\/services\/tire-change\/\" class=\"featured-page__image\">\n                        <img loading=\"lazy\" decoding=\"async\" width=\"850\" height=\"560\" src=\"https:\/\/www.autopro1.be\/wp-content\/uploads\/2026\/03\/slide-two-850x560.jpg\" class=\"attachment-autolane-qt-featured-l size-autolane-qt-featured-l\" alt=\"Changement de pneus\" srcset=\"https:\/\/www.autopro1.be\/wp-content\/uploads\/2026\/03\/slide-two-850x560.jpg 850w, https:\/\/www.autopro1.be\/wp-content\/uploads\/2026\/03\/slide-two-360x237.jpg 360w\" sizes=\"(min-width: 781px) 280px, calc(100vw - 30px)\" \/>                    <\/a>\n                \n                <div class=\"featured-page__wrapper\">\n                    <div class=\"featured-page__content\">\n\n                        \n                        <h5 class=\"featured-page__title\">\n                            <a href=\"https:\/\/www.autopro1.be\/index.php\/services\/tire-change\/\">Changement de pneus<\/a>\n                        <\/h5>\n\n                                                    <p>En r\u00e8gle g\u00e9n\u00e9rale, il est conseill\u00e9 de permuter ses pneus tous les 10\u00a0000 \u00e0 13\u00a0000 kilom\u00e8tres. Un technicien peut inspecter&hellip;<\/p>\n                        \n                                                    <a href=\"https:\/\/www.autopro1.be\/index.php\/services\/tire-change\/\" class=\"featured-page__button read-more-link\">En savoir plus<\/a>\n                        \n                    <\/div>\n                <\/div>\n                \n            <\/div>\n\n        \n    \t\t\t\t<\/div>\n\t\t\t\t\t<\/div>\n\t\t<\/div>\n\t\t\t\t<div class=\"elementor-column elementor-col-33 elementor-top-column elementor-element elementor-element-c0e9779\" data-id=\"c0e9779\" data-element_type=\"column\" data-e-type=\"column\">\n\t\t\t<div class=\"elementor-widget-wrap elementor-element-populated\">\n\t\t\t\t\t\t<div class=\"elementor-element elementor-element-f98c7b9 elementor-invisible elementor-widget elementor-widget-qt-featured-page\" data-id=\"f98c7b9\" data-element_type=\"widget\" data-e-type=\"widget\" data-settings=\"{&quot;_animation&quot;:&quot;bounceIn&quot;}\" data-widget_type=\"qt-featured-page.default\">\n\t\t\t\t\t\n        \n            <div class=\"featured-page\">\n                                \n                                    <a href=\"https:\/\/www.autopro1.be\/index.php\/services\/perfomance\/\" class=\"featured-page__image\">\n                        <img loading=\"lazy\" decoding=\"async\" width=\"850\" height=\"560\" src=\"https:\/\/www.autopro1.be\/wp-content\/uploads\/2026\/03\/performance.jpg\" class=\"attachment-autolane-qt-featured-l size-autolane-qt-featured-l\" alt=\"Performance\" srcset=\"https:\/\/www.autopro1.be\/wp-content\/uploads\/2026\/03\/performance.jpg 850w, https:\/\/www.autopro1.be\/wp-content\/uploads\/2026\/03\/performance-300x198.jpg 300w, https:\/\/www.autopro1.be\/wp-content\/uploads\/2026\/03\/performance-768x506.jpg 768w, https:\/\/www.autopro1.be\/wp-content\/uploads\/2026\/03\/performance-360x237.jpg 360w, https:\/\/www.autopro1.be\/wp-content\/uploads\/2026\/03\/performance-600x395.jpg 600w\" sizes=\"(min-width: 781px) 280px, calc(100vw - 30px)\" \/>                    <\/a>\n                \n                <div class=\"featured-page__wrapper\">\n                    <div class=\"featured-page__content\">\n\n                                                    <span class=\"featured-page__label\">125 \u20ac\/h<\/span>\n                        \n                        <h5 class=\"featured-page__title\">\n                            <a href=\"https:\/\/www.autopro1.be\/index.php\/services\/perfomance\/\">Performance<\/a>\n                        <\/h5>\n\n                                                    <p>Nous proposons une vaste gamme de produits de performance, notamment des composants d&#039;optimisation pour moteur, transmission&hellip;<\/p>\n                        \n                                                    <a href=\"https:\/\/www.autopro1.be\/index.php\/services\/perfomance\/\" class=\"featured-page__button read-more-link\">En savoir plus<\/a>\n                        \n                    <\/div>\n                <\/div>\n                \n            <\/div>\n\n        \n    \t\t\t\t<\/div>\n\t\t\t\t\t<\/div>\n\t\t<\/div>\n\t\t\t\t\t<\/div>\n\t\t<\/section>\n\t\t\t\t<\/div>\n\t\t","protected":false},"excerpt":{"rendered":"<p>A\/C Services The air conditioning system or your car is a sealed system. In closed systems the only way you lose fluid is when you have a leak&hellip; En savoir plus R\u00e9paration de freins When it comes to brakes you shouldn\u2019t wait until brake repairs are needed. If the owner continues to drive the vehicle&hellip;<\/p>\n","protected":false},"author":1,"featured_media":0,"parent":0,"menu_order":0,"comment_status":"closed","ping_status":"closed","template":"","meta":{"_acf_changed":false,"footnotes":""},"class_list":["post-2139","page","type-page","status-publish","hentry"],"acf":[],"_links":{"self":[{"href":"https:\/\/www.autopro1.be\/index.php\/wp-json\/wp\/v2\/pages\/2139","targetHints":{"allow":["GET"]}}],"collection":[{"href":"https:\/\/www.autopro1.be\/index.php\/wp-json\/wp\/v2\/pages"}],"about":[{"href":"https:\/\/www.autopro1.be\/index.php\/wp-json\/wp\/v2\/types\/page"}],"author":[{"embeddable":true,"href":"https:\/\/www.autopro1.be\/index.php\/wp-json\/wp\/v2\/users\/1"}],"replies":[{"embeddable":true,"href":"https:\/\/www.autopro1.be\/index.php\/wp-json\/wp\/v2\/comments?post=2139"}],"version-history":[{"count":40,"href":"https:\/\/www.autopro1.be\/index.php\/wp-json\/wp\/v2\/pages\/2139\/revisions"}],"predecessor-version":[{"id":2549,"href":"https:\/\/www.autopro1.be\/index.php\/wp-json\/wp\/v2\/pages\/2139\/revisions\/2549"}],"wp:attachment":[{"href":"https:\/\/www.autopro1.be\/index.php\/wp-json\/wp\/v2\/media?parent=2139"}],"curies":[{"name":"wp","href":"https:\/\/api.w.org\/{rel}","templated":true}]}}