{"id":19,"date":"2021-03-11T14:18:25","date_gmt":"2021-03-11T14:18:25","guid":{"rendered":"http:\/\/autolane.qreativethemes.com\/?page_id=19"},"modified":"2026-03-06T00:23:37","modified_gmt":"2026-03-06T00:23:37","slug":"a-c-services","status":"publish","type":"page","link":"https:\/\/www.autopro1.be\/index.php\/services\/a-c-services\/","title":{"rendered":"Climatisation"},"content":{"rendered":"\t\t<div data-elementor-type=\"wp-page\" data-elementor-id=\"19\" class=\"elementor elementor-19\">\n\t\t\t\t\t\t<section class=\"elementor-section elementor-top-section elementor-element elementor-element-bcc26c6 elementor-section-boxed elementor-section-height-default elementor-section-height-default\" data-id=\"bcc26c6\" data-element_type=\"section\" data-e-type=\"section\">\n\t\t\t\t\t\t<div class=\"elementor-container elementor-column-gap-default\">\n\t\t\t\t\t<div class=\"elementor-column elementor-col-50 elementor-top-column elementor-element elementor-element-2d5e1ee\" data-id=\"2d5e1ee\" data-element_type=\"column\" data-e-type=\"column\">\n\t\t\t<div class=\"elementor-widget-wrap elementor-element-populated\">\n\t\t\t\t\t\t<div class=\"elementor-element elementor-element-c9165eb elementor-invisible elementor-widget elementor-widget-text-editor\" data-id=\"c9165eb\" data-element_type=\"widget\" data-e-type=\"widget\" data-settings=\"{&quot;_animation&quot;:&quot;fadeIn&quot;}\" data-widget_type=\"text-editor.default\">\n\t\t\t\t\t\t\t\t\t<h3>\u00c0 quelle fr\u00e9quence dois-je faire entretenir<br \/>le syst\u00e8me de climatisation de mon v\u00e9hicule\u00a0?<\/h3><p>Le syst\u00e8me de climatisation de votre voiture est un syst\u00e8me \u00e9tanche. Dans un syst\u00e8me ferm\u00e9, la seule source de perte de liquide est une fuite. Il est recommand\u00e9 de faire v\u00e9rifier et recharger la climatisation environ tous les trois ans, m\u00eame si elle semble fonctionner correctement.<\/p>\t\t\t\t\t\t\t\t<\/div>\n\t\t\t\t<div class=\"elementor-element elementor-element-1abf1e5 elementor-invisible elementor-widget elementor-widget-text-editor\" data-id=\"1abf1e5\" data-element_type=\"widget\" data-e-type=\"widget\" data-settings=\"{&quot;_animation&quot;:&quot;fadeIn&quot;}\" data-widget_type=\"text-editor.default\">\n\t\t\t\t\t\t\t\t\t<h3>Laissez-nous vous aider \u00e0 r\u00e9parer votre voiture<\/h3><p>Le syst\u00e8me de climatisation de votre v\u00e9hicule transforme constamment le fluide frigorig\u00e8ne de l&rsquo;\u00e9tat liquide \u00e0 l&rsquo;\u00e9tat de vapeur froide, puis \u00e0 l&rsquo;\u00e9tat de gaz chaud, et enfin de nouveau \u00e0 l&rsquo;\u00e9tat liquide. Ce cycle se r\u00e9p\u00e8te sans cesse. Les causes les plus fr\u00e9quentes de panne d&rsquo;un syst\u00e8me de climatisation sont les fuites et les probl\u00e8mes de compresseur.<\/p><p>Si votre climatiseur souffle de l&rsquo;air frais mais pas froid, le probl\u00e8me peut provenir d&rsquo;un filtre ou d&rsquo;un ventilateur de refroidissement obstru\u00e9.<\/p>\t\t\t\t\t\t\t\t<\/div>\n\t\t\t\t\t<\/div>\n\t\t<\/div>\n\t\t\t\t<div class=\"elementor-column elementor-col-50 elementor-top-column elementor-element elementor-element-81ec20c\" data-id=\"81ec20c\" data-element_type=\"column\" data-e-type=\"column\" data-settings=\"{&quot;background_background&quot;:&quot;classic&quot;}\">\n\t\t\t<div class=\"elementor-widget-wrap elementor-element-populated\">\n\t\t\t\t\t\t<div class=\"elementor-element elementor-element-1e9d565 elementor-invisible elementor-widget elementor-widget-qt-pricing-table\" data-id=\"1e9d565\" data-element_type=\"widget\" data-e-type=\"widget\" data-settings=\"{&quot;_animation&quot;:&quot;fadeIn&quot;}\" data-widget_type=\"qt-pricing-table.default\">\n\t\t\t\t\t\n        <div class=\"pricing-table\">\n\n            \n                            <h5 class=\"pricing-table__title\">V\u00e9rification des performances du climatiseur<\/h5>\n            \n                            <span class=\"pricing-table__subtitle\">Si l&#039;efficacit\u00e9 du climatiseur est discutable<\/span>\n            \n            <div class=\"pricing-table__pricing\">\n\n                                    <span class=\"pricing-table__currency\">\u20ac<\/span>\n                \n                                    <span class=\"pricing-table__price\">150<\/span>\n                                \n                                    <span class=\"pricing-table__after__price\">\/ une seule fois<\/span>\n                \n            <\/div>\n\n                            <div class=\"pricing-table__label\">\n                    Les prix incluent les taux horaires                <\/div>\n            \n                            <div class=\"pricing-table__button\">\n                    <a href=\"https:\/\/autolane.qreativethemes.com\/book-appointment\/\" class=\"btn btn-default\">Prendre rendez-vous<\/a>\n                <\/div>\n            \n            \n                <div class=\"pricing-table__content\">\n\n                                            <span class=\"pricing-table__content__title\">Services inclus :<\/span>\n                    \n                                            <div class=\"pricing-table__included\">\n                            <ul>\n                                                                        <li>\n                                                                                            <i aria-hidden=\"true\" class=\"fas fa-arrow-circle-right\"><\/i>                                                                                        Inspection visuelle des composants du climatiseur                                        <\/li>\n                                                                                <li>\n                                                                                            <i aria-hidden=\"true\" class=\"fas fa-arrow-circle-right\"><\/i>                                                                                        Test de l'\u00e9tat de charge du syst\u00e8me                                        <\/li>\n                                                                                <li>\n                                                                                            <i aria-hidden=\"true\" class=\"fas fa-arrow-circle-right\"><\/i>                                                                                        Un test d'\u00e9tanch\u00e9it\u00e9 \u00e0 l'aide d'un d\u00e9tecteur de fuites \u00e9lectronique homologu\u00e9                                        <\/li>\n                                                                                <li>\n                                                                                            <i aria-hidden=\"true\" class=\"fas fa-arrow-circle-right\"><\/i>                                                                                        Test de contr\u00f4le du syst\u00e8me                                        <\/li>\n                                                                    <\/ul>\n                        <\/div>\n                    \n                    \n                <\/div>\n\n            \n        <\/div>\n\n        \t\t\t\t<\/div>\n\t\t\t\t\t<\/div>\n\t\t<\/div>\n\t\t\t\t\t<\/div>\n\t\t<\/section>\n\t\t\t\t<section class=\"elementor-section elementor-top-section elementor-element elementor-element-cc6af46 elementor-section-content-middle elementor-section-boxed elementor-section-height-default elementor-section-height-default\" data-id=\"cc6af46\" data-element_type=\"section\" data-e-type=\"section\">\n\t\t\t\t\t\t<div class=\"elementor-container elementor-column-gap-default\">\n\t\t\t\t\t<div class=\"elementor-column elementor-col-50 elementor-top-column elementor-element elementor-element-d60673d\" data-id=\"d60673d\" data-element_type=\"column\" data-e-type=\"column\">\n\t\t\t<div class=\"elementor-widget-wrap elementor-element-populated\">\n\t\t\t\t\t\t<div class=\"elementor-element elementor-element-967a931 elementor-invisible elementor-widget elementor-widget-image\" data-id=\"967a931\" data-element_type=\"widget\" data-e-type=\"widget\" data-settings=\"{&quot;_animation&quot;:&quot;fadeIn&quot;}\" data-widget_type=\"image.default\">\n\t\t\t\t\t\t\t\t\t\t\t\t\t\t\t\t<a href=\"http:\/\/www.autopro1.be\/wp-content\/uploads\/2026\/03\/ac-services-1.jpg\" data-elementor-open-lightbox=\"yes\" data-elementor-lightbox-title=\"ac-services (1)\" data-e-action-hash=\"#elementor-action%3Aaction%3Dlightbox%26settings%3DeyJpZCI6MjQ2OCwidXJsIjoiaHR0cHM6XC9cL3d3dy5hdXRvcHJvMS5iZVwvd3AtY29udGVudFwvdXBsb2Fkc1wvMjAyNlwvMDNcL2FjLXNlcnZpY2VzLTEuanBnIn0%3D\">\n\t\t\t\t\t\t\t<img fetchpriority=\"high\" decoding=\"async\" width=\"850\" height=\"560\" src=\"https:\/\/www.autopro1.be\/wp-content\/uploads\/2026\/03\/ac-services-1.jpg\" class=\"attachment-full size-full wp-image-2468\" alt=\"\" srcset=\"https:\/\/www.autopro1.be\/wp-content\/uploads\/2026\/03\/ac-services-1.jpg 850w, https:\/\/www.autopro1.be\/wp-content\/uploads\/2026\/03\/ac-services-1-300x198.jpg 300w, https:\/\/www.autopro1.be\/wp-content\/uploads\/2026\/03\/ac-services-1-768x506.jpg 768w, https:\/\/www.autopro1.be\/wp-content\/uploads\/2026\/03\/ac-services-1-360x237.jpg 360w, https:\/\/www.autopro1.be\/wp-content\/uploads\/2026\/03\/ac-services-1-600x395.jpg 600w\" sizes=\"(max-width: 850px) 100vw, 850px\" \/>\t\t\t\t\t\t\t\t<\/a>\n\t\t\t\t\t\t\t\t\t\t\t\t\t\t\t<\/div>\n\t\t\t\t\t<\/div>\n\t\t<\/div>\n\t\t\t\t<div class=\"elementor-column elementor-col-50 elementor-top-column elementor-element elementor-element-5a98b83\" data-id=\"5a98b83\" data-element_type=\"column\" data-e-type=\"column\" data-settings=\"{&quot;background_background&quot;:&quot;classic&quot;}\">\n\t\t\t<div class=\"elementor-widget-wrap elementor-element-populated\">\n\t\t\t\t\t\t<div class=\"elementor-element elementor-element-4011949 elementor-invisible elementor-widget elementor-widget-image\" data-id=\"4011949\" data-element_type=\"widget\" data-e-type=\"widget\" data-settings=\"{&quot;_animation&quot;:&quot;fadeIn&quot;}\" data-widget_type=\"image.default\">\n\t\t\t\t\t\t\t\t\t\t\t\t\t\t\t\t<a href=\"http:\/\/www.autopro1.be\/wp-content\/uploads\/2026\/03\/ac-services-2.jpg\" data-elementor-open-lightbox=\"yes\" data-elementor-lightbox-title=\"ac-services-2\" data-e-action-hash=\"#elementor-action%3Aaction%3Dlightbox%26settings%3DeyJpZCI6MjQ2OSwidXJsIjoiaHR0cHM6XC9cL3d3dy5hdXRvcHJvMS5iZVwvd3AtY29udGVudFwvdXBsb2Fkc1wvMjAyNlwvMDNcL2FjLXNlcnZpY2VzLTIuanBnIn0%3D\">\n\t\t\t\t\t\t\t<img decoding=\"async\" width=\"850\" height=\"560\" src=\"https:\/\/www.autopro1.be\/wp-content\/uploads\/2026\/03\/ac-services-2.jpg\" class=\"attachment-full size-full wp-image-2469\" alt=\"\" srcset=\"https:\/\/www.autopro1.be\/wp-content\/uploads\/2026\/03\/ac-services-2.jpg 850w, https:\/\/www.autopro1.be\/wp-content\/uploads\/2026\/03\/ac-services-2-300x198.jpg 300w, https:\/\/www.autopro1.be\/wp-content\/uploads\/2026\/03\/ac-services-2-768x506.jpg 768w, https:\/\/www.autopro1.be\/wp-content\/uploads\/2026\/03\/ac-services-2-360x237.jpg 360w, https:\/\/www.autopro1.be\/wp-content\/uploads\/2026\/03\/ac-services-2-600x395.jpg 600w\" sizes=\"(max-width: 850px) 100vw, 850px\" \/>\t\t\t\t\t\t\t\t<\/a>\n\t\t\t\t\t\t\t\t\t\t\t\t\t\t\t<\/div>\n\t\t\t\t\t<\/div>\n\t\t<\/div>\n\t\t\t\t\t<\/div>\n\t\t<\/section>\n\t\t\t\t<section class=\"elementor-section elementor-top-section elementor-element elementor-element-20fcaee elementor-section-content-middle elementor-section-boxed elementor-section-height-default elementor-section-height-default elementor-invisible\" data-id=\"20fcaee\" data-element_type=\"section\" data-e-type=\"section\" data-settings=\"{&quot;background_background&quot;:&quot;classic&quot;,&quot;animation&quot;:&quot;fadeIn&quot;}\">\n\t\t\t\t\t\t\t<div class=\"elementor-background-overlay\"><\/div>\n\t\t\t\t\t\t\t<div class=\"elementor-container elementor-column-gap-extended\">\n\t\t\t\t\t<div class=\"elementor-column elementor-col-50 elementor-top-column elementor-element elementor-element-b7bdd18 elementor-invisible\" data-id=\"b7bdd18\" data-element_type=\"column\" data-e-type=\"column\" data-settings=\"{&quot;animation&quot;:&quot;fadeIn&quot;,&quot;animation_delay&quot;:200}\">\n\t\t\t<div class=\"elementor-widget-wrap elementor-element-populated\">\n\t\t\t\t\t\t<div class=\"elementor-element elementor-element-81b29e2 elementor-widget elementor-widget-text-editor\" data-id=\"81b29e2\" data-element_type=\"widget\" data-e-type=\"widget\" data-widget_type=\"text-editor.default\">\n\t\t\t\t\t\t\t\t\t<h3>Principaux avantages du service<\/h3><p>Faire entretenir r\u00e9guli\u00e8rement votre voiture vous permet de vous assurer que tout fonctionne correctement et aussi d&rsquo;\u00e9viter de tels probl\u00e8mes avant qu&rsquo;ils ne surviennent.<\/p>\t\t\t\t\t\t\t\t<\/div>\n\t\t\t\t<div class=\"elementor-element elementor-element-e430e1a elementor-icon-list--layout-traditional elementor-list-item-link-full_width elementor-widget elementor-widget-icon-list\" data-id=\"e430e1a\" data-element_type=\"widget\" data-e-type=\"widget\" data-widget_type=\"icon-list.default\">\n\t\t\t\t\t\t\t<ul class=\"elementor-icon-list-items\">\n\t\t\t\t\t\t\t<li class=\"elementor-icon-list-item\">\n\t\t\t\t\t\t\t\t\t\t\t<span class=\"elementor-icon-list-icon\">\n\t\t\t\t\t\t\t<i aria-hidden=\"true\" class=\"fas fa-check-circle\"><\/i>\t\t\t\t\t\t<\/span>\n\t\t\t\t\t\t\t\t\t\t<span class=\"elementor-icon-list-text\">Des services sp\u00e9cialis\u00e9s, adapt\u00e9s \u00e0 vos besoins<\/span>\n\t\t\t\t\t\t\t\t\t<\/li>\n\t\t\t\t\t\t\t\t<li class=\"elementor-icon-list-item\">\n\t\t\t\t\t\t\t\t\t\t\t<span class=\"elementor-icon-list-icon\">\n\t\t\t\t\t\t\t<i aria-hidden=\"true\" class=\"fas fa-check-circle\"><\/i>\t\t\t\t\t\t<\/span>\n\t\t\t\t\t\t\t\t\t\t<span class=\"elementor-icon-list-text\">Produits chimiques 100% respectueux de l'environnement<\/span>\n\t\t\t\t\t\t\t\t\t<\/li>\n\t\t\t\t\t\t\t\t<li class=\"elementor-icon-list-item\">\n\t\t\t\t\t\t\t\t\t\t\t<span class=\"elementor-icon-list-icon\">\n\t\t\t\t\t\t\t<i aria-hidden=\"true\" class=\"fas fa-check-circle\"><\/i>\t\t\t\t\t\t<\/span>\n\t\t\t\t\t\t\t\t\t\t<span class=\"elementor-icon-list-text\">Des services dignes de confiance, fiables et ponctuels<\/span>\n\t\t\t\t\t\t\t\t\t<\/li>\n\t\t\t\t\t\t\t\t<li class=\"elementor-icon-list-item\">\n\t\t\t\t\t\t\t\t\t\t\t<span class=\"elementor-icon-list-icon\">\n\t\t\t\t\t\t\t<i aria-hidden=\"true\" class=\"fas fa-check-circle\"><\/i>\t\t\t\t\t\t<\/span>\n\t\t\t\t\t\t\t\t\t\t<span class=\"elementor-icon-list-text\">Nous fournissons tous les \u00e9quipements et solutions automobiles.<\/span>\n\t\t\t\t\t\t\t\t\t<\/li>\n\t\t\t\t\t\t<\/ul>\n\t\t\t\t\t\t<\/div>\n\t\t\t\t\t<\/div>\n\t\t<\/div>\n\t\t\t\t<div class=\"elementor-column elementor-col-50 elementor-top-column elementor-element elementor-element-05b292c elementor-invisible\" data-id=\"05b292c\" data-element_type=\"column\" data-e-type=\"column\" data-settings=\"{&quot;animation&quot;:&quot;fadeIn&quot;,&quot;animation_delay&quot;:300}\">\n\t\t\t<div class=\"elementor-widget-wrap elementor-element-populated\">\n\t\t\t\t\t\t<div class=\"elementor-element elementor-element-dd11d27 elementor-widget elementor-widget-qt-icon-box\" data-id=\"dd11d27\" data-element_type=\"widget\" data-e-type=\"widget\" data-widget_type=\"qt-icon-box.default\">\n\t\t\t\t\t            <div class=\"icon-box icon-left align-left layout-2 underline-hover\">\n        \n                    <div class=\"icon-box__icon\">\n                <i aria-hidden=\"true\" class=\"fas fa-wind\"><\/i>            <\/div>\n        \n        <div class=\"icon-box__content\">\n                            <h5 class=\"icon-box__heading\">Plus confortable<\/h5>\n            \n                            <p>Tout le monde souhaite un voyage facile et confortable<\/p>\n            \n                    <\/div>\n\n        <\/div>\n        \n    \t\t\t\t<\/div>\n\t\t\t\t<div class=\"elementor-element elementor-element-54382f1 elementor-widget elementor-widget-qt-icon-box\" data-id=\"54382f1\" data-element_type=\"widget\" data-e-type=\"widget\" data-widget_type=\"qt-icon-box.default\">\n\t\t\t\t\t            <div class=\"icon-box icon-left align-left layout-2 underline-hover\">\n        \n                    <div class=\"icon-box__icon\">\n                <i aria-hidden=\"true\" class=\"fas fa-chart-line\"><\/i>            <\/div>\n        \n        <div class=\"icon-box__content\">\n                            <h5 class=\"icon-box__heading\">Am\u00e9liorer l&#039;efficacit\u00e9<\/h5>\n            \n                            <p>Sp\u00e9cialis\u00e9s dans la r\u00e9paration automobile, nous effectuons les r\u00e9parations correctement du premier coup.<\/p>\n            \n                    <\/div>\n\n        <\/div>\n        \n    \t\t\t\t<\/div>\n\t\t\t\t\t<\/div>\n\t\t<\/div>\n\t\t\t\t\t<\/div>\n\t\t<\/section>\n\t\t\t\t<section class=\"elementor-section elementor-top-section elementor-element elementor-element-2306b0d elementor-section-boxed elementor-section-height-default elementor-section-height-default\" data-id=\"2306b0d\" data-element_type=\"section\" data-e-type=\"section\">\n\t\t\t\t\t\t<div class=\"elementor-container elementor-column-gap-extended\">\n\t\t\t\t\t<div class=\"elementor-column elementor-col-100 elementor-top-column elementor-element elementor-element-0e31fed\" data-id=\"0e31fed\" data-element_type=\"column\" data-e-type=\"column\">\n\t\t\t<div class=\"elementor-widget-wrap elementor-element-populated\">\n\t\t\t\t\t\t<div class=\"elementor-element elementor-element-0d413e3 elementor-invisible elementor-widget elementor-widget-heading\" data-id=\"0d413e3\" data-element_type=\"widget\" data-e-type=\"widget\" data-settings=\"{&quot;_animation&quot;:&quot;fadeIn&quot;}\" data-widget_type=\"heading.default\">\n\t\t\t\t\t<h2 class=\"elementor-heading-title elementor-size-default\">Foire aux questions<\/h2>\t\t\t\t<\/div>\n\t\t\t\t<div class=\"elementor-element elementor-element-bbb7d72 elementor-invisible elementor-widget elementor-widget-qt-accordion\" data-id=\"bbb7d72\" data-element_type=\"widget\" data-e-type=\"widget\" data-settings=\"{&quot;_animation&quot;:&quot;fadeIn&quot;}\" data-widget_type=\"qt-accordion.default\">\n\t\t\t\t\t\n        <div class=\"accordion\" id=\"accordion-0\" data-panel=\"accordion-0\">\n\n            \n                <div class=\"accordion__panel\">\n                    <div class=\"accordion__heading\">\n                        <h6 class=\"accordion__title\">\n                            <a class=\"accordion__toggle\" data-toggle=\"collapse\" data-parent=\"#accordion-0\" href=\"#collapse_0\" aria-expanded=\"true\">Que couvrent les garanties prolong\u00e9es\u00a0?                            <\/a>\n                        <\/h6>\n                    <\/div>\n\n                    <div id=\"collapse_0\" class=\"accordion__content collapse show\" aria-label=\"Que couvrent les garanties prolong\u00e9es\u00a0?\" data-parent=\"#accordion-0\">\n                        <div class=\"accordion__body\"><p>Une garantie prolong\u00e9e est en r\u00e9alit\u00e9 une assurance pour votre v\u00e9hicule, une protection contre les r\u00e9parations co\u00fbteuses et impr\u00e9vues. Elle couvre les r\u00e9parations pendant une p\u00e9riode et un kilom\u00e9trage convenus. Les garanties compl\u00e8tes, en revanche, sont incluses dans le prix du produit.<\/p>\n<\/div>\n                    <\/div>\n                <\/div>\n\n            \n                <div class=\"accordion__panel\">\n                    <div class=\"accordion__heading\">\n                        <h6 class=\"accordion__title\">\n                            <a class=\"accordion__toggle\" data-toggle=\"collapse\" data-parent=\"#accordion-0\" href=\"#collapse_1\" aria-expanded=\"false\">Comment v\u00e9rifier le niveau d'huile de transmission\u00a0?                            <\/a>\n                        <\/h6>\n                    <\/div>\n\n                    <div id=\"collapse_1\" class=\"accordion__content collapse\" aria-label=\"Comment v\u00e9rifier le niveau d&#039;huile de transmission\u00a0?\" data-parent=\"#accordion-0\">\n                        <div class=\"accordion__body\"><p>Il est recommand\u00e9 de vidanger l'huile de transmission tous les 96\u00a0000 kilom\u00e8tres. En respectant les recommandations du constructeur concernant la vidange de l'huile de transmission, vous prot\u00e9gez efficacement votre v\u00e9hicule contre les dommages \u00e9vitables (et co\u00fbteux) \u00e0 la transmission.<\/p>\n<\/div>\n                    <\/div>\n                <\/div>\n\n            \n                <div class=\"accordion__panel\">\n                    <div class=\"accordion__heading\">\n                        <h6 class=\"accordion__title\">\n                            <a class=\"accordion__toggle\" data-toggle=\"collapse\" data-parent=\"#accordion-0\" href=\"#collapse_2\" aria-expanded=\"false\">\u00c0 quelle fr\u00e9quence dois-je changer mon huile moteur ?                            <\/a>\n                        <\/h6>\n                    <\/div>\n\n                    <div id=\"collapse_2\" class=\"accordion__content collapse\" aria-label=\"\u00c0 quelle fr\u00e9quence dois-je changer mon huile moteur ?\" data-parent=\"#accordion-0\">\n                        <div class=\"accordion__body\"><p>Si votre v\u00e9hicule utilise de l'huile min\u00e9rale, la vidange doit \u00eatre effectu\u00e9e tous les 3 mois ou 5\u00a0000 kilom\u00e8tres.<\/p>\n<p>Si votre v\u00e9hicule utilise de l'huile synth\u00e9tique, la vidange doit \u00eatre effectu\u00e9e tous les 6 mois ou 8\u00a0000 kilom\u00e8tres.<\/p>\n<\/div>\n                    <\/div>\n                <\/div>\n\n            \n                <div class=\"accordion__panel\">\n                    <div class=\"accordion__heading\">\n                        <h6 class=\"accordion__title\">\n                            <a class=\"accordion__toggle\" data-toggle=\"collapse\" data-parent=\"#accordion-0\" href=\"#collapse_3\" aria-expanded=\"false\">Quels sont les crit\u00e8res \u00e0 prendre en compte lors de l'achat d'une batterie automobile\u00a0?                            <\/a>\n                        <\/h6>\n                    <\/div>\n\n                    <div id=\"collapse_3\" class=\"accordion__content collapse\" aria-label=\"Quels sont les crit\u00e8res \u00e0 prendre en compte lors de l&#039;achat d&#039;une batterie automobile\u00a0?\" data-parent=\"#accordion-0\">\n                        <div class=\"accordion__body\"><p>La dur\u00e9e de vie id\u00e9ale d'une batterie de voiture est de 3 \u00e0 5 ans, selon plusieurs facteurs.<\/p>\n<p>Pour garantir des performances optimales et un entretien ad\u00e9quat, faites v\u00e9rifier votre batterie par un technicien \u00e0 chaque vidange.<\/p>\n<\/div>\n                    <\/div>\n                <\/div>\n\n            \n                <div class=\"accordion__panel\">\n                    <div class=\"accordion__heading\">\n                        <h6 class=\"accordion__title\">\n                            <a class=\"accordion__toggle\" data-toggle=\"collapse\" data-parent=\"#accordion-0\" href=\"#collapse_4\" aria-expanded=\"false\">Qu'est-ce qui distingue les techniciens de service certifi\u00e9s ?                            <\/a>\n                        <\/h6>\n                    <\/div>\n\n                    <div id=\"collapse_4\" class=\"accordion__content collapse\" aria-label=\"Qu&#039;est-ce qui distingue les techniciens de service certifi\u00e9s ?\" data-parent=\"#accordion-0\">\n                        <div class=\"accordion__body\"><p>Les techniciens automobiles certifi\u00e9s sont soumis \u00e0 des normes rigoureuses et mesurables dans leur domaine, et ils sont responsables individuellement du respect de ces normes.<\/p>\n<p>Autolane s'engage \u00e0 faire respecter ces normes.<\/p>\n<\/div>\n                    <\/div>\n                <\/div>\n\n            \n            \n        <\/div>\n        \n    \t\t\t\t<\/div>\n\t\t\t\t\t<\/div>\n\t\t<\/div>\n\t\t\t\t\t<\/div>\n\t\t<\/section>\n\t\t\t\t<\/div>\n\t\t","protected":false},"excerpt":{"rendered":"<p>Le syst\u00e8me de climatisation de votre voiture est un syst\u00e8me \u00e9tanche. Dans un syst\u00e8me ferm\u00e9, la seule fa\u00e7on de perdre du liquide est en cas de fuite.<\/p>\n","protected":false},"author":1,"featured_media":2533,"parent":2139,"menu_order":0,"comment_status":"closed","ping_status":"closed","template":"","meta":{"_acf_changed":false,"footnotes":""},"class_list":["post-19","page","type-page","status-publish","has-post-thumbnail","hentry"],"acf":[],"_links":{"self":[{"href":"https:\/\/www.autopro1.be\/index.php\/wp-json\/wp\/v2\/pages\/19","targetHints":{"allow":["GET"]}}],"collection":[{"href":"https:\/\/www.autopro1.be\/index.php\/wp-json\/wp\/v2\/pages"}],"about":[{"href":"https:\/\/www.autopro1.be\/index.php\/wp-json\/wp\/v2\/types\/page"}],"author":[{"embeddable":true,"href":"https:\/\/www.autopro1.be\/index.php\/wp-json\/wp\/v2\/users\/1"}],"replies":[{"embeddable":true,"href":"https:\/\/www.autopro1.be\/index.php\/wp-json\/wp\/v2\/comments?post=19"}],"version-history":[{"count":22,"href":"https:\/\/www.autopro1.be\/index.php\/wp-json\/wp\/v2\/pages\/19\/revisions"}],"predecessor-version":[{"id":2613,"href":"https:\/\/www.autopro1.be\/index.php\/wp-json\/wp\/v2\/pages\/19\/revisions\/2613"}],"up":[{"embeddable":true,"href":"https:\/\/www.autopro1.be\/index.php\/wp-json\/wp\/v2\/pages\/2139"}],"wp:featuredmedia":[{"embeddable":true,"href":"https:\/\/www.autopro1.be\/index.php\/wp-json\/wp\/v2\/media\/2533"}],"wp:attachment":[{"href":"https:\/\/www.autopro1.be\/index.php\/wp-json\/wp\/v2\/media?parent=19"}],"curies":[{"name":"wp","href":"https:\/\/api.w.org\/{rel}","templated":true}]}}